{"id":1851,"date":"2022-06-29T12:50:22","date_gmt":"2022-06-29T10:50:22","guid":{"rendered":"https:\/\/bodhivita.cat\/alberto-tura\/"},"modified":"2025-11-05T17:34:39","modified_gmt":"2025-11-05T15:34:39","slug":"alberto-tura","status":"publish","type":"page","link":"https:\/\/bodhivita.cat\/es\/alberto-tura\/","title":{"rendered":"Alberto Tura"},"content":{"rendered":"\t\t<div data-elementor-type=\"wp-page\" data-elementor-id=\"1851\" class=\"elementor elementor-1851 elementor-956\" data-elementor-post-type=\"page\">\n\t\t\t\t\t\t<section class=\"elementor-section elementor-top-section elementor-element elementor-element-219baf30 elementor-section-boxed elementor-section-height-default elementor-section-height-default\" data-id=\"219baf30\" data-element_type=\"section\" data-e-type=\"section\">\n\t\t\t\t\t\t<div class=\"elementor-container elementor-column-gap-default\">\n\t\t\t\t\t<div class=\"elementor-column elementor-col-33 elementor-top-column elementor-element elementor-element-1899b837\" data-id=\"1899b837\" data-element_type=\"column\" data-e-type=\"column\">\n\t\t\t<div class=\"elementor-widget-wrap elementor-element-populated\">\n\t\t\t\t\t\t<div class=\"elementor-element elementor-element-2c5e7afd elementor-widget elementor-widget-image\" data-id=\"2c5e7afd\" data-element_type=\"widget\" data-e-type=\"widget\" data-widget_type=\"image.default\">\n\t\t\t\t\t\t\t\t\t\t\t\t\t\t\t<img fetchpriority=\"high\" decoding=\"async\" width=\"800\" height=\"800\" src=\"https:\/\/bodhivita.cat\/wp-content\/uploads\/2021\/03\/Alberto-Tura-Fisio-experto-MTC-scaled-e1656492708591-1024x1024.jpg\" class=\"attachment-large size-large wp-image-1798\" alt=\"\" srcset=\"https:\/\/bodhivita.cat\/wp-content\/uploads\/2021\/03\/Alberto-Tura-Fisio-experto-MTC-scaled-e1656492708591-1024x1024.jpg 1024w, https:\/\/bodhivita.cat\/wp-content\/uploads\/2021\/03\/Alberto-Tura-Fisio-experto-MTC-scaled-e1656492708591-300x300.jpg 300w, https:\/\/bodhivita.cat\/wp-content\/uploads\/2021\/03\/Alberto-Tura-Fisio-experto-MTC-scaled-e1656492708591-150x150.jpg 150w, https:\/\/bodhivita.cat\/wp-content\/uploads\/2021\/03\/Alberto-Tura-Fisio-experto-MTC-scaled-e1656492708591-768x768.jpg 768w, https:\/\/bodhivita.cat\/wp-content\/uploads\/2021\/03\/Alberto-Tura-Fisio-experto-MTC-scaled-e1656492708591.jpg 1438w\" sizes=\"(max-width: 800px) 100vw, 800px\" \/>\t\t\t\t\t\t\t\t\t\t\t\t\t\t\t<\/div>\n\t\t\t\t\t<\/div>\n\t\t<\/div>\n\t\t\t\t<div class=\"elementor-column elementor-col-66 elementor-top-column elementor-element elementor-element-68fdded9\" data-id=\"68fdded9\" data-element_type=\"column\" data-e-type=\"column\">\n\t\t\t<div class=\"elementor-widget-wrap elementor-element-populated\">\n\t\t\t\t\t\t<div class=\"elementor-element elementor-element-1f3be8aa elementor-widget elementor-widget-heading\" data-id=\"1f3be8aa\" data-element_type=\"widget\" data-e-type=\"widget\" data-widget_type=\"heading.default\">\n\t\t\t\t\t<h1 class=\"elementor-heading-title elementor-size-default\">Alberto Tura\n<\/h1>\t\t\t\t<\/div>\n\t\t\t\t<div class=\"elementor-element elementor-element-4b6a8459 elementor-widget elementor-widget-text-editor\" data-id=\"4b6a8459\" data-element_type=\"widget\" data-e-type=\"widget\" data-widget_type=\"text-editor.default\">\n\t\t\t\t\t\t\t\t\t<div class=\"sptp-member-profession\">\n<h5 class=\"sptp-member-profession\"><strong>Fisioterapeuta experto en medicina tradicional china<\/strong><\/h5>\n<\/div>\n\t\t\t\t\t\t\t\t<\/div>\n\t\t\t\t<div class=\"elementor-element elementor-element-18c8f77 elementor-widget elementor-widget-text-editor\" data-id=\"18c8f77\" data-element_type=\"widget\" data-e-type=\"widget\" data-widget_type=\"text-editor.default\">\n\t\t\t\t\t\t\t\t\t<p><span style=\"font-weight: 400;\">Soy fisioterapeuta, instructor de pilates y acupuntor. <\/span><\/p><p><span style=\"font-weight: 400;\">Complemento los conocimientos de la medicina occidental con la sabidur\u00eda ancestral de la medicina china. A trav\u00e9s de la inserci\u00f3n de peque\u00f1as y fina agujas se estimulan unos puntos con la finalidad de restablecer el equilibrio psico-f\u00edsico-emocional del paciente y recuperar su completo bienestar.<\/span><\/p><p data-start=\"116\" data-end=\"275\">Te espero en Bodhivita, un espacio de salud integrativa donde trabajamos con acupuntura para ayudarte a recuperar tu equilibrio en Sant Andreu (Barcelona).<\/p><p data-start=\"277\" data-end=\"328\"><strong><a href=\"https:\/\/bodhivita.cat\/es\/contacte\/\" target=\"_blank\" rel=\"noopener\">Contacta con nosotros o pide tu cita<\/a><\/strong> hoy mismo.<\/p>\t\t\t\t\t\t\t\t<\/div>\n\t\t\t\t\t<\/div>\n\t\t<\/div>\n\t\t\t\t\t<\/div>\n\t\t<\/section>\n\t\t\t\t<section class=\"elementor-section elementor-top-section elementor-element elementor-element-f365c9 elementor-section-boxed elementor-section-height-default elementor-section-height-default\" data-id=\"f365c9\" data-element_type=\"section\" data-e-type=\"section\">\n\t\t\t\t\t\t<div class=\"elementor-container elementor-column-gap-default\">\n\t\t\t\t\t<div class=\"elementor-column elementor-col-100 elementor-top-column elementor-element elementor-element-5f2e5dfe\" data-id=\"5f2e5dfe\" data-element_type=\"column\" data-e-type=\"column\">\n\t\t\t<div class=\"elementor-widget-wrap elementor-element-populated\">\n\t\t\t\t\t\t<div class=\"elementor-element elementor-element-e6bc083 elementor-widget elementor-widget-heading\" data-id=\"e6bc083\" data-element_type=\"widget\" data-e-type=\"widget\" data-widget_type=\"heading.default\">\n\t\t\t\t\t<h2 class=\"elementor-heading-title elementor-size-default\">Formaci\u00f3n:\n<\/h2>\t\t\t\t<\/div>\n\t\t\t\t<div class=\"elementor-element elementor-element-5e0beb4e elementor-widget elementor-widget-text-editor\" data-id=\"5e0beb4e\" data-element_type=\"widget\" data-e-type=\"widget\" data-widget_type=\"text-editor.default\">\n\t\t\t\t\t\t\t\t\t<ul><li>2015-2018 Escuela de Acupuntura y medicina tradicional china Li Ping.<\/li><li>Curs de Manipulaci\u00f3 Miofascial.<\/li><li>Curso de Pilates, Mat, Reformer, Cadillac.<\/li><li>Curso de T\u00e9cnica Pilates en el tratamiento de dolores de espalda.<\/li><li>T\u00e9cnica de Pompage facial.<\/li><li>Digitopresi\u00f3n y Masaje tradicional de Medicina china.<\/li><li>Masaje deportivo.<\/li><li>Vendaje funcional.<\/li><li>Terapia f\u00edsica (Tecarterapia, TENS, Ultrasonidos).<\/li><li>Reeducaci\u00f3n postural RPG.<\/li><li>Rehabilitaci\u00f3n en trastornos neurol\u00f3gicis concepto Bobath y Kabat.<\/li><li>2004-2007 Diplomatura en Fisioterapia para la Universidad de gli Studi di Ferrara.<\/li><\/ul><p>\u00a0<\/p>\t\t\t\t\t\t\t\t<\/div>\n\t\t\t\t\t<\/div>\n\t\t<\/div>\n\t\t\t\t\t<\/div>\n\t\t<\/section>\n\t\t\t\t<section class=\"elementor-section elementor-top-section elementor-element elementor-element-78ac39d7 elementor-section-boxed elementor-section-height-default elementor-section-height-default\" data-id=\"78ac39d7\" data-element_type=\"section\" data-e-type=\"section\">\n\t\t\t\t\t\t<div class=\"elementor-container elementor-column-gap-default\">\n\t\t\t\t\t<div class=\"elementor-column elementor-col-100 elementor-top-column elementor-element elementor-element-5784cba7\" data-id=\"5784cba7\" data-element_type=\"column\" data-e-type=\"column\">\n\t\t\t<div class=\"elementor-widget-wrap elementor-element-populated\">\n\t\t\t\t\t\t<div class=\"elementor-element elementor-element-24b8b110 elementor-widget elementor-widget-heading\" data-id=\"24b8b110\" data-element_type=\"widget\" data-e-type=\"widget\" data-widget_type=\"heading.default\">\n\t\t\t\t\t<h2 class=\"elementor-heading-title elementor-size-default\">Servicios:<\/h2>\t\t\t\t<\/div>\n\t\t\t\t<div class=\"elementor-element elementor-element-2e2322ce elementor-widget elementor-widget-text-editor\" data-id=\"2e2322ce\" data-element_type=\"widget\" data-e-type=\"widget\" data-widget_type=\"text-editor.default\">\n\t\t\t\t\t\t\t\t\t<ul>\n<li><a href=\"https:\/\/bodhivita.cat\/es\/acupuntura-mtc\/\">Acupuntura MTC<\/a><\/li>\n<\/ul>\n\t\t\t\t\t\t\t\t<\/div>\n\t\t\t\t\t<\/div>\n\t\t<\/div>\n\t\t\t\t\t<\/div>\n\t\t<\/section>\n\t\t<div class=\"elementor-element elementor-element-806d494 e-flex e-con-boxed e-con e-parent\" data-id=\"806d494\" data-element_type=\"container\" data-e-type=\"container\">\n\t\t\t\t\t<div class=\"e-con-inner\">\n\t\t\t\t<div class=\"elementor-element elementor-element-7f3c341 elementor-widget elementor-widget-heading\" data-id=\"7f3c341\" data-element_type=\"widget\" data-e-type=\"widget\" data-widget_type=\"heading.default\">\n\t\t\t\t\t<h2 class=\"elementor-heading-title elementor-size-default\">Mis art\u00edculos<\/h2>\t\t\t\t<\/div>\n\t\t\t\t\t<\/div>\n\t\t\t\t<\/div>\n\t\t<div class=\"elementor-element elementor-element-95629cd e-flex e-con-boxed e-con e-parent\" data-id=\"95629cd\" data-element_type=\"container\" data-e-type=\"container\">\n\t\t\t\t\t<div class=\"e-con-inner\">\n\t\t\t\t<div class=\"elementor-element elementor-element-343e2fe elementor-posts--align-center elementor-grid-3 elementor-grid-tablet-2 elementor-grid-mobile-1 elementor-posts--thumbnail-top elementor-card-shadow-yes elementor-posts__hover-gradient elementor-widget elementor-widget-posts\" data-id=\"343e2fe\" data-element_type=\"widget\" data-e-type=\"widget\" data-settings=\"{&quot;cards_row_gap&quot;:{&quot;unit&quot;:&quot;px&quot;,&quot;size&quot;:30,&quot;sizes&quot;:[]},&quot;cards_columns&quot;:&quot;3&quot;,&quot;cards_columns_tablet&quot;:&quot;2&quot;,&quot;cards_columns_mobile&quot;:&quot;1&quot;,&quot;cards_row_gap_tablet&quot;:{&quot;unit&quot;:&quot;px&quot;,&quot;size&quot;:&quot;&quot;,&quot;sizes&quot;:[]},&quot;cards_row_gap_mobile&quot;:{&quot;unit&quot;:&quot;px&quot;,&quot;size&quot;:&quot;&quot;,&quot;sizes&quot;:[]}}\" data-widget_type=\"posts.cards\">\n\t\t\t\t<div class=\"elementor-widget-container\">\n\t\t\t\t\t\t\t<div class=\"elementor-posts-container elementor-posts elementor-posts--skin-cards elementor-grid\" role=\"list\">\n\t\t\t\t<article class=\"elementor-post elementor-grid-item post-3245 post type-post status-publish format-standard has-post-thumbnail hentry category-fertilidad category-medicina-tradicional-china tag-acupuntura-barcelona tag-acupuntura-fertilidad tag-acupuntura-reproductiva tag-acupuntura-san-andreo tag-bienestar-femenino tag-calidad-ovocitaria tag-ciclo-menstrual tag-concepcion-natural tag-equilibrio-hormonal tag-fertilidad-natural tag-implantacion-embrionaria tag-medicina-china-san-andreo tag-medicina-tradicional-china-2 tag-mtc tag-ovulacion tag-preparacion-para-el-embarazo tag-salud-reproductiva-femenina\" role=\"listitem\">\n\t\t\t<div class=\"elementor-post__card\">\n\t\t\t\t<a class=\"elementor-post__thumbnail__link\" href=\"https:\/\/bodhivita.cat\/es\/acupuntura-y-fertilidad-el-poder-de-la-medicina-tradicional-china-para-ayudar-a-concebir\/\" tabindex=\"-1\" ><div class=\"elementor-post__thumbnail\"><img decoding=\"async\" src=\"https:\/\/bodhivita.cat\/wp-content\/uploads\/2025\/09\/acupuntura-fertilitat-sant-andreu-barcelona-bodhivita.jpg\" class=\"attachment-full size-full wp-image-3614\" alt=\"Acupuntura i fertilitat: el poder de la Medicina Tradicional Xinesa per ajudar a concebre. Acupuntura a Sant Andreu (Barcelona. Bodhivita\" \/><\/div><\/a>\n\t\t\t\t<div class=\"elementor-post__badge\">acupuntura barcelona<\/div>\n\t\t\t\t<div class=\"elementor-post__text\">\n\t\t\t\t<h3 class=\"elementor-post__title\">\n\t\t\t<a href=\"https:\/\/bodhivita.cat\/es\/acupuntura-y-fertilidad-el-poder-de-la-medicina-tradicional-china-para-ayudar-a-concebir\/\" >\n\t\t\t\tAcupuntura y fertilidad: el poder de la Medicina Tradicional China para ayudar a concebir\t\t\t<\/a>\n\t\t<\/h3>\n\t\t\n\t\t<a class=\"elementor-post__read-more\" href=\"https:\/\/bodhivita.cat\/es\/acupuntura-y-fertilidad-el-poder-de-la-medicina-tradicional-china-para-ayudar-a-concebir\/\" aria-label=\"M\u00e1s informaci\u00f3n sobre Acupuntura y fertilidad: el poder de la Medicina Tradicional China para ayudar a concebir\" tabindex=\"-1\" >\n\t\t\t Leer m\u00e1s \u00bb\t\t<\/a>\n\n\t\t\t\t<\/div>\n\t\t\t\t<div class=\"elementor-post__meta-data\">\n\t\t\t\t\t<span class=\"elementor-post-date\">\n\t\t\t26\/11\/2025\t\t<\/span>\n\t\t\t\t<\/div>\n\t\t\t\t\t<\/div>\n\t\t<\/article>\n\t\t\t\t<article class=\"elementor-post elementor-grid-item post-1961 post type-post status-publish format-standard has-post-thumbnail hentry category-medicina-tradicional-china tag-articulaciones-y-clima tag-bodhivita tag-bodhivita-san-andres tag-desequilibrios-estacionales tag-dolores-musculares tag-energia-yin-y-yang tag-medicina-china-san-andreo tag-medicina-china-tradicional tag-salud-estacional tag-terapias-naturales\" role=\"listitem\">\n\t\t\t<div class=\"elementor-post__card\">\n\t\t\t\t<a class=\"elementor-post__thumbnail__link\" href=\"https:\/\/bodhivita.cat\/es\/afectaciones-de-las-estaciones-segun-la-medicina-tradicional-china\/\" tabindex=\"-1\" ><div class=\"elementor-post__thumbnail\"><img decoding=\"async\" width=\"2560\" height=\"1714\" src=\"https:\/\/bodhivita.cat\/wp-content\/uploads\/2022\/12\/relaxation-with-stones-on-the-hand-scaled.jpg\" class=\"attachment-full size-full wp-image-1690\" alt=\"piedras equilibrio\" srcset=\"https:\/\/bodhivita.cat\/wp-content\/uploads\/2022\/12\/relaxation-with-stones-on-the-hand-scaled.jpg 2560w, https:\/\/bodhivita.cat\/wp-content\/uploads\/2022\/12\/relaxation-with-stones-on-the-hand-300x201.jpg 300w, https:\/\/bodhivita.cat\/wp-content\/uploads\/2022\/12\/relaxation-with-stones-on-the-hand-1024x685.jpg 1024w, https:\/\/bodhivita.cat\/wp-content\/uploads\/2022\/12\/relaxation-with-stones-on-the-hand-768x514.jpg 768w, https:\/\/bodhivita.cat\/wp-content\/uploads\/2022\/12\/relaxation-with-stones-on-the-hand-1536x1028.jpg 1536w, https:\/\/bodhivita.cat\/wp-content\/uploads\/2022\/12\/relaxation-with-stones-on-the-hand-2048x1371.jpg 2048w\" sizes=\"(max-width: 2560px) 100vw, 2560px\" \/><\/div><\/a>\n\t\t\t\t<div class=\"elementor-post__badge\">articulaciones y clima<\/div>\n\t\t\t\t<div class=\"elementor-post__text\">\n\t\t\t\t<h3 class=\"elementor-post__title\">\n\t\t\t<a href=\"https:\/\/bodhivita.cat\/es\/afectaciones-de-las-estaciones-segun-la-medicina-tradicional-china\/\" >\n\t\t\t\tC\u00f3mo afectan a las estaciones en las articulaciones seg\u00fan la medicina china tradicional\t\t\t<\/a>\n\t\t<\/h3>\n\t\t\n\t\t<a class=\"elementor-post__read-more\" href=\"https:\/\/bodhivita.cat\/es\/afectaciones-de-las-estaciones-segun-la-medicina-tradicional-china\/\" aria-label=\"M\u00e1s informaci\u00f3n sobre C\u00f3mo afectan a las estaciones en las articulaciones seg\u00fan la medicina china tradicional\" tabindex=\"-1\" >\n\t\t\t Leer m\u00e1s \u00bb\t\t<\/a>\n\n\t\t\t\t<\/div>\n\t\t\t\t<div class=\"elementor-post__meta-data\">\n\t\t\t\t\t<span class=\"elementor-post-date\">\n\t\t\t06\/02\/2023\t\t<\/span>\n\t\t\t\t<\/div>\n\t\t\t\t\t<\/div>\n\t\t<\/article>\n\t\t\t\t<\/div>\n\t\t\n\t\t\t\t\t\t<\/div>\n\t\t\t\t<\/div>\n\t\t\t\t\t<\/div>\n\t\t\t\t<\/div>\n\t\t\t\t<\/div>\n\t\t","protected":false},"excerpt":{"rendered":"<p>Alberto Tura Fisioterapeuta experto en medicina tradicional china Soy fisioterapeuta, instructor de pilates y acupuntor. Complemento los conocimientos de la medicina<\/p>\n","protected":false},"author":14,"featured_media":0,"parent":0,"menu_order":0,"comment_status":"closed","ping_status":"closed","template":"","meta":{"_monsterinsights_skip_tracking":false,"_monsterinsights_sitenote_active":false,"_monsterinsights_sitenote_note":"","_monsterinsights_sitenote_category":0,"_joinchat":[],"footnotes":""},"class_list":["post-1851","page","type-page","status-publish","hentry"],"yoast_head":"<!-- This site is optimized with the Yoast SEO plugin v27.5 - https:\/\/yoast.com\/product\/yoast-seo-wordpress\/ -->\n<title>Alberto Tura \u2013 Fisioterapeuta y acupuntor en Sant Andreu | Bodhivita<\/title>\n<meta name=\"description\" content=\"Fisioterapeuta experto en medicina tradicional china y acupuntura. Tratamientos integrativos y personalizados en Bodhivita, centro de salud en Sant Andreu (Barcelona).\" \/>\n<meta name=\"robots\" content=\"index, follow, max-snippet:-1, max-image-preview:large, max-video-preview:-1\" \/>\n<link rel=\"canonical\" href=\"https:\/\/bodhivita.cat\/es\/alberto-tura\/\" \/>\n<meta property=\"og:locale\" content=\"es_ES\" \/>\n<meta property=\"og:type\" content=\"article\" \/>\n<meta property=\"og:title\" content=\"Alberto Tura \u2013 Fisioterapeuta y acupuntor en Sant Andreu | Bodhivita\" \/>\n<meta property=\"og:description\" content=\"Fisioterapeuta experto en medicina tradicional china y acupuntura. Tratamientos integrativos y personalizados en Bodhivita, centro de salud en Sant Andreu (Barcelona).\" \/>\n<meta property=\"og:url\" content=\"https:\/\/bodhivita.cat\/es\/alberto-tura\/\" \/>\n<meta property=\"og:site_name\" content=\"Fisioterapeutes i Oste\u00f2pates a Sant Andreu (Barcelona) | Bodhivita\" \/>\n<meta property=\"article:publisher\" content=\"https:\/\/www.facebook.com\/bodhivita\/\" \/>\n<meta property=\"article:modified_time\" content=\"2025-11-05T15:34:39+00:00\" \/>\n<meta property=\"og:image\" content=\"https:\/\/bodhivita.cat\/wp-content\/uploads\/2021\/03\/Alberto-Tura-Fisio-experto-MTC-scaled-e1656492708591-1024x1024.jpg\" \/>\n<meta name=\"twitter:card\" content=\"summary_large_image\" \/>\n<meta name=\"twitter:label1\" content=\"Tiempo de lectura\" \/>\n\t<meta name=\"twitter:data1\" content=\"2 minutos\" \/>\n<!-- \/ Yoast SEO plugin. -->","yoast_head_json":{"title":"Alberto Tura \u2013 Fisioterapeuta y acupuntor en Sant Andreu | Bodhivita","description":"Fisioterapeuta experto en medicina tradicional china y acupuntura. Tratamientos integrativos y personalizados en Bodhivita, centro de salud en Sant Andreu (Barcelona).","robots":{"index":"index","follow":"follow","max-snippet":"max-snippet:-1","max-image-preview":"max-image-preview:large","max-video-preview":"max-video-preview:-1"},"canonical":"https:\/\/bodhivita.cat\/es\/alberto-tura\/","og_locale":"es_ES","og_type":"article","og_title":"Alberto Tura \u2013 Fisioterapeuta y acupuntor en Sant Andreu | Bodhivita","og_description":"Fisioterapeuta experto en medicina tradicional china y acupuntura. Tratamientos integrativos y personalizados en Bodhivita, centro de salud en Sant Andreu (Barcelona).","og_url":"https:\/\/bodhivita.cat\/es\/alberto-tura\/","og_site_name":"Fisioterapeutes i Oste\u00f2pates a Sant Andreu (Barcelona) | Bodhivita","article_publisher":"https:\/\/www.facebook.com\/bodhivita\/","article_modified_time":"2025-11-05T15:34:39+00:00","og_image":[{"url":"https:\/\/bodhivita.cat\/wp-content\/uploads\/2021\/03\/Alberto-Tura-Fisio-experto-MTC-scaled-e1656492708591-1024x1024.jpg","type":"","width":"","height":""}],"twitter_card":"summary_large_image","twitter_misc":{"Tiempo de lectura":"2 minutos"},"schema":{"@context":"https:\/\/schema.org","@graph":[{"@type":"WebPage","@id":"https:\/\/bodhivita.cat\/alberto-tura\/","url":"https:\/\/bodhivita.cat\/es\/alberto-tura\/","name":"Alberto Tura \u2013 Fisioterapeuta y acupuntor en Sant Andreu | Bodhivita","isPartOf":{"@id":"https:\/\/bodhivita.cat\/#website"},"primaryImageOfPage":{"@id":"https:\/\/bodhivita.cat\/es\/alberto-tura\/#primaryimage"},"image":{"@id":"https:\/\/bodhivita.cat\/es\/alberto-tura\/#primaryimage"},"thumbnailUrl":"https:\/\/bodhivita.cat\/wp-content\/uploads\/2021\/03\/Alberto-Tura-Fisio-experto-MTC-scaled-e1656492708591-1024x1024.jpg","datePublished":"2022-06-29T10:50:22+00:00","dateModified":"2025-11-05T15:34:39+00:00","description":"Fisioterapeuta experto en medicina tradicional china y acupuntura. Tratamientos integrativos y personalizados en Bodhivita, centro de salud en Sant Andreu (Barcelona).","breadcrumb":{"@id":"https:\/\/bodhivita.cat\/es\/alberto-tura\/#breadcrumb"},"inLanguage":"es","potentialAction":[{"@type":"ReadAction","target":["https:\/\/bodhivita.cat\/es\/alberto-tura\/"]}]},{"@type":"ImageObject","inLanguage":"es","@id":"https:\/\/bodhivita.cat\/es\/alberto-tura\/#primaryimage","url":"https:\/\/bodhivita.cat\/wp-content\/uploads\/2021\/03\/Alberto-Tura-Fisio-experto-MTC-scaled-e1656492708591-1024x1024.jpg","contentUrl":"https:\/\/bodhivita.cat\/wp-content\/uploads\/2021\/03\/Alberto-Tura-Fisio-experto-MTC-scaled-e1656492708591-1024x1024.jpg"},{"@type":"BreadcrumbList","@id":"https:\/\/bodhivita.cat\/es\/alberto-tura\/#breadcrumb","itemListElement":[{"@type":"ListItem","position":1,"name":"Portada","item":"https:\/\/bodhivita.cat\/es\/inici\/"},{"@type":"ListItem","position":2,"name":"Alberto Tura"}]},{"@type":"WebSite","@id":"https:\/\/bodhivita.cat\/#website","url":"https:\/\/bodhivita.cat\/","name":"BODHIVITA, fisioterapeutes, oste\u00f2pates i ter\u00e0pies natuals a Sant Andreu (Barcelona)","description":"Tractaments de fisioter\u00e0pia, osteopatia, acupuntura i nutrici\u00f3 a Sant Andreu (Barcelona). Salut integrativa amb professionals especialitzats.","publisher":{"@id":"https:\/\/bodhivita.cat\/#organization"},"alternateName":"BODHIVITA, fisioterapeutes, oste\u00f2pates i ter\u00e0pies natuals a Sant Andreu (Barcelona)","potentialAction":[{"@type":"SearchAction","target":{"@type":"EntryPoint","urlTemplate":"https:\/\/bodhivita.cat\/?s={search_term_string}"},"query-input":{"@type":"PropertyValueSpecification","valueRequired":true,"valueName":"search_term_string"}}],"inLanguage":"es"},{"@type":"Organization","@id":"https:\/\/bodhivita.cat\/#organization","name":"Fisioter\u00e0pia, osteopatia i ter\u00e0pies naturals a Sant Andreu, Barcelona | BodhiVita","url":"https:\/\/bodhivita.cat\/","logo":{"@type":"ImageObject","inLanguage":"es","@id":"https:\/\/bodhivita.cat\/#\/schema\/logo\/image\/","url":"https:\/\/bodhivita.cat\/wp-content\/uploads\/2019\/06\/cropped-bodhivita-web-1.png","contentUrl":"https:\/\/bodhivita.cat\/wp-content\/uploads\/2019\/06\/cropped-bodhivita-web-1.png","width":512,"height":512,"caption":"Fisioter\u00e0pia, osteopatia i ter\u00e0pies naturals a Sant Andreu, Barcelona | BodhiVita"},"image":{"@id":"https:\/\/bodhivita.cat\/#\/schema\/logo\/image\/"},"sameAs":["https:\/\/www.facebook.com\/bodhivita\/","https:\/\/www.instagram.com\/bodhivita"]}]}},"_links":{"self":[{"href":"https:\/\/bodhivita.cat\/es\/wp-json\/wp\/v2\/pages\/1851","targetHints":{"allow":["GET"]}}],"collection":[{"href":"https:\/\/bodhivita.cat\/es\/wp-json\/wp\/v2\/pages"}],"about":[{"href":"https:\/\/bodhivita.cat\/es\/wp-json\/wp\/v2\/types\/page"}],"author":[{"embeddable":true,"href":"https:\/\/bodhivita.cat\/es\/wp-json\/wp\/v2\/users\/14"}],"replies":[{"embeddable":true,"href":"https:\/\/bodhivita.cat\/es\/wp-json\/wp\/v2\/comments?post=1851"}],"version-history":[{"count":6,"href":"https:\/\/bodhivita.cat\/es\/wp-json\/wp\/v2\/pages\/1851\/revisions"}],"predecessor-version":[{"id":3161,"href":"https:\/\/bodhivita.cat\/es\/wp-json\/wp\/v2\/pages\/1851\/revisions\/3161"}],"wp:attachment":[{"href":"https:\/\/bodhivita.cat\/es\/wp-json\/wp\/v2\/media?parent=1851"}],"curies":[{"name":"wp","href":"https:\/\/api.w.org\/{rel}","templated":true}]}}