{"id":1862,"date":"2020-05-26T13:19:17","date_gmt":"2020-05-26T11:19:17","guid":{"rendered":"https:\/\/bodhivita.cat\/acupuntura-mtc\/"},"modified":"2025-11-26T16:45:01","modified_gmt":"2025-11-26T14:45:01","slug":"acupuntura-mtc","status":"publish","type":"page","link":"https:\/\/bodhivita.cat\/es\/acupuntura-mtc\/","title":{"rendered":"Acupuntura MTC"},"content":{"rendered":"\t\t<div data-elementor-type=\"wp-page\" data-elementor-id=\"1862\" class=\"elementor elementor-1862 elementor-284\" data-elementor-post-type=\"page\">\n\t\t\t\t\t\t<section class=\"elementor-section elementor-top-section elementor-element elementor-element-0f11084 elementor-section-height-min-height elementor-section-items-stretch elementor-section-stretched elementor-section-boxed elementor-section-height-default\" data-id=\"0f11084\" data-element_type=\"section\" data-e-type=\"section\" data-settings=\"{&quot;background_background&quot;:&quot;classic&quot;,&quot;stretch_section&quot;:&quot;section-stretched&quot;}\">\n\t\t\t\t\t\t<div class=\"elementor-container elementor-column-gap-default\">\n\t\t\t\t\t<div class=\"elementor-column elementor-col-50 elementor-top-column elementor-element elementor-element-7250b07\" data-id=\"7250b07\" data-element_type=\"column\" data-e-type=\"column\" data-settings=\"{&quot;background_background&quot;:&quot;classic&quot;}\">\n\t\t\t<div class=\"elementor-widget-wrap elementor-element-populated\">\n\t\t\t\t\t\t<div class=\"elementor-element elementor-element-18e46e5 elementor-widget elementor-widget-heading\" data-id=\"18e46e5\" data-element_type=\"widget\" data-e-type=\"widget\" data-widget_type=\"heading.default\">\n\t\t\t\t\t<h1 class=\"elementor-heading-title elementor-size-default\">Acupuntura y MTC<\/h1>\t\t\t\t<\/div>\n\t\t\t\t<div class=\"elementor-element elementor-element-185ae2e elementor-widget elementor-widget-text-editor\" data-id=\"185ae2e\" data-element_type=\"widget\" data-e-type=\"widget\" data-widget_type=\"text-editor.default\">\n\t\t\t\t\t\t\t\t\t<p data-start=\"129\" data-end=\"303\">La acupuntura es una t\u00e9cnica de la Medicina Tradicional China (MTC) que se basa en la inserci\u00f3n de finas agujas a lo largo de los meridianos o canales energ\u00e9ticos del cuerpo.<\/p><p data-start=\"305\" data-end=\"559\">En Bodhivita, en el barrio de Sant Andreu (Barcelona), te ofrecemos un tratamiento de acupuntura adaptado a tus necesidades. Nuestro enfoque es personalizado e integrativo, combinando la experiencia terap\u00e9utica con un acompa\u00f1amiento cercano y respetuoso.<\/p><p data-start=\"561\" data-end=\"651\"><a href=\"https:\/\/bodhivita.cat\/es\/contacte\/\" target=\"_blank\" rel=\"noopener\">Contacta con nosotros<\/a> y descubre c\u00f3mo la acupuntura puede ayudarte a mejorar tu bienestar.<\/p>\t\t\t\t\t\t\t\t<\/div>\n\t\t\t\t<div class=\"elementor-element elementor-element-868cef0 elementor-align-left elementor-mobile-align-justify elementor-widget elementor-widget-button\" data-id=\"868cef0\" data-element_type=\"widget\" data-e-type=\"widget\" data-widget_type=\"button.default\">\n\t\t\t\t\t\t\t\t\t\t<a class=\"elementor-button elementor-button-link elementor-size-sm elementor-animation-grow\" href=\"https:\/\/appbodhivita.viday.es\/\" target=\"_blank\" rel=\"nofollow\">\n\t\t\t\t\t\t<span class=\"elementor-button-content-wrapper\">\n\t\t\t\t\t\t<span class=\"elementor-button-icon\">\n\t\t\t\t<svg aria-hidden=\"true\" class=\"e-font-icon-svg e-fas-hands\" viewBox=\"0 0 640 512\" xmlns=\"http:\/\/www.w3.org\/2000\/svg\"><path d=\"M204.8 230.4c-10.6-14.1-30.7-17-44.8-6.4-14.1 10.6-17 30.7-6.4 44.8l38.1 50.8c4.8 6.4 4.1 15.3-1.5 20.9l-12.8 12.8c-6.7 6.7-17.6 6.2-23.6-1.1L64 244.4V96c0-17.7-14.3-32-32-32S0 78.3 0 96v218.4c0 10.9 3.7 21.5 10.5 30l104.1 134.3c5 6.5 8.4 13.9 10.4 21.7 1.8 6.9 8.1 11.6 15.3 11.6H272c8.8 0 16-7.2 16-16V384c0-27.7-9-54.6-25.6-76.8l-57.6-76.8zM608 64c-17.7 0-32 14.3-32 32v148.4l-89.8 107.8c-6 7.2-17 7.7-23.6 1.1l-12.8-12.8c-5.6-5.6-6.3-14.5-1.5-20.9l38.1-50.8c10.6-14.1 7.7-34.2-6.4-44.8-14.1-10.6-34.2-7.7-44.8 6.4l-57.6 76.8C361 329.4 352 356.3 352 384v112c0 8.8 7.2 16 16 16h131.7c7.1 0 13.5-4.7 15.3-11.6 2-7.8 5.4-15.2 10.4-21.7l104.1-134.3c6.8-8.5 10.5-19.1 10.5-30V96c0-17.7-14.3-32-32-32z\"><\/path><\/svg>\t\t\t<\/span>\n\t\t\t\t\t\t\t\t\t<span class=\"elementor-button-text\">Reserva tu sesi\u00f3n<\/span>\n\t\t\t\t\t<\/span>\n\t\t\t\t\t<\/a>\n\t\t\t\t\t\t\t\t<\/div>\n\t\t\t\t\t<\/div>\n\t\t<\/div>\n\t\t\t\t<div class=\"elementor-column elementor-col-50 elementor-top-column elementor-element elementor-element-633d1df\" data-id=\"633d1df\" data-element_type=\"column\" data-e-type=\"column\" data-settings=\"{&quot;background_background&quot;:&quot;classic&quot;}\">\n\t\t\t<div class=\"elementor-widget-wrap elementor-element-populated\">\n\t\t\t\t\t\t<div class=\"elementor-element elementor-element-e3faef0 elementor-widget elementor-widget-image\" data-id=\"e3faef0\" data-element_type=\"widget\" data-e-type=\"widget\" data-widget_type=\"image.default\">\n\t\t\t\t\t\t\t\t\t\t\t\t\t\t\t<img fetchpriority=\"high\" decoding=\"async\" width=\"800\" height=\"532\" src=\"https:\/\/bodhivita.cat\/wp-content\/uploads\/2022\/11\/close-up-hand-holding-acupuncture-needle-1024x681.jpg\" class=\"attachment-large size-large wp-image-1837\" alt=\"Acupuntura Sant Andreu (Barcelona). Bodhivita\" srcset=\"https:\/\/bodhivita.cat\/wp-content\/uploads\/2022\/11\/close-up-hand-holding-acupuncture-needle-1024x681.jpg 1024w, https:\/\/bodhivita.cat\/wp-content\/uploads\/2022\/11\/close-up-hand-holding-acupuncture-needle-300x200.jpg 300w, https:\/\/bodhivita.cat\/wp-content\/uploads\/2022\/11\/close-up-hand-holding-acupuncture-needle-768x511.jpg 768w, https:\/\/bodhivita.cat\/wp-content\/uploads\/2022\/11\/close-up-hand-holding-acupuncture-needle-1536x1022.jpg 1536w, https:\/\/bodhivita.cat\/wp-content\/uploads\/2022\/11\/close-up-hand-holding-acupuncture-needle-2048x1363.jpg 2048w\" sizes=\"(max-width: 800px) 100vw, 800px\" \/>\t\t\t\t\t\t\t\t\t\t\t\t\t\t\t<\/div>\n\t\t\t\t\t<\/div>\n\t\t<\/div>\n\t\t\t\t\t<\/div>\n\t\t<\/section>\n\t\t\t\t<section class=\"elementor-section elementor-top-section elementor-element elementor-element-a60e238 elementor-section-boxed elementor-section-height-default elementor-section-height-default\" data-id=\"a60e238\" data-element_type=\"section\" data-e-type=\"section\">\n\t\t\t\t\t\t<div class=\"elementor-container elementor-column-gap-default\">\n\t\t\t\t\t<div class=\"elementor-column elementor-col-100 elementor-top-column elementor-element elementor-element-9333066\" data-id=\"9333066\" data-element_type=\"column\" data-e-type=\"column\">\n\t\t\t<div class=\"elementor-widget-wrap elementor-element-populated\">\n\t\t\t\t\t\t<div class=\"elementor-element elementor-element-9c538b5 elementor-widget elementor-widget-heading\" data-id=\"9c538b5\" data-element_type=\"widget\" data-e-type=\"widget\" data-widget_type=\"heading.default\">\n\t\t\t\t\t<h2 class=\"elementor-heading-title elementor-size-default\">\u00bfQu\u00e9 es?<\/h2>\t\t\t\t<\/div>\n\t\t\t\t<div class=\"elementor-element elementor-element-9fe10b2 elementor-widget elementor-widget-text-editor\" data-id=\"9fe10b2\" data-element_type=\"widget\" data-e-type=\"widget\" data-widget_type=\"text-editor.default\">\n\t\t\t\t\t\t\t\t\t<p style=\"text-align: left;\">La Acupuntura considera al ser humano como un TODO interrelacionado. Seg\u00fan la ATC la energ\u00eda vital, llamada Chi o Qi, recorre el cuerpo a trav\u00e9s de los meridianos o canales energ\u00e9ticos.<\/p><p style=\"text-align: left;\">La Acupuntura tradicional reconoce 361 puntos sobre el cuerpo distribuidos en 12 meridianos, 14 con Dumai y Renmai si consideramos 361 puntos, cada uno de ellos procede de la energ\u00eda de un \u00f3rgano vital, sobre el que el terapeuta puede actuar para moverse esta energ\u00eda.<\/p><p style=\"text-align: left;\">En inserir una aguja en un punto determinado se produce un equilibrio de la energ\u00eda del \u00f3rgano y del meridiano correspondiente. As\u00ed, estimula o impulsa los puntos para equilibrar la energ\u00eda del cuerpo, ya que se considera que las enfermedades son causadas por un desequilibrio del Chi.<\/p>\t\t\t\t\t\t\t\t<\/div>\n\t\t\t\t\t<\/div>\n\t\t<\/div>\n\t\t\t\t\t<\/div>\n\t\t<\/section>\n\t\t<div class=\"elementor-element elementor-element-e8363a1 e-flex e-con-boxed e-con e-parent\" data-id=\"e8363a1\" data-element_type=\"container\" data-e-type=\"container\">\n\t\t\t\t\t<div class=\"e-con-inner\">\n\t\t\t\t<div class=\"elementor-element elementor-element-5466c58 elementor-widget elementor-widget-heading\" data-id=\"5466c58\" data-element_type=\"widget\" data-e-type=\"widget\" data-widget_type=\"heading.default\">\n\t\t\t\t\t<h2 class=\"elementor-heading-title elementor-size-default\">Art\u00edculos relacionados<\/h2>\t\t\t\t<\/div>\n\t\t\t\t\t<\/div>\n\t\t\t\t<\/div>\n\t\t<div class=\"elementor-element elementor-element-5e77817 e-flex e-con-boxed e-con e-parent\" data-id=\"5e77817\" data-element_type=\"container\" data-e-type=\"container\" data-settings=\"{&quot;background_background&quot;:&quot;classic&quot;}\">\n\t\t\t\t\t<div class=\"e-con-inner\">\n\t\t\t\t\t<\/div>\n\t\t\t\t<\/div>\n\t\t\t\t<\/div>\n\t\t","protected":false},"excerpt":{"rendered":"<p>Acupuntura y MTC La acupuntura es una t\u00e9cnica de la Medicina Tradicional China (MTC) que se basa en la inserci\u00f3n de finas agujas a lo largo de los meridianos o canales energ\u00e9ticos del cuerpo. En Bodhivita, en el barrio de Sant Andreu (Barcelona), te ofrecemos un tratamiento de acupuntura adaptado a tus necesidades. Nuestro enfoque [&hellip;]<\/p>\n","protected":false},"author":14,"featured_media":0,"parent":0,"menu_order":0,"comment_status":"closed","ping_status":"closed","template":"elementor_header_footer","meta":{"_monsterinsights_skip_tracking":false,"_monsterinsights_sitenote_active":false,"_monsterinsights_sitenote_note":"","_monsterinsights_sitenote_category":0,"_joinchat":[],"footnotes":""},"class_list":["post-1862","page","type-page","status-publish","hentry"],"yoast_head":"<!-- This site is optimized with the Yoast SEO plugin v27.3 - https:\/\/yoast.com\/product\/yoast-seo-wordpress\/ -->\n<title>Acupuntura en Sant Andreu \u00b7 Tratamiento personalizado | Bodhivita<\/title>\n<meta name=\"description\" content=\"Mejora tu salud f\u00edsica y emocional con tratamientos de acupuntura en Bodhivita, tu centro integrativo en Sant Andreu (Barcelona). Sesiones personalizadas y seguras.\" \/>\n<meta name=\"robots\" content=\"index, follow, max-snippet:-1, max-image-preview:large, max-video-preview:-1\" \/>\n<link rel=\"canonical\" href=\"https:\/\/bodhivita.cat\/es\/acupuntura-mtc\/\" \/>\n<meta property=\"og:locale\" content=\"es_ES\" \/>\n<meta property=\"og:type\" content=\"article\" \/>\n<meta property=\"og:title\" content=\"Acupuntura en Sant Andreu \u00b7 Tratamiento personalizado | Bodhivita\" \/>\n<meta property=\"og:description\" content=\"Mejora tu salud f\u00edsica y emocional con tratamientos de acupuntura en Bodhivita, tu centro integrativo en Sant Andreu (Barcelona). Sesiones personalizadas y seguras.\" \/>\n<meta property=\"og:url\" content=\"https:\/\/bodhivita.cat\/es\/acupuntura-mtc\/\" \/>\n<meta property=\"og:site_name\" content=\"Fisioterapeutes i Oste\u00f2pates a Sant Andreu (Barcelona) | Bodhivita\" \/>\n<meta property=\"article:publisher\" content=\"https:\/\/www.facebook.com\/bodhivita\/\" \/>\n<meta property=\"article:modified_time\" content=\"2025-11-26T14:45:01+00:00\" \/>\n<meta property=\"og:image\" content=\"https:\/\/bodhivita.cat\/wp-content\/uploads\/2022\/11\/close-up-hand-holding-acupuncture-needle-1024x681.jpg\" \/>\n<meta name=\"twitter:card\" content=\"summary_large_image\" \/>\n<meta name=\"twitter:label1\" content=\"Tiempo de lectura\" \/>\n\t<meta name=\"twitter:data1\" content=\"1 minuto\" \/>\n<!-- \/ Yoast SEO plugin. -->","yoast_head_json":{"title":"Acupuntura en Sant Andreu \u00b7 Tratamiento personalizado | Bodhivita","description":"Mejora tu salud f\u00edsica y emocional con tratamientos de acupuntura en Bodhivita, tu centro integrativo en Sant Andreu (Barcelona). Sesiones personalizadas y seguras.","robots":{"index":"index","follow":"follow","max-snippet":"max-snippet:-1","max-image-preview":"max-image-preview:large","max-video-preview":"max-video-preview:-1"},"canonical":"https:\/\/bodhivita.cat\/es\/acupuntura-mtc\/","og_locale":"es_ES","og_type":"article","og_title":"Acupuntura en Sant Andreu \u00b7 Tratamiento personalizado | Bodhivita","og_description":"Mejora tu salud f\u00edsica y emocional con tratamientos de acupuntura en Bodhivita, tu centro integrativo en Sant Andreu (Barcelona). Sesiones personalizadas y seguras.","og_url":"https:\/\/bodhivita.cat\/es\/acupuntura-mtc\/","og_site_name":"Fisioterapeutes i Oste\u00f2pates a Sant Andreu (Barcelona) | Bodhivita","article_publisher":"https:\/\/www.facebook.com\/bodhivita\/","article_modified_time":"2025-11-26T14:45:01+00:00","og_image":[{"url":"https:\/\/bodhivita.cat\/wp-content\/uploads\/2022\/11\/close-up-hand-holding-acupuncture-needle-1024x681.jpg","type":"","width":"","height":""}],"twitter_card":"summary_large_image","twitter_misc":{"Tiempo de lectura":"1 minuto"},"schema":{"@context":"https:\/\/schema.org","@graph":[{"@type":"WebPage","@id":"https:\/\/bodhivita.cat\/acupuntura-mtc\/","url":"https:\/\/bodhivita.cat\/es\/acupuntura-mtc\/","name":"Acupuntura en Sant Andreu \u00b7 Tratamiento personalizado | Bodhivita","isPartOf":{"@id":"https:\/\/bodhivita.cat\/#website"},"primaryImageOfPage":{"@id":"https:\/\/bodhivita.cat\/es\/acupuntura-mtc\/#primaryimage"},"image":{"@id":"https:\/\/bodhivita.cat\/es\/acupuntura-mtc\/#primaryimage"},"thumbnailUrl":"https:\/\/bodhivita.cat\/wp-content\/uploads\/2022\/11\/close-up-hand-holding-acupuncture-needle-1024x681.jpg","datePublished":"2020-05-26T11:19:17+00:00","dateModified":"2025-11-26T14:45:01+00:00","description":"Mejora tu salud f\u00edsica y emocional con tratamientos de acupuntura en Bodhivita, tu centro integrativo en Sant Andreu (Barcelona). Sesiones personalizadas y seguras.","breadcrumb":{"@id":"https:\/\/bodhivita.cat\/es\/acupuntura-mtc\/#breadcrumb"},"inLanguage":"es","potentialAction":[{"@type":"ReadAction","target":["https:\/\/bodhivita.cat\/es\/acupuntura-mtc\/"]}]},{"@type":"ImageObject","inLanguage":"es","@id":"https:\/\/bodhivita.cat\/es\/acupuntura-mtc\/#primaryimage","url":"https:\/\/bodhivita.cat\/wp-content\/uploads\/2022\/11\/close-up-hand-holding-acupuncture-needle-1024x681.jpg","contentUrl":"https:\/\/bodhivita.cat\/wp-content\/uploads\/2022\/11\/close-up-hand-holding-acupuncture-needle-1024x681.jpg"},{"@type":"BreadcrumbList","@id":"https:\/\/bodhivita.cat\/es\/acupuntura-mtc\/#breadcrumb","itemListElement":[{"@type":"ListItem","position":1,"name":"Portada","item":"https:\/\/bodhivita.cat\/es\/inici\/"},{"@type":"ListItem","position":2,"name":"Acupuntura MTC"}]},{"@type":"WebSite","@id":"https:\/\/bodhivita.cat\/#website","url":"https:\/\/bodhivita.cat\/","name":"BODHIVITA","description":"Tractaments de fisioter\u00e0pia, osteopatia, acupuntura i nutrici\u00f3 a Sant Andreu (Barcelona). Salut integrativa amb professionals especialitzats.","publisher":{"@id":"https:\/\/bodhivita.cat\/#organization"},"potentialAction":[{"@type":"SearchAction","target":{"@type":"EntryPoint","urlTemplate":"https:\/\/bodhivita.cat\/?s={search_term_string}"},"query-input":{"@type":"PropertyValueSpecification","valueRequired":true,"valueName":"search_term_string"}}],"inLanguage":"es"},{"@type":"Organization","@id":"https:\/\/bodhivita.cat\/#organization","name":"Fisioter\u00e0pia, osteopatia i ter\u00e0pies naturals a Sant Andreu, Barcelona | BodhiVita","url":"https:\/\/bodhivita.cat\/","logo":{"@type":"ImageObject","inLanguage":"es","@id":"https:\/\/bodhivita.cat\/#\/schema\/logo\/image\/","url":"https:\/\/bodhivita.cat\/wp-content\/uploads\/2019\/06\/cropped-bodhivita-web-1.png","contentUrl":"https:\/\/bodhivita.cat\/wp-content\/uploads\/2019\/06\/cropped-bodhivita-web-1.png","width":512,"height":512,"caption":"Fisioter\u00e0pia, osteopatia i ter\u00e0pies naturals a Sant Andreu, Barcelona | BodhiVita"},"image":{"@id":"https:\/\/bodhivita.cat\/#\/schema\/logo\/image\/"},"sameAs":["https:\/\/www.facebook.com\/bodhivita\/","https:\/\/www.instagram.com\/bodhivita"]}]}},"_links":{"self":[{"href":"https:\/\/bodhivita.cat\/es\/wp-json\/wp\/v2\/pages\/1862","targetHints":{"allow":["GET"]}}],"collection":[{"href":"https:\/\/bodhivita.cat\/es\/wp-json\/wp\/v2\/pages"}],"about":[{"href":"https:\/\/bodhivita.cat\/es\/wp-json\/wp\/v2\/types\/page"}],"author":[{"embeddable":true,"href":"https:\/\/bodhivita.cat\/es\/wp-json\/wp\/v2\/users\/14"}],"replies":[{"embeddable":true,"href":"https:\/\/bodhivita.cat\/es\/wp-json\/wp\/v2\/comments?post=1862"}],"version-history":[{"count":9,"href":"https:\/\/bodhivita.cat\/es\/wp-json\/wp\/v2\/pages\/1862\/revisions"}],"predecessor-version":[{"id":3280,"href":"https:\/\/bodhivita.cat\/es\/wp-json\/wp\/v2\/pages\/1862\/revisions\/3280"}],"wp:attachment":[{"href":"https:\/\/bodhivita.cat\/es\/wp-json\/wp\/v2\/media?parent=1862"}],"curies":[{"name":"wp","href":"https:\/\/api.w.org\/{rel}","templated":true}]}}