{"id":1876,"date":"2020-12-08T16:50:23","date_gmt":"2020-12-08T14:50:23","guid":{"rendered":"https:\/\/bodhivita.cat\/classes-grupals\/"},"modified":"2025-11-28T13:19:17","modified_gmt":"2025-11-28T11:19:17","slug":"classes-grupals","status":"publish","type":"page","link":"https:\/\/bodhivita.cat\/es\/classes-grupals\/","title":{"rendered":"Clases dirigidas"},"content":{"rendered":"\t\t<div data-elementor-type=\"wp-page\" data-elementor-id=\"1876\" class=\"elementor elementor-1876 elementor-578\" data-elementor-post-type=\"page\">\n\t\t\t\t\t\t<section class=\"elementor-section elementor-top-section elementor-element elementor-element-8216229 elementor-section-boxed elementor-section-height-default elementor-section-height-default\" data-id=\"8216229\" data-element_type=\"section\" data-e-type=\"section\">\n\t\t\t\t\t\t<div class=\"elementor-container elementor-column-gap-default\">\n\t\t\t\t\t<div class=\"elementor-column elementor-col-50 elementor-top-column elementor-element elementor-element-303acdb\" data-id=\"303acdb\" data-element_type=\"column\" data-e-type=\"column\">\n\t\t\t<div class=\"elementor-widget-wrap elementor-element-populated\">\n\t\t\t\t\t\t<div class=\"elementor-element elementor-element-6491fb9 elementor-widget elementor-widget-heading\" data-id=\"6491fb9\" data-element_type=\"widget\" data-e-type=\"widget\" data-widget_type=\"heading.default\">\n\t\t\t\t\t<h1 class=\"elementor-heading-title elementor-size-default\">Clases dirigidas<\/h1>\t\t\t\t<\/div>\n\t\t\t\t<div class=\"elementor-element elementor-element-3d6806fa elementor-widget elementor-widget-text-editor\" data-id=\"3d6806fa\" data-element_type=\"widget\" data-e-type=\"widget\" data-widget_type=\"text-editor.default\">\n\t\t\t\t\t\t\t\t\t<h2 data-start=\"444\" data-end=\"537\">Actividad f\u00edsica en grupo en Sant Andreu (Barcelona)<\/h2><p data-start=\"539\" data-end=\"573\"> <\/p><p data-start=\"809\" data-end=\"1106\">En Bodhivita ofrecemos <strong data-start=\"828\" data-end=\"866\">clases dirigidas en grupos reducidos<\/strong> , con un m\u00e1ximo de <strong data-start=\"884\" data-end=\"898\">6 personas<\/strong> , impartidas por fisioterapeutas especializados. El objetivo es proporcionar un espacio seguro y personalizado donde disfrutar del movimiento, mejorar la salud f\u00edsica y fomentar el autocuidado de forma gradual y consciente.<\/p><p data-start=\"1108\" data-end=\"1374\">Si lo prefieres, tambi\u00e9n puedes elegir <strong data-start=\"1147\" data-end=\"1177\">sesiones individualizadas<\/strong> adaptadas a tu ritmo y necesidades espec\u00edficas.<br data-start=\"1240\" data-end=\"1243\"> Para resolver cualquier duda, puedes contactarnos directamente en nuestra p\u00e1gina de <strong data-start=\"1326\" data-end=\"1373\"><a class=\"decorated-link\" href=\"https:\/\/bodhivita.cat\/es\/contacte\/\" target=\"_blank\" rel=\"noopener\" data-start=\"1328\" data-end=\"1371\">contacto<\/a><\/strong> .<\/p>\t\t\t\t\t\t\t\t<\/div>\n\t\t\t\t\t<\/div>\n\t\t<\/div>\n\t\t\t\t<div class=\"elementor-column elementor-col-50 elementor-top-column elementor-element elementor-element-1daabe1\" data-id=\"1daabe1\" data-element_type=\"column\" data-e-type=\"column\">\n\t\t\t<div class=\"elementor-widget-wrap elementor-element-populated\">\n\t\t\t\t\t\t<div class=\"elementor-element elementor-element-bd982cc elementor-widget elementor-widget-image\" data-id=\"bd982cc\" data-element_type=\"widget\" data-e-type=\"widget\" data-widget_type=\"image.default\">\n\t\t\t\t\t\t\t\t\t\t\t\t\t\t\t<img fetchpriority=\"high\" decoding=\"async\" width=\"2560\" height=\"1707\" src=\"https:\/\/bodhivita.cat\/wp-content\/uploads\/2019\/12\/14793-scaled.jpg\" class=\"attachment-full size-full wp-image-1784\" alt=\"Classes Dirigides a Sant Andreu (Barcelona: Pilates,\" srcset=\"https:\/\/bodhivita.cat\/wp-content\/uploads\/2019\/12\/14793-scaled.jpg 2560w, https:\/\/bodhivita.cat\/wp-content\/uploads\/2019\/12\/14793-300x200.jpg 300w, https:\/\/bodhivita.cat\/wp-content\/uploads\/2019\/12\/14793-1024x683.jpg 1024w, https:\/\/bodhivita.cat\/wp-content\/uploads\/2019\/12\/14793-768x512.jpg 768w, https:\/\/bodhivita.cat\/wp-content\/uploads\/2019\/12\/14793-1536x1024.jpg 1536w, https:\/\/bodhivita.cat\/wp-content\/uploads\/2019\/12\/14793-2048x1365.jpg 2048w\" sizes=\"(max-width: 2560px) 100vw, 2560px\" \/>\t\t\t\t\t\t\t\t\t\t\t\t\t\t\t<\/div>\n\t\t\t\t\t<\/div>\n\t\t<\/div>\n\t\t\t\t\t<\/div>\n\t\t<\/section>\n\t\t\t\t<section class=\"elementor-section elementor-top-section elementor-element elementor-element-1396ed1 elementor-section-boxed elementor-section-height-default elementor-section-height-default\" data-id=\"1396ed1\" data-element_type=\"section\" data-e-type=\"section\">\n\t\t\t\t\t\t<div class=\"elementor-container elementor-column-gap-default\">\n\t\t\t\t\t<div class=\"elementor-column elementor-col-100 elementor-top-column elementor-element elementor-element-50d1d35\" data-id=\"50d1d35\" data-element_type=\"column\" data-e-type=\"column\">\n\t\t\t<div class=\"elementor-widget-wrap elementor-element-populated\">\n\t\t\t\t\t\t<div class=\"elementor-element elementor-element-b87687f elementor-widget elementor-widget-heading\" data-id=\"b87687f\" data-element_type=\"widget\" data-e-type=\"widget\" data-widget_type=\"heading.default\">\n\t\t\t\t\t<h2 class=\"elementor-heading-title elementor-size-default\">Nuestras clases dirigidas:<\/h2>\t\t\t\t<\/div>\n\t\t\t\t<section class=\"elementor-section elementor-inner-section elementor-element elementor-element-048ac08 elementor-section-content-middle elementor-section-boxed elementor-section-height-default elementor-section-height-default\" data-id=\"048ac08\" data-element_type=\"section\" data-e-type=\"section\">\n\t\t\t\t\t\t<div class=\"elementor-container elementor-column-gap-no\">\n\t\t\t\t\t<div class=\"elementor-column elementor-col-20 elementor-inner-column elementor-element elementor-element-ed79771\" data-id=\"ed79771\" data-element_type=\"column\" data-e-type=\"column\">\n\t\t\t<div class=\"elementor-widget-wrap elementor-element-populated\">\n\t\t\t\t\t\t<div class=\"elementor-element elementor-element-a2e7763 elementor-position-top elementor-widget elementor-widget-image-box\" data-id=\"a2e7763\" data-element_type=\"widget\" data-e-type=\"widget\" data-widget_type=\"image-box.default\">\n\t\t\t\t\t<div class=\"elementor-image-box-wrapper\"><figure class=\"elementor-image-box-img\"><img decoding=\"async\" width=\"512\" height=\"512\" src=\"https:\/\/bodhivita.cat\/wp-content\/uploads\/2024\/11\/yoga_5012250.png\" class=\"elementor-animation-grow attachment-full size-full wp-image-2859\" alt=\"\" srcset=\"https:\/\/bodhivita.cat\/wp-content\/uploads\/2024\/11\/yoga_5012250.png 512w, https:\/\/bodhivita.cat\/wp-content\/uploads\/2024\/11\/yoga_5012250-300x300.png 300w, https:\/\/bodhivita.cat\/wp-content\/uploads\/2024\/11\/yoga_5012250-150x150.png 150w\" sizes=\"(max-width: 512px) 100vw, 512px\" \/><\/figure><div class=\"elementor-image-box-content\"><h3 class=\"elementor-image-box-title\">Pilates<\/h3><p class=\"elementor-image-box-description\">Sesiones enfocadas a mejorar la postura, control corporal, estabilidad y fuerza funcional.<\/p><\/div><\/div>\t\t\t\t<\/div>\n\t\t\t\t<div class=\"elementor-element elementor-element-4cf30cc elementor-align-center elementor-widget elementor-widget-button\" data-id=\"4cf30cc\" data-element_type=\"widget\" data-e-type=\"widget\" data-widget_type=\"button.default\">\n\t\t\t\t\t\t\t\t\t\t<a class=\"elementor-button elementor-button-link elementor-size-sm\" href=\"https:\/\/bodhivita.cat\/es\/pilates\/\">\n\t\t\t\t\t\t<span class=\"elementor-button-content-wrapper\">\n\t\t\t\t\t\t\t\t\t<span class=\"elementor-button-text\">M\u00e1s informaci\u00f3n<\/span>\n\t\t\t\t\t<\/span>\n\t\t\t\t\t<\/a>\n\t\t\t\t\t\t\t\t<\/div>\n\t\t\t\t\t<\/div>\n\t\t<\/div>\n\t\t\t\t<div class=\"elementor-column elementor-col-20 elementor-inner-column elementor-element elementor-element-fd649f8\" data-id=\"fd649f8\" data-element_type=\"column\" data-e-type=\"column\">\n\t\t\t<div class=\"elementor-widget-wrap elementor-element-populated\">\n\t\t\t\t\t\t<div class=\"elementor-element elementor-element-6a9b0d3 elementor-position-top elementor-widget elementor-widget-image-box\" data-id=\"6a9b0d3\" data-element_type=\"widget\" data-e-type=\"widget\" data-widget_type=\"image-box.default\">\n\t\t\t\t\t<div class=\"elementor-image-box-wrapper\"><figure class=\"elementor-image-box-img\"><a href=\"https:\/\/bodhivita.cat\/es\/fisioterapia-traumatologica\/\" tabindex=\"-1\"><img decoding=\"async\" width=\"512\" height=\"512\" src=\"https:\/\/bodhivita.cat\/wp-content\/uploads\/2024\/11\/yoga-position_7574882.png\" class=\"elementor-animation-grow attachment-full size-full wp-image-2857\" alt=\"\" srcset=\"https:\/\/bodhivita.cat\/wp-content\/uploads\/2024\/11\/yoga-position_7574882.png 512w, https:\/\/bodhivita.cat\/wp-content\/uploads\/2024\/11\/yoga-position_7574882-300x300.png 300w, https:\/\/bodhivita.cat\/wp-content\/uploads\/2024\/11\/yoga-position_7574882-150x150.png 150w\" sizes=\"(max-width: 512px) 100vw, 512px\" \/><\/a><\/figure><div class=\"elementor-image-box-content\"><h3 class=\"elementor-image-box-title\"><a href=\"https:\/\/bodhivita.cat\/es\/fisioterapia-traumatologica\/\">Clases Chikung<\/a><\/h3><p class=\"elementor-image-box-description\">Movimiento suave, respiraci\u00f3n consciente y armon\u00eda energ\u00e9tica en una pr\u00e1ctica apta para todas las edades.<\/p><\/div><\/div>\t\t\t\t<\/div>\n\t\t\t\t<div class=\"elementor-element elementor-element-e96e67f elementor-align-center elementor-widget elementor-widget-button\" data-id=\"e96e67f\" data-element_type=\"widget\" data-e-type=\"widget\" data-widget_type=\"button.default\">\n\t\t\t\t\t\t\t\t\t\t<a class=\"elementor-button elementor-button-link elementor-size-sm\" href=\"https:\/\/bodhivita.cat\/es\/clases-de-chikung\/\">\n\t\t\t\t\t\t<span class=\"elementor-button-content-wrapper\">\n\t\t\t\t\t\t\t\t\t<span class=\"elementor-button-text\">M\u00e1s informaci\u00f3n<\/span>\n\t\t\t\t\t<\/span>\n\t\t\t\t\t<\/a>\n\t\t\t\t\t\t\t\t<\/div>\n\t\t\t\t\t<\/div>\n\t\t<\/div>\n\t\t\t\t<div class=\"elementor-column elementor-col-20 elementor-inner-column elementor-element elementor-element-7b586c6\" data-id=\"7b586c6\" data-element_type=\"column\" data-e-type=\"column\">\n\t\t\t<div class=\"elementor-widget-wrap elementor-element-populated\">\n\t\t\t\t\t\t<div class=\"elementor-element elementor-element-c61b2de elementor-position-top elementor-widget elementor-widget-image-box\" data-id=\"c61b2de\" data-element_type=\"widget\" data-e-type=\"widget\" data-widget_type=\"image-box.default\">\n\t\t\t\t\t<div class=\"elementor-image-box-wrapper\"><figure class=\"elementor-image-box-img\"><a href=\"https:\/\/bodhivita.cat\/es\/fisioterapia-neurologica\/\" tabindex=\"-1\"><img loading=\"lazy\" decoding=\"async\" width=\"512\" height=\"512\" src=\"https:\/\/bodhivita.cat\/wp-content\/uploads\/2024\/07\/pregnancy_15799700.png\" class=\"elementor-animation-grow attachment-full size-full wp-image-2596\" alt=\"\" srcset=\"https:\/\/bodhivita.cat\/wp-content\/uploads\/2024\/07\/pregnancy_15799700.png 512w, https:\/\/bodhivita.cat\/wp-content\/uploads\/2024\/07\/pregnancy_15799700-300x300.png 300w, https:\/\/bodhivita.cat\/wp-content\/uploads\/2024\/07\/pregnancy_15799700-150x150.png 150w\" sizes=\"(max-width: 512px) 100vw, 512px\" \/><\/a><\/figure><div class=\"elementor-image-box-content\"><h3 class=\"elementor-image-box-title\"><a href=\"https:\/\/bodhivita.cat\/es\/fisioterapia-neurologica\/\">Yoga Embarazo \/ Postparto<\/a><\/h3><p class=\"elementor-image-box-description\">Con Anna Giralt\n Sesiones adaptadas para cuidar el cuerpo durante el embarazo y recuperar el bienestar en el postparto.<\/p><\/div><\/div>\t\t\t\t<\/div>\n\t\t\t\t<div class=\"elementor-element elementor-element-8c2ff06 elementor-widget elementor-widget-text-editor\" data-id=\"8c2ff06\" data-element_type=\"widget\" data-e-type=\"widget\" data-widget_type=\"text-editor.default\">\n\t\t\t\t\t\t\t\t\t<h6><em>46,75\u20ac Socios<\/em><\/h6><h6><em>55 \u20ac No Socios<\/em><\/h6>\t\t\t\t\t\t\t\t<\/div>\n\t\t\t\t<div class=\"elementor-element elementor-element-f76f117 elementor-align-center elementor-widget elementor-widget-button\" data-id=\"f76f117\" data-element_type=\"widget\" data-e-type=\"widget\" data-widget_type=\"button.default\">\n\t\t\t\t\t\t\t\t\t\t<a class=\"elementor-button elementor-button-link elementor-size-sm\" href=\"https:\/\/bodhivita.cat\/es\/contacte\/\">\n\t\t\t\t\t\t<span class=\"elementor-button-content-wrapper\">\n\t\t\t\t\t\t\t\t\t<span class=\"elementor-button-text\">Reservar<\/span>\n\t\t\t\t\t<\/span>\n\t\t\t\t\t<\/a>\n\t\t\t\t\t\t\t\t<\/div>\n\t\t\t\t\t<\/div>\n\t\t<\/div>\n\t\t\t\t<div class=\"elementor-column elementor-col-20 elementor-inner-column elementor-element elementor-element-aa2adbf\" data-id=\"aa2adbf\" data-element_type=\"column\" data-e-type=\"column\">\n\t\t\t<div class=\"elementor-widget-wrap elementor-element-populated\">\n\t\t\t\t\t\t<div class=\"elementor-element elementor-element-960c687 elementor-position-top elementor-widget elementor-widget-image-box\" data-id=\"960c687\" data-element_type=\"widget\" data-e-type=\"widget\" data-widget_type=\"image-box.default\">\n\t\t\t\t\t<div class=\"elementor-image-box-wrapper\"><figure class=\"elementor-image-box-img\"><a href=\"https:\/\/bodhivita.cat\/es\/osteopatia\/\" tabindex=\"-1\"><img loading=\"lazy\" decoding=\"async\" width=\"512\" height=\"512\" src=\"https:\/\/bodhivita.cat\/wp-content\/uploads\/2024\/07\/yoga_7259300.png\" class=\"elementor-animation-grow attachment-full size-full wp-image-2594\" alt=\"\" srcset=\"https:\/\/bodhivita.cat\/wp-content\/uploads\/2024\/07\/yoga_7259300.png 512w, https:\/\/bodhivita.cat\/wp-content\/uploads\/2024\/07\/yoga_7259300-300x300.png 300w, https:\/\/bodhivita.cat\/wp-content\/uploads\/2024\/07\/yoga_7259300-150x150.png 150w\" sizes=\"(max-width: 512px) 100vw, 512px\" \/><\/a><\/figure><div class=\"elementor-image-box-content\"><h3 class=\"elementor-image-box-title\"><a href=\"https:\/\/bodhivita.cat\/es\/osteopatia\/\">Yoga y movimiento<br> (para todos)<\/a><\/h3><p class=\"elementor-image-box-description\">Con Anna Giralt\n Movimiento consciente, estiramientos y respiraci\u00f3n para mejorar la flexibilidad y el bienestar global.<\/p><\/div><\/div>\t\t\t\t<\/div>\n\t\t\t\t<div class=\"elementor-element elementor-element-35b6081 elementor-widget elementor-widget-text-editor\" data-id=\"35b6081\" data-element_type=\"widget\" data-e-type=\"widget\" data-widget_type=\"text-editor.default\">\n\t\t\t\t\t\t\t\t\t<h6><em>50 \u20ac<\/em><\/h6>\t\t\t\t\t\t\t\t<\/div>\n\t\t\t\t<div class=\"elementor-element elementor-element-5264dde elementor-align-center elementor-widget elementor-widget-button\" data-id=\"5264dde\" data-element_type=\"widget\" data-e-type=\"widget\" data-widget_type=\"button.default\">\n\t\t\t\t\t\t\t\t\t\t<a class=\"elementor-button elementor-button-link elementor-size-sm\" href=\"https:\/\/bodhivita.cat\/es\/contacte\/\">\n\t\t\t\t\t\t<span class=\"elementor-button-content-wrapper\">\n\t\t\t\t\t\t\t\t\t<span class=\"elementor-button-text\">Reservar<\/span>\n\t\t\t\t\t<\/span>\n\t\t\t\t\t<\/a>\n\t\t\t\t\t\t\t\t<\/div>\n\t\t\t\t\t<\/div>\n\t\t<\/div>\n\t\t\t\t<div class=\"elementor-column elementor-col-20 elementor-inner-column elementor-element elementor-element-c8c6196\" data-id=\"c8c6196\" data-element_type=\"column\" data-e-type=\"column\">\n\t\t\t<div class=\"elementor-widget-wrap elementor-element-populated\">\n\t\t\t\t\t\t<div class=\"elementor-element elementor-element-240a063 elementor-position-top elementor-widget elementor-widget-image-box\" data-id=\"240a063\" data-element_type=\"widget\" data-e-type=\"widget\" data-widget_type=\"image-box.default\">\n\t\t\t\t\t<div class=\"elementor-image-box-wrapper\"><figure class=\"elementor-image-box-img\"><a href=\"https:\/\/bodhivita.cat\/es\/fisioterapia-traumatologica\/\" tabindex=\"-1\"><img loading=\"lazy\" decoding=\"async\" width=\"512\" height=\"512\" src=\"https:\/\/bodhivita.cat\/wp-content\/uploads\/2024\/11\/insurance_1833834.png\" class=\"elementor-animation-grow attachment-full size-full wp-image-2852\" alt=\"\" srcset=\"https:\/\/bodhivita.cat\/wp-content\/uploads\/2024\/11\/insurance_1833834.png 512w, https:\/\/bodhivita.cat\/wp-content\/uploads\/2024\/11\/insurance_1833834-300x300.png 300w, https:\/\/bodhivita.cat\/wp-content\/uploads\/2024\/11\/insurance_1833834-150x150.png 150w\" sizes=\"(max-width: 512px) 100vw, 512px\" \/><\/a><\/figure><div class=\"elementor-image-box-content\"><h3 class=\"elementor-image-box-title\"><a href=\"https:\/\/bodhivita.cat\/es\/fisioterapia-traumatologica\/\">Activaci\u00f3n y movimento + 65<\/a><\/h3><p class=\"elementor-image-box-description\">Actividad suave y adaptada para mantener la movilidad, fuerza y \u200b\u200bautonom\u00eda en personas mayores de 65 a\u00f1os.<\/p><\/div><\/div>\t\t\t\t<\/div>\n\t\t\t\t<div class=\"elementor-element elementor-element-28f541c elementor-align-center elementor-widget elementor-widget-button\" data-id=\"28f541c\" data-element_type=\"widget\" data-e-type=\"widget\" data-widget_type=\"button.default\">\n\t\t\t\t\t\t\t\t\t\t<a class=\"elementor-button elementor-button-link elementor-size-sm\" href=\"https:\/\/bodhivita.cat\/es\/contacte\/\">\n\t\t\t\t\t\t<span class=\"elementor-button-content-wrapper\">\n\t\t\t\t\t\t\t\t\t<span class=\"elementor-button-text\">Reserva<\/span>\n\t\t\t\t\t<\/span>\n\t\t\t\t\t<\/a>\n\t\t\t\t\t\t\t\t<\/div>\n\t\t\t\t\t<\/div>\n\t\t<\/div>\n\t\t\t\t\t<\/div>\n\t\t<\/section>\n\t\t\t\t\t<\/div>\n\t\t<\/div>\n\t\t\t\t\t<\/div>\n\t\t<\/section>\n\t\t\t\t<\/div>\n\t\t","protected":false},"excerpt":{"rendered":"<p>Clases dirigidas Actividad f\u00edsica en grupo en Sant Andreu (Barcelona) En Bodhivita ofrecemos clases dirigidas en grupos reducidos , con un m\u00e1ximo de 6 personas , impartidas por fisioterapeutas especializados. El objetivo es proporcionar un espacio seguro y personalizado donde disfrutar del movimiento, mejorar la salud f\u00edsica y fomentar el autocuidado de forma gradual y [&hellip;]<\/p>\n","protected":false},"author":14,"featured_media":0,"parent":0,"menu_order":0,"comment_status":"closed","ping_status":"closed","template":"elementor_header_footer","meta":{"_monsterinsights_skip_tracking":false,"_monsterinsights_sitenote_active":false,"_monsterinsights_sitenote_note":"","_monsterinsights_sitenote_category":0,"_joinchat":[],"footnotes":""},"class_list":["post-1876","page","type-page","status-publish","hentry"],"yoast_head":"<!-- This site is optimized with the Yoast SEO plugin v27.3 - https:\/\/yoast.com\/product\/yoast-seo-wordpress\/ -->\n<title>Ap\u00fantate a las Clases dirigidas con Sant Andreu | Bodhivita<\/title>\n<meta name=\"description\" content=\"Clases dirigidas de Pilates, Yoga, Chikung y activaci\u00f3n +65 en grupos reducidos impartidas por fisioterapeutas. Mejora la fuerza, la movilidad y el bienestar.\" \/>\n<meta name=\"robots\" content=\"index, follow, max-snippet:-1, max-image-preview:large, max-video-preview:-1\" \/>\n<link rel=\"canonical\" href=\"https:\/\/bodhivita.cat\/es\/classes-grupals\" \/>\n<meta property=\"og:locale\" content=\"es_ES\" \/>\n<meta property=\"og:type\" content=\"article\" \/>\n<meta property=\"og:title\" content=\"Ap\u00fantate a las Clases dirigidas con Sant Andreu | Bodhivita\" \/>\n<meta property=\"og:description\" content=\"Clases dirigidas de Pilates, Yoga, Chikung y activaci\u00f3n +65 en grupos reducidos impartidas por fisioterapeutas. Mejora la fuerza, la movilidad y el bienestar.\" \/>\n<meta property=\"og:url\" content=\"https:\/\/bodhivita.cat\/es\/classes-grupals\" \/>\n<meta property=\"og:site_name\" content=\"Fisioterapeutes i Oste\u00f2pates a Sant Andreu (Barcelona) | Bodhivita\" \/>\n<meta property=\"article:publisher\" content=\"https:\/\/www.facebook.com\/bodhivita\/\" \/>\n<meta property=\"article:modified_time\" content=\"2025-11-28T11:19:17+00:00\" \/>\n<meta property=\"og:image\" content=\"https:\/\/bodhivita.cat\/wp-content\/uploads\/2019\/12\/14793-scaled.jpg\" \/>\n<meta name=\"twitter:card\" content=\"summary_large_image\" \/>\n<meta name=\"twitter:label1\" content=\"Tiempo de lectura\" \/>\n\t<meta name=\"twitter:data1\" content=\"3 minutos\" \/>\n<!-- \/ Yoast SEO plugin. -->","yoast_head_json":{"title":"Ap\u00fantate a las Clases dirigidas con Sant Andreu | Bodhivita","description":"Clases dirigidas de Pilates, Yoga, Chikung y activaci\u00f3n +65 en grupos reducidos impartidas por fisioterapeutas. Mejora la fuerza, la movilidad y el bienestar.","robots":{"index":"index","follow":"follow","max-snippet":"max-snippet:-1","max-image-preview":"max-image-preview:large","max-video-preview":"max-video-preview:-1"},"canonical":"https:\/\/bodhivita.cat\/es\/classes-grupals","og_locale":"es_ES","og_type":"article","og_title":"Ap\u00fantate a las Clases dirigidas con Sant Andreu | Bodhivita","og_description":"Clases dirigidas de Pilates, Yoga, Chikung y activaci\u00f3n +65 en grupos reducidos impartidas por fisioterapeutas. Mejora la fuerza, la movilidad y el bienestar.","og_url":"https:\/\/bodhivita.cat\/es\/classes-grupals","og_site_name":"Fisioterapeutes i Oste\u00f2pates a Sant Andreu (Barcelona) | Bodhivita","article_publisher":"https:\/\/www.facebook.com\/bodhivita\/","article_modified_time":"2025-11-28T11:19:17+00:00","og_image":[{"url":"https:\/\/bodhivita.cat\/wp-content\/uploads\/2019\/12\/14793-scaled.jpg","type":"","width":"","height":""}],"twitter_card":"summary_large_image","twitter_misc":{"Tiempo de lectura":"3 minutos"},"schema":{"@context":"https:\/\/schema.org","@graph":[{"@type":"WebPage","@id":"https:\/\/bodhivita.cat\/es\/classes-grupals\/","url":"https:\/\/bodhivita.cat\/es\/classes-grupals","name":"Ap\u00fantate a las Clases dirigidas con Sant Andreu | Bodhivita","isPartOf":{"@id":"https:\/\/bodhivita.cat\/#website"},"primaryImageOfPage":{"@id":"https:\/\/bodhivita.cat\/es\/classes-grupals#primaryimage"},"image":{"@id":"https:\/\/bodhivita.cat\/es\/classes-grupals#primaryimage"},"thumbnailUrl":"https:\/\/bodhivita.cat\/wp-content\/uploads\/2019\/12\/14793-scaled.jpg","datePublished":"2020-12-08T14:50:23+00:00","dateModified":"2025-11-28T11:19:17+00:00","description":"Clases dirigidas de Pilates, Yoga, Chikung y activaci\u00f3n +65 en grupos reducidos impartidas por fisioterapeutas. Mejora la fuerza, la movilidad y el bienestar.","breadcrumb":{"@id":"https:\/\/bodhivita.cat\/es\/classes-grupals#breadcrumb"},"inLanguage":"es","potentialAction":[{"@type":"ReadAction","target":["https:\/\/bodhivita.cat\/es\/classes-grupals"]}]},{"@type":"ImageObject","inLanguage":"es","@id":"https:\/\/bodhivita.cat\/es\/classes-grupals#primaryimage","url":"https:\/\/bodhivita.cat\/wp-content\/uploads\/2019\/12\/14793-scaled.jpg","contentUrl":"https:\/\/bodhivita.cat\/wp-content\/uploads\/2019\/12\/14793-scaled.jpg"},{"@type":"BreadcrumbList","@id":"https:\/\/bodhivita.cat\/es\/classes-grupals#breadcrumb","itemListElement":[{"@type":"ListItem","position":1,"name":"Portada","item":"https:\/\/bodhivita.cat\/es\/inici\/"},{"@type":"ListItem","position":2,"name":"Clases dirigidas"}]},{"@type":"WebSite","@id":"https:\/\/bodhivita.cat\/#website","url":"https:\/\/bodhivita.cat\/","name":"BODHIVITA","description":"Tractaments de fisioter\u00e0pia, osteopatia, acupuntura i nutrici\u00f3 a Sant Andreu (Barcelona). Salut integrativa amb professionals especialitzats.","publisher":{"@id":"https:\/\/bodhivita.cat\/#organization"},"potentialAction":[{"@type":"SearchAction","target":{"@type":"EntryPoint","urlTemplate":"https:\/\/bodhivita.cat\/?s={search_term_string}"},"query-input":{"@type":"PropertyValueSpecification","valueRequired":true,"valueName":"search_term_string"}}],"inLanguage":"es"},{"@type":"Organization","@id":"https:\/\/bodhivita.cat\/#organization","name":"Fisioter\u00e0pia, osteopatia i ter\u00e0pies naturals a Sant Andreu, Barcelona | BodhiVita","url":"https:\/\/bodhivita.cat\/","logo":{"@type":"ImageObject","inLanguage":"es","@id":"https:\/\/bodhivita.cat\/#\/schema\/logo\/image\/","url":"https:\/\/bodhivita.cat\/wp-content\/uploads\/2019\/06\/cropped-bodhivita-web-1.png","contentUrl":"https:\/\/bodhivita.cat\/wp-content\/uploads\/2019\/06\/cropped-bodhivita-web-1.png","width":512,"height":512,"caption":"Fisioter\u00e0pia, osteopatia i ter\u00e0pies naturals a Sant Andreu, Barcelona | BodhiVita"},"image":{"@id":"https:\/\/bodhivita.cat\/#\/schema\/logo\/image\/"},"sameAs":["https:\/\/www.facebook.com\/bodhivita\/","https:\/\/www.instagram.com\/bodhivita"]}]}},"_links":{"self":[{"href":"https:\/\/bodhivita.cat\/es\/wp-json\/wp\/v2\/pages\/1876","targetHints":{"allow":["GET"]}}],"collection":[{"href":"https:\/\/bodhivita.cat\/es\/wp-json\/wp\/v2\/pages"}],"about":[{"href":"https:\/\/bodhivita.cat\/es\/wp-json\/wp\/v2\/types\/page"}],"author":[{"embeddable":true,"href":"https:\/\/bodhivita.cat\/es\/wp-json\/wp\/v2\/users\/14"}],"replies":[{"embeddable":true,"href":"https:\/\/bodhivita.cat\/es\/wp-json\/wp\/v2\/comments?post=1876"}],"version-history":[{"count":11,"href":"https:\/\/bodhivita.cat\/es\/wp-json\/wp\/v2\/pages\/1876\/revisions"}],"predecessor-version":[{"id":3347,"href":"https:\/\/bodhivita.cat\/es\/wp-json\/wp\/v2\/pages\/1876\/revisions\/3347"}],"wp:attachment":[{"href":"https:\/\/bodhivita.cat\/es\/wp-json\/wp\/v2\/media?parent=1876"}],"curies":[{"name":"wp","href":"https:\/\/api.w.org\/{rel}","templated":true}]}}