{"id":1913,"date":"2023-01-04T14:15:45","date_gmt":"2023-01-04T12:15:45","guid":{"rendered":"https:\/\/bodhivita.cat\/hipnoterapia\/"},"modified":"2025-12-02T18:37:47","modified_gmt":"2025-12-02T16:37:47","slug":"hipnoterapia","status":"publish","type":"page","link":"https:\/\/bodhivita.cat\/es\/hipnoterapia\/","title":{"rendered":"Hipnoterapia"},"content":{"rendered":"\t\t<div data-elementor-type=\"wp-page\" data-elementor-id=\"1913\" class=\"elementor elementor-1913 elementor-1718\" data-elementor-post-type=\"page\">\n\t\t\t\t\t\t<section class=\"elementor-section elementor-top-section elementor-element elementor-element-904c645 elementor-section-height-min-height elementor-section-items-stretch elementor-section-stretched elementor-section-boxed elementor-section-height-default\" data-id=\"904c645\" data-element_type=\"section\" data-e-type=\"section\" data-settings=\"{&quot;background_background&quot;:&quot;classic&quot;,&quot;stretch_section&quot;:&quot;section-stretched&quot;}\">\n\t\t\t\t\t\t<div class=\"elementor-container elementor-column-gap-default\">\n\t\t\t\t\t<div class=\"elementor-column elementor-col-50 elementor-top-column elementor-element elementor-element-1fea6b0\" data-id=\"1fea6b0\" data-element_type=\"column\" data-e-type=\"column\" data-settings=\"{&quot;background_background&quot;:&quot;classic&quot;}\">\n\t\t\t<div class=\"elementor-widget-wrap elementor-element-populated\">\n\t\t\t\t\t\t<div class=\"elementor-element elementor-element-f26a72f elementor-widget elementor-widget-heading\" data-id=\"f26a72f\" data-element_type=\"widget\" data-e-type=\"widget\" data-widget_type=\"heading.default\">\n\t\t\t\t\t<h1 class=\"elementor-heading-title elementor-size-default\">hipnoterapia<\/h1>\t\t\t\t<\/div>\n\t\t\t\t<div class=\"elementor-element elementor-element-0fda19c elementor-widget elementor-widget-text-editor\" data-id=\"0fda19c\" data-element_type=\"widget\" data-e-type=\"widget\" data-widget_type=\"text-editor.default\">\n\t\t\t\t\t\t\t\t\t<p>Cuando hablamos de hipnosis es importante dejar de lado los falsos mitos antiguos asociados a la hipnosis de espect\u00e1culo. Esta no tiene nada que ver con la Hipnosis terap\u00e9utica.<\/p>\n<p>La Hipnosis terap\u00e9utica es el estado emocional de concentraci\u00f3n m\u00e1s aguda, que se da al mismo tiempo en un estado de profunda relajaci\u00f3n. <\/p>\n<div> <\/div>\n\t\t\t\t\t\t\t\t<\/div>\n\t\t\t\t<div class=\"elementor-element elementor-element-5452235 elementor-align-left elementor-mobile-align-justify elementor-widget elementor-widget-button\" data-id=\"5452235\" data-element_type=\"widget\" data-e-type=\"widget\" data-widget_type=\"button.default\">\n\t\t\t\t\t\t\t\t\t\t<a class=\"elementor-button elementor-button-link elementor-size-sm elementor-animation-grow\" href=\"https:\/\/appbodhivita.viday.es\/\" target=\"_blank\" rel=\"nofollow\">\n\t\t\t\t\t\t<span class=\"elementor-button-content-wrapper\">\n\t\t\t\t\t\t<span class=\"elementor-button-icon\">\n\t\t\t\t<svg aria-hidden=\"true\" class=\"e-font-icon-svg e-fas-hands\" viewBox=\"0 0 640 512\" xmlns=\"http:\/\/www.w3.org\/2000\/svg\"><path d=\"M204.8 230.4c-10.6-14.1-30.7-17-44.8-6.4-14.1 10.6-17 30.7-6.4 44.8l38.1 50.8c4.8 6.4 4.1 15.3-1.5 20.9l-12.8 12.8c-6.7 6.7-17.6 6.2-23.6-1.1L64 244.4V96c0-17.7-14.3-32-32-32S0 78.3 0 96v218.4c0 10.9 3.7 21.5 10.5 30l104.1 134.3c5 6.5 8.4 13.9 10.4 21.7 1.8 6.9 8.1 11.6 15.3 11.6H272c8.8 0 16-7.2 16-16V384c0-27.7-9-54.6-25.6-76.8l-57.6-76.8zM608 64c-17.7 0-32 14.3-32 32v148.4l-89.8 107.8c-6 7.2-17 7.7-23.6 1.1l-12.8-12.8c-5.6-5.6-6.3-14.5-1.5-20.9l38.1-50.8c10.6-14.1 7.7-34.2-6.4-44.8-14.1-10.6-34.2-7.7-44.8 6.4l-57.6 76.8C361 329.4 352 356.3 352 384v112c0 8.8 7.2 16 16 16h131.7c7.1 0 13.5-4.7 15.3-11.6 2-7.8 5.4-15.2 10.4-21.7l104.1-134.3c6.8-8.5 10.5-19.1 10.5-30V96c0-17.7-14.3-32-32-32z\"><\/path><\/svg>\t\t\t<\/span>\n\t\t\t\t\t\t\t\t\t<span class=\"elementor-button-text\">Reserva tu sesi\u00f3n<\/span>\n\t\t\t\t\t<\/span>\n\t\t\t\t\t<\/a>\n\t\t\t\t\t\t\t\t<\/div>\n\t\t\t\t\t<\/div>\n\t\t<\/div>\n\t\t\t\t<div class=\"elementor-column elementor-col-50 elementor-top-column elementor-element elementor-element-3ea3c2c\" data-id=\"3ea3c2c\" data-element_type=\"column\" data-e-type=\"column\" data-settings=\"{&quot;background_background&quot;:&quot;classic&quot;}\">\n\t\t\t<div class=\"elementor-widget-wrap elementor-element-populated\">\n\t\t\t\t\t\t<div class=\"elementor-element elementor-element-7682743 elementor-widget elementor-widget-image\" data-id=\"7682743\" data-element_type=\"widget\" data-e-type=\"widget\" data-widget_type=\"image.default\">\n\t\t\t\t\t\t\t\t\t\t\t\t\t\t\t<img fetchpriority=\"high\" decoding=\"async\" width=\"800\" height=\"534\" src=\"https:\/\/bodhivita.cat\/wp-content\/uploads\/2023\/01\/woman-being-hypnotized-while-lying-on-the-floor-1024x683.jpg\" class=\"attachment-large size-large wp-image-1721\" alt=\"Hipnosi a Sant Andreu (Barcelona) | Bodhivita - Hipnosis en Sant Andreu (Barcelona | Bodhivita\" srcset=\"https:\/\/bodhivita.cat\/wp-content\/uploads\/2023\/01\/woman-being-hypnotized-while-lying-on-the-floor-1024x683.jpg 1024w, https:\/\/bodhivita.cat\/wp-content\/uploads\/2023\/01\/woman-being-hypnotized-while-lying-on-the-floor-300x200.jpg 300w, https:\/\/bodhivita.cat\/wp-content\/uploads\/2023\/01\/woman-being-hypnotized-while-lying-on-the-floor-768x512.jpg 768w, https:\/\/bodhivita.cat\/wp-content\/uploads\/2023\/01\/woman-being-hypnotized-while-lying-on-the-floor-1536x1024.jpg 1536w, https:\/\/bodhivita.cat\/wp-content\/uploads\/2023\/01\/woman-being-hypnotized-while-lying-on-the-floor-2048x1365.jpg 2048w\" sizes=\"(max-width: 800px) 100vw, 800px\" \/>\t\t\t\t\t\t\t\t\t\t\t\t\t\t\t<\/div>\n\t\t\t\t\t<\/div>\n\t\t<\/div>\n\t\t\t\t\t<\/div>\n\t\t<\/section>\n\t\t\t\t<section class=\"elementor-section elementor-top-section elementor-element elementor-element-54822cd elementor-section-boxed elementor-section-height-default elementor-section-height-default\" data-id=\"54822cd\" data-element_type=\"section\" data-e-type=\"section\">\n\t\t\t\t\t\t<div class=\"elementor-container elementor-column-gap-default\">\n\t\t\t\t\t<div class=\"elementor-column elementor-col-100 elementor-top-column elementor-element elementor-element-b36094b\" data-id=\"b36094b\" data-element_type=\"column\" data-e-type=\"column\">\n\t\t\t<div class=\"elementor-widget-wrap elementor-element-populated\">\n\t\t\t\t\t\t<div class=\"elementor-element elementor-element-3ac6c1b elementor-widget elementor-widget-heading\" data-id=\"3ac6c1b\" data-element_type=\"widget\" data-e-type=\"widget\" data-widget_type=\"heading.default\">\n\t\t\t\t\t<h2 class=\"elementor-heading-title elementor-size-default\">\u00bfC\u00f3mo trabajamos la hipnosis hol\u00edstica?<\/h2>\t\t\t\t<\/div>\n\t\t\t\t<div class=\"elementor-element elementor-element-742b09f elementor-widget elementor-widget-text-editor\" data-id=\"742b09f\" data-element_type=\"widget\" data-e-type=\"widget\" data-widget_type=\"text-editor.default\">\n\t\t\t\t\t\t\t\t\t<p>El paciente nunca pierde la<b>consciencia.<\/b> Siempre hay un di\u00e1logo consciente y un an\u00e1lisis profundo del problema y una conexi\u00f3n con la esencia. El subconsciente siempre est\u00e1 en contacto con el alma. <\/p>\n<p>El enfoque principal de la Hipnoterapia es que desde la primera sesi\u00f3n se pueda encontrar aquellos <b>patrones subconscientes y creencias err\u00f3neas<\/b> que nos limitan e impiden conseguir los objetivos en las diferentes \u00e1reas de nuestra vida y as\u00ed poder avanzar.<\/p>\n<p>El<b> m\u00e9todo pleoma<\/b> va paso a paso liberando capas para llegar al n\u00facleo del problema y neutralizarlo. <\/p>\n<\/p>\n<p>Se utilizan herramientas terap\u00e9uticas como:<\/p>\n<p>\u2981 Cartas OH<\/p>\n<p>\u2981 Cartas asociativas<\/p>\n<p>\u2981 Imaginer\u00eda guiada<\/p>\n<p>\u2981 Hipnosis sugestiva<\/p>\n\t\t\t\t\t\t\t\t<\/div>\n\t\t\t\t<div class=\"elementor-element elementor-element-075a169 elementor-widget elementor-widget-heading\" data-id=\"075a169\" data-element_type=\"widget\" data-e-type=\"widget\" data-widget_type=\"heading.default\">\n\t\t\t\t\t<h2 class=\"elementor-heading-title elementor-size-default\">\u00bfA qui\u00e9n va dirigida?<\/h2>\t\t\t\t<\/div>\n\t\t\t\t<section class=\"elementor-section elementor-inner-section elementor-element elementor-element-9b3cb1d elementor-section-boxed elementor-section-height-default elementor-section-height-default\" data-id=\"9b3cb1d\" data-element_type=\"section\" data-e-type=\"section\">\n\t\t\t\t\t\t<div class=\"elementor-container elementor-column-gap-default\">\n\t\t\t\t\t<div class=\"elementor-column elementor-col-100 elementor-inner-column elementor-element elementor-element-bf96444\" data-id=\"bf96444\" data-element_type=\"column\" data-e-type=\"column\">\n\t\t\t<div class=\"elementor-widget-wrap elementor-element-populated\">\n\t\t\t\t\t\t<div class=\"elementor-element elementor-element-8cf14bc elementor-icon-list--layout-traditional elementor-list-item-link-full_width elementor-widget elementor-widget-icon-list\" data-id=\"8cf14bc\" data-element_type=\"widget\" data-e-type=\"widget\" data-widget_type=\"icon-list.default\">\n\t\t\t\t\t\t\t<ul class=\"elementor-icon-list-items\">\n\t\t\t\t\t\t\t<li class=\"elementor-icon-list-item\">\n\t\t\t\t\t\t\t\t\t\t\t<span class=\"elementor-icon-list-icon\">\n\t\t\t\t\t\t\t<svg aria-hidden=\"true\" class=\"e-font-icon-svg e-fas-caret-right\" viewBox=\"0 0 192 512\" xmlns=\"http:\/\/www.w3.org\/2000\/svg\"><path d=\"M0 384.662V127.338c0-17.818 21.543-26.741 34.142-14.142l128.662 128.662c7.81 7.81 7.81 20.474 0 28.284L34.142 398.804C21.543 411.404 0 402.48 0 384.662z\"><\/path><\/svg>\t\t\t\t\t\t<\/span>\n\t\t\t\t\t\t\t\t\t\t<span class=\"elementor-icon-list-text\">Ansiedad<\/span>\n\t\t\t\t\t\t\t\t\t<\/li>\n\t\t\t\t\t\t\t\t<li class=\"elementor-icon-list-item\">\n\t\t\t\t\t\t\t\t\t\t\t<span class=\"elementor-icon-list-icon\">\n\t\t\t\t\t\t\t<svg aria-hidden=\"true\" class=\"e-font-icon-svg e-fas-caret-right\" viewBox=\"0 0 192 512\" xmlns=\"http:\/\/www.w3.org\/2000\/svg\"><path d=\"M0 384.662V127.338c0-17.818 21.543-26.741 34.142-14.142l128.662 128.662c7.81 7.81 7.81 20.474 0 28.284L34.142 398.804C21.543 411.404 0 402.48 0 384.662z\"><\/path><\/svg>\t\t\t\t\t\t<\/span>\n\t\t\t\t\t\t\t\t\t\t<span class=\"elementor-icon-list-text\">Insomnio<\/span>\n\t\t\t\t\t\t\t\t\t<\/li>\n\t\t\t\t\t\t\t\t<li class=\"elementor-icon-list-item\">\n\t\t\t\t\t\t\t\t\t\t\t<span class=\"elementor-icon-list-icon\">\n\t\t\t\t\t\t\t<svg aria-hidden=\"true\" class=\"e-font-icon-svg e-fas-caret-right\" viewBox=\"0 0 192 512\" xmlns=\"http:\/\/www.w3.org\/2000\/svg\"><path d=\"M0 384.662V127.338c0-17.818 21.543-26.741 34.142-14.142l128.662 128.662c7.81 7.81 7.81 20.474 0 28.284L34.142 398.804C21.543 411.404 0 402.48 0 384.662z\"><\/path><\/svg>\t\t\t\t\t\t<\/span>\n\t\t\t\t\t\t\t\t\t\t<span class=\"elementor-icon-list-text\">Depresi\u00f3n<\/span>\n\t\t\t\t\t\t\t\t\t<\/li>\n\t\t\t\t\t\t\t\t<li class=\"elementor-icon-list-item\">\n\t\t\t\t\t\t\t\t\t\t\t<span class=\"elementor-icon-list-icon\">\n\t\t\t\t\t\t\t<svg aria-hidden=\"true\" class=\"e-font-icon-svg e-fas-caret-right\" viewBox=\"0 0 192 512\" xmlns=\"http:\/\/www.w3.org\/2000\/svg\"><path d=\"M0 384.662V127.338c0-17.818 21.543-26.741 34.142-14.142l128.662 128.662c7.81 7.81 7.81 20.474 0 28.284L34.142 398.804C21.543 411.404 0 402.48 0 384.662z\"><\/path><\/svg>\t\t\t\t\t\t<\/span>\n\t\t\t\t\t\t\t\t\t\t<span class=\"elementor-icon-list-text\">Trastornos alimentarios<\/span>\n\t\t\t\t\t\t\t\t\t<\/li>\n\t\t\t\t\t\t\t\t<li class=\"elementor-icon-list-item\">\n\t\t\t\t\t\t\t\t\t\t\t<span class=\"elementor-icon-list-icon\">\n\t\t\t\t\t\t\t<svg aria-hidden=\"true\" class=\"e-font-icon-svg e-fas-caret-right\" viewBox=\"0 0 192 512\" xmlns=\"http:\/\/www.w3.org\/2000\/svg\"><path d=\"M0 384.662V127.338c0-17.818 21.543-26.741 34.142-14.142l128.662 128.662c7.81 7.81 7.81 20.474 0 28.284L34.142 398.804C21.543 411.404 0 402.48 0 384.662z\"><\/path><\/svg>\t\t\t\t\t\t<\/span>\n\t\t\t\t\t\t\t\t\t\t<span class=\"elementor-icon-list-text\">Trastornos psicol\u00f3gicos<\/span>\n\t\t\t\t\t\t\t\t\t<\/li>\n\t\t\t\t\t\t\t\t<li class=\"elementor-icon-list-item\">\n\t\t\t\t\t\t\t\t\t\t\t<span class=\"elementor-icon-list-icon\">\n\t\t\t\t\t\t\t<svg aria-hidden=\"true\" class=\"e-font-icon-svg e-fas-caret-right\" viewBox=\"0 0 192 512\" xmlns=\"http:\/\/www.w3.org\/2000\/svg\"><path d=\"M0 384.662V127.338c0-17.818 21.543-26.741 34.142-14.142l128.662 128.662c7.81 7.81 7.81 20.474 0 28.284L34.142 398.804C21.543 411.404 0 402.48 0 384.662z\"><\/path><\/svg>\t\t\t\t\t\t<\/span>\n\t\t\t\t\t\t\t\t\t\t<span class=\"elementor-icon-list-text\">Dolor f\u00edsico<\/span>\n\t\t\t\t\t\t\t\t\t<\/li>\n\t\t\t\t\t\t<\/ul>\n\t\t\t\t\t\t<\/div>\n\t\t\t\t\t<\/div>\n\t\t<\/div>\n\t\t\t\t\t<\/div>\n\t\t<\/section>\n\t\t\t\t<div class=\"elementor-element elementor-element-66ed31f elementor-align-left elementor-mobile-align-justify elementor-hidden-desktop elementor-hidden-tablet elementor-widget elementor-widget-button\" data-id=\"66ed31f\" data-element_type=\"widget\" data-e-type=\"widget\" data-widget_type=\"button.default\">\n\t\t\t\t\t\t\t\t\t\t<a class=\"elementor-button elementor-button-link elementor-size-sm elementor-animation-grow\" href=\"https:\/\/connect.timp.pro\/centers\/4879-bodhivita\" target=\"_blank\" rel=\"nofollow\">\n\t\t\t\t\t\t<span class=\"elementor-button-content-wrapper\">\n\t\t\t\t\t\t<span class=\"elementor-button-icon\">\n\t\t\t\t<svg aria-hidden=\"true\" class=\"e-font-icon-svg e-fas-hands\" viewBox=\"0 0 640 512\" xmlns=\"http:\/\/www.w3.org\/2000\/svg\"><path d=\"M204.8 230.4c-10.6-14.1-30.7-17-44.8-6.4-14.1 10.6-17 30.7-6.4 44.8l38.1 50.8c4.8 6.4 4.1 15.3-1.5 20.9l-12.8 12.8c-6.7 6.7-17.6 6.2-23.6-1.1L64 244.4V96c0-17.7-14.3-32-32-32S0 78.3 0 96v218.4c0 10.9 3.7 21.5 10.5 30l104.1 134.3c5 6.5 8.4 13.9 10.4 21.7 1.8 6.9 8.1 11.6 15.3 11.6H272c8.8 0 16-7.2 16-16V384c0-27.7-9-54.6-25.6-76.8l-57.6-76.8zM608 64c-17.7 0-32 14.3-32 32v148.4l-89.8 107.8c-6 7.2-17 7.7-23.6 1.1l-12.8-12.8c-5.6-5.6-6.3-14.5-1.5-20.9l38.1-50.8c10.6-14.1 7.7-34.2-6.4-44.8-14.1-10.6-34.2-7.7-44.8 6.4l-57.6 76.8C361 329.4 352 356.3 352 384v112c0 8.8 7.2 16 16 16h131.7c7.1 0 13.5-4.7 15.3-11.6 2-7.8 5.4-15.2 10.4-21.7l104.1-134.3c6.8-8.5 10.5-19.1 10.5-30V96c0-17.7-14.3-32-32-32z\"><\/path><\/svg>\t\t\t<\/span>\n\t\t\t\t\t\t\t\t\t<span class=\"elementor-button-text\">Reserva tu sesi\u00f3n<\/span>\n\t\t\t\t\t<\/span>\n\t\t\t\t\t<\/a>\n\t\t\t\t\t\t\t\t<\/div>\n\t\t\t\t\t<\/div>\n\t\t<\/div>\n\t\t\t\t\t<\/div>\n\t\t<\/section>\n\t\t\t\t<\/div>\n\t\t","protected":false},"excerpt":{"rendered":"<p>hipnoterapia Cuando hablamos de hipnosis es importante dejar de lado los falsos mitos antiguos asociados a la hipnosis de espect\u00e1culo. Esta no tiene nada que ver con la Hipnosis terap\u00e9utica. La Hipnosis terap\u00e9utica es el estado emocional de concentraci\u00f3n m\u00e1s aguda, que se da al mismo tiempo en un estado de profunda relajaci\u00f3n. Reserva tu [&hellip;]<\/p>\n","protected":false},"author":14,"featured_media":0,"parent":0,"menu_order":0,"comment_status":"closed","ping_status":"closed","template":"elementor_header_footer","meta":{"_monsterinsights_skip_tracking":false,"_monsterinsights_sitenote_active":false,"_monsterinsights_sitenote_note":"","_monsterinsights_sitenote_category":0,"_joinchat":[],"footnotes":""},"class_list":["post-1913","page","type-page","status-publish","hentry"],"yoast_head":"<!-- This site is optimized with the Yoast SEO plugin v27.3 - https:\/\/yoast.com\/product\/yoast-seo-wordpress\/ -->\n<title>Hipnoterapia - Fisioterapeutes i Oste\u00f2pates a Sant Andreu (Barcelona) | Bodhivita<\/title>\n<meta name=\"robots\" content=\"index, follow, max-snippet:-1, max-image-preview:large, max-video-preview:-1\" \/>\n<link rel=\"canonical\" href=\"https:\/\/bodhivita.cat\/hipnoterapia\/\" \/>\n<meta property=\"og:locale\" content=\"es_ES\" \/>\n<meta property=\"og:type\" content=\"article\" \/>\n<meta property=\"og:title\" content=\"Hipnoterapia - Fisioterapeutes i Oste\u00f2pates a Sant Andreu (Barcelona) | Bodhivita\" \/>\n<meta property=\"og:description\" content=\"hipnoterapia Cuando hablamos de hipnosis es importante dejar de lado los falsos mitos antiguos asociados a la hipnosis de espect\u00e1culo. Esta no tiene nada que ver con la Hipnosis terap\u00e9utica. La Hipnosis terap\u00e9utica es el estado emocional de concentraci\u00f3n m\u00e1s aguda, que se da al mismo tiempo en un estado de profunda relajaci\u00f3n. Reserva tu [&hellip;]\" \/>\n<meta property=\"og:url\" content=\"https:\/\/bodhivita.cat\/hipnoterapia\/\" \/>\n<meta property=\"og:site_name\" content=\"Fisioterapeutes i Oste\u00f2pates a Sant Andreu (Barcelona) | Bodhivita\" \/>\n<meta property=\"article:publisher\" content=\"https:\/\/www.facebook.com\/bodhivita\/\" \/>\n<meta property=\"article:modified_time\" content=\"2025-12-02T16:37:47+00:00\" \/>\n<meta property=\"og:image\" content=\"https:\/\/bodhivita.cat\/wp-content\/uploads\/2023\/01\/woman-being-hypnotized-while-lying-on-the-floor-1024x683.jpg\" \/>\n<meta name=\"twitter:card\" content=\"summary_large_image\" \/>\n<meta name=\"twitter:label1\" content=\"Tiempo de lectura\" \/>\n\t<meta name=\"twitter:data1\" content=\"2 minutos\" \/>\n<!-- \/ Yoast SEO plugin. -->","yoast_head_json":{"title":"Hipnoterapia - Fisioterapeutes i Oste\u00f2pates a Sant Andreu (Barcelona) | Bodhivita","robots":{"index":"index","follow":"follow","max-snippet":"max-snippet:-1","max-image-preview":"max-image-preview:large","max-video-preview":"max-video-preview:-1"},"canonical":"https:\/\/bodhivita.cat\/hipnoterapia\/","og_locale":"es_ES","og_type":"article","og_title":"Hipnoterapia - Fisioterapeutes i Oste\u00f2pates a Sant Andreu (Barcelona) | Bodhivita","og_description":"hipnoterapia Cuando hablamos de hipnosis es importante dejar de lado los falsos mitos antiguos asociados a la hipnosis de espect\u00e1culo. Esta no tiene nada que ver con la Hipnosis terap\u00e9utica. La Hipnosis terap\u00e9utica es el estado emocional de concentraci\u00f3n m\u00e1s aguda, que se da al mismo tiempo en un estado de profunda relajaci\u00f3n. Reserva tu [&hellip;]","og_url":"https:\/\/bodhivita.cat\/hipnoterapia\/","og_site_name":"Fisioterapeutes i Oste\u00f2pates a Sant Andreu (Barcelona) | Bodhivita","article_publisher":"https:\/\/www.facebook.com\/bodhivita\/","article_modified_time":"2025-12-02T16:37:47+00:00","og_image":[{"url":"https:\/\/bodhivita.cat\/wp-content\/uploads\/2023\/01\/woman-being-hypnotized-while-lying-on-the-floor-1024x683.jpg","type":"","width":"","height":""}],"twitter_card":"summary_large_image","twitter_misc":{"Tiempo de lectura":"2 minutos"},"schema":{"@context":"https:\/\/schema.org","@graph":[{"@type":"WebPage","@id":"https:\/\/bodhivita.cat\/es\/hipnoterapia\/","url":"https:\/\/bodhivita.cat\/hipnoterapia\/","name":"Hipnoterapia - Fisioterapeutes i Oste\u00f2pates a Sant Andreu (Barcelona) | Bodhivita","isPartOf":{"@id":"https:\/\/bodhivita.cat\/#website"},"primaryImageOfPage":{"@id":"https:\/\/bodhivita.cat\/hipnoterapia\/#primaryimage"},"image":{"@id":"https:\/\/bodhivita.cat\/hipnoterapia\/#primaryimage"},"thumbnailUrl":"https:\/\/bodhivita.cat\/wp-content\/uploads\/2023\/01\/woman-being-hypnotized-while-lying-on-the-floor-1024x683.jpg","datePublished":"2023-01-04T12:15:45+00:00","dateModified":"2025-12-02T16:37:47+00:00","breadcrumb":{"@id":"https:\/\/bodhivita.cat\/hipnoterapia\/#breadcrumb"},"inLanguage":"es","potentialAction":[{"@type":"ReadAction","target":["https:\/\/bodhivita.cat\/hipnoterapia\/"]}]},{"@type":"ImageObject","inLanguage":"es","@id":"https:\/\/bodhivita.cat\/hipnoterapia\/#primaryimage","url":"https:\/\/bodhivita.cat\/wp-content\/uploads\/2023\/01\/woman-being-hypnotized-while-lying-on-the-floor-1024x683.jpg","contentUrl":"https:\/\/bodhivita.cat\/wp-content\/uploads\/2023\/01\/woman-being-hypnotized-while-lying-on-the-floor-1024x683.jpg"},{"@type":"BreadcrumbList","@id":"https:\/\/bodhivita.cat\/hipnoterapia\/#breadcrumb","itemListElement":[{"@type":"ListItem","position":1,"name":"Portada","item":"https:\/\/bodhivita.cat\/es\/inici\/"},{"@type":"ListItem","position":2,"name":"Hipnoterapia"}]},{"@type":"WebSite","@id":"https:\/\/bodhivita.cat\/#website","url":"https:\/\/bodhivita.cat\/","name":"BODHIVITA","description":"Tractaments de fisioter\u00e0pia, osteopatia, acupuntura i nutrici\u00f3 a Sant Andreu (Barcelona). Salut integrativa amb professionals especialitzats.","publisher":{"@id":"https:\/\/bodhivita.cat\/#organization"},"potentialAction":[{"@type":"SearchAction","target":{"@type":"EntryPoint","urlTemplate":"https:\/\/bodhivita.cat\/?s={search_term_string}"},"query-input":{"@type":"PropertyValueSpecification","valueRequired":true,"valueName":"search_term_string"}}],"inLanguage":"es"},{"@type":"Organization","@id":"https:\/\/bodhivita.cat\/#organization","name":"Fisioter\u00e0pia, osteopatia i ter\u00e0pies naturals a Sant Andreu, Barcelona | BodhiVita","url":"https:\/\/bodhivita.cat\/","logo":{"@type":"ImageObject","inLanguage":"es","@id":"https:\/\/bodhivita.cat\/#\/schema\/logo\/image\/","url":"https:\/\/bodhivita.cat\/wp-content\/uploads\/2019\/06\/cropped-bodhivita-web-1.png","contentUrl":"https:\/\/bodhivita.cat\/wp-content\/uploads\/2019\/06\/cropped-bodhivita-web-1.png","width":512,"height":512,"caption":"Fisioter\u00e0pia, osteopatia i ter\u00e0pies naturals a Sant Andreu, Barcelona | BodhiVita"},"image":{"@id":"https:\/\/bodhivita.cat\/#\/schema\/logo\/image\/"},"sameAs":["https:\/\/www.facebook.com\/bodhivita\/","https:\/\/www.instagram.com\/bodhivita"]}]}},"_links":{"self":[{"href":"https:\/\/bodhivita.cat\/es\/wp-json\/wp\/v2\/pages\/1913","targetHints":{"allow":["GET"]}}],"collection":[{"href":"https:\/\/bodhivita.cat\/es\/wp-json\/wp\/v2\/pages"}],"about":[{"href":"https:\/\/bodhivita.cat\/es\/wp-json\/wp\/v2\/types\/page"}],"author":[{"embeddable":true,"href":"https:\/\/bodhivita.cat\/es\/wp-json\/wp\/v2\/users\/14"}],"replies":[{"embeddable":true,"href":"https:\/\/bodhivita.cat\/es\/wp-json\/wp\/v2\/comments?post=1913"}],"version-history":[{"count":3,"href":"https:\/\/bodhivita.cat\/es\/wp-json\/wp\/v2\/pages\/1913\/revisions"}],"predecessor-version":[{"id":2382,"href":"https:\/\/bodhivita.cat\/es\/wp-json\/wp\/v2\/pages\/1913\/revisions\/2382"}],"wp:attachment":[{"href":"https:\/\/bodhivita.cat\/es\/wp-json\/wp\/v2\/media?parent=1913"}],"curies":[{"name":"wp","href":"https:\/\/api.w.org\/{rel}","templated":true}]}}