{"id":1929,"date":"2022-06-29T12:43:06","date_gmt":"2022-06-29T10:43:06","guid":{"rendered":"https:\/\/bodhivita.cat\/marta-provencio\/"},"modified":"2025-12-03T14:45:30","modified_gmt":"2025-12-03T12:45:30","slug":"marta-provencio","status":"publish","type":"page","link":"https:\/\/bodhivita.cat\/es\/marta-provencio\/","title":{"rendered":"Marta Provencio"},"content":{"rendered":"\t\t<div data-elementor-type=\"wp-page\" data-elementor-id=\"1929\" class=\"elementor elementor-1929 elementor-946\" data-elementor-post-type=\"page\">\n\t\t\t\t\t\t<section class=\"elementor-section elementor-top-section elementor-element elementor-element-118b82d3 elementor-section-boxed elementor-section-height-default elementor-section-height-default\" data-id=\"118b82d3\" data-element_type=\"section\" data-e-type=\"section\">\n\t\t\t\t\t\t<div class=\"elementor-container elementor-column-gap-default\">\n\t\t\t\t\t<div class=\"elementor-column elementor-col-33 elementor-top-column elementor-element elementor-element-4885b05e\" data-id=\"4885b05e\" data-element_type=\"column\" data-e-type=\"column\">\n\t\t\t<div class=\"elementor-widget-wrap elementor-element-populated\">\n\t\t\t\t\t\t<div class=\"elementor-element elementor-element-5356372d elementor-widget elementor-widget-image\" data-id=\"5356372d\" data-element_type=\"widget\" data-e-type=\"widget\" data-widget_type=\"image.default\">\n\t\t\t\t\t\t\t\t\t\t\t\t\t\t\t<img fetchpriority=\"high\" decoding=\"async\" width=\"656\" height=\"656\" src=\"https:\/\/bodhivita.cat\/wp-content\/uploads\/2022\/06\/Marta-e1656493662502.jpeg\" class=\"attachment-large size-large wp-image-1821\" alt=\"Marta Provencio, especialista en PNI i nutrici\u00f3 integrativa a Sant Andreu (Barcelona)\" srcset=\"https:\/\/bodhivita.cat\/wp-content\/uploads\/2022\/06\/Marta-e1656493662502.jpeg 656w, https:\/\/bodhivita.cat\/wp-content\/uploads\/2022\/06\/Marta-e1656493662502-300x300.jpeg 300w, https:\/\/bodhivita.cat\/wp-content\/uploads\/2022\/06\/Marta-e1656493662502-150x150.jpeg 150w\" sizes=\"(max-width: 656px) 100vw, 656px\" \/>\t\t\t\t\t\t\t\t\t\t\t\t\t\t\t<\/div>\n\t\t\t\t\t<\/div>\n\t\t<\/div>\n\t\t\t\t<div class=\"elementor-column elementor-col-66 elementor-top-column elementor-element elementor-element-39f54092\" data-id=\"39f54092\" data-element_type=\"column\" data-e-type=\"column\">\n\t\t\t<div class=\"elementor-widget-wrap elementor-element-populated\">\n\t\t\t\t\t\t<div class=\"elementor-element elementor-element-481e7bd3 elementor-widget elementor-widget-heading\" data-id=\"481e7bd3\" data-element_type=\"widget\" data-e-type=\"widget\" data-widget_type=\"heading.default\">\n\t\t\t\t\t<h1 class=\"elementor-heading-title elementor-size-default\">Marta Provencio\n<\/h1>\t\t\t\t<\/div>\n\t\t\t\t<div class=\"elementor-element elementor-element-42ddfcb2 elementor-widget elementor-widget-text-editor\" data-id=\"42ddfcb2\" data-element_type=\"widget\" data-e-type=\"widget\" data-widget_type=\"text-editor.default\">\n\t\t\t\t\t\t\t\t\t<div class=\"sptp-member-profession\"><p data-start=\"372\" data-end=\"453\"><strong data-start=\"372\" data-end=\"453\">Asesora en Nutrici\u00f3n y Psiconeuroinmunolog\u00eda (PNI) en Sant Andreu \u2013 Bodhivita<\/strong><\/p><\/div>\t\t\t\t\t\t\t\t<\/div>\n\t\t\t\t<div class=\"elementor-element elementor-element-a2eaf34 elementor-widget elementor-widget-text-editor\" data-id=\"a2eaf34\" data-element_type=\"widget\" data-e-type=\"widget\" data-widget_type=\"text-editor.default\">\n\t\t\t\t\t\t\t\t\t<p data-start=\"455\" data-end=\"756\">Con casi 13 a\u00f1os de experiencia en el campo de la salud, he aprendido a leer lo que el cuerpo expresa a trav\u00e9s de los m\u00fasculos y la respiraci\u00f3n, donde las palabras no llegan. Desde hace a\u00f1os trabajo con <strong data-start=\"654\" data-end=\"693\">PNI (Psiconeuroinmunolog\u00eda Cl\u00ednica)<\/strong> y nutrici\u00f3n, aplicando una visi\u00f3n integral del cuerpo y la salud. <\/p><p data-start=\"758\" data-end=\"976\">En <strong data-start=\"760\" data-end=\"810\">Bodhivita, en el barrio de Sant Andreu (Barcelona)<\/strong> , acompa\u00f1o a personas que quieren mejorar su estado f\u00edsico, digestivo y emocional a trav\u00e9s de una alimentaci\u00f3n consciente, tratamientos complementarios y un enfoque preventivo.  <\/p>\t\t\t\t\t\t\t\t<\/div>\n\t\t\t\t\t<\/div>\n\t\t<\/div>\n\t\t\t\t\t<\/div>\n\t\t<\/section>\n\t\t\t\t<section class=\"elementor-section elementor-top-section elementor-element elementor-element-6052a723 elementor-section-boxed elementor-section-height-default elementor-section-height-default\" data-id=\"6052a723\" data-element_type=\"section\" data-e-type=\"section\">\n\t\t\t\t\t\t<div class=\"elementor-container elementor-column-gap-default\">\n\t\t\t\t\t<div class=\"elementor-column elementor-col-100 elementor-top-column elementor-element elementor-element-7d08e943\" data-id=\"7d08e943\" data-element_type=\"column\" data-e-type=\"column\">\n\t\t\t<div class=\"elementor-widget-wrap elementor-element-populated\">\n\t\t\t\t\t\t<div class=\"elementor-element elementor-element-236b1343 elementor-widget elementor-widget-heading\" data-id=\"236b1343\" data-element_type=\"widget\" data-e-type=\"widget\" data-widget_type=\"heading.default\">\n\t\t\t\t\t<h2 class=\"elementor-heading-title elementor-size-default\">Experiencia:<\/h2>\t\t\t\t<\/div>\n\t\t\t\t<div class=\"elementor-element elementor-element-34090a60 elementor-widget elementor-widget-text-editor\" data-id=\"34090a60\" data-element_type=\"widget\" data-e-type=\"widget\" data-widget_type=\"text-editor.default\">\n\t\t\t\t\t\t\t\t\t<ul><li>En la actualidad, colaboradora en diferentes centros.<\/li><li>Creaci\u00f3n y direcci\u00f3n de Centro de terapias complemetarias.<\/li><li>Profesional de diversos centros de terapias manuales (Shiatsu, quiromasaje, masaje deportivo y drenaje linf\u00e1tico).<\/li><\/ul>\t\t\t\t\t\t\t\t<\/div>\n\t\t\t\t\t<\/div>\n\t\t<\/div>\n\t\t\t\t\t<\/div>\n\t\t<\/section>\n\t\t\t\t<section class=\"elementor-section elementor-top-section elementor-element elementor-element-6393afd6 elementor-section-boxed elementor-section-height-default elementor-section-height-default\" data-id=\"6393afd6\" data-element_type=\"section\" data-e-type=\"section\">\n\t\t\t\t\t\t<div class=\"elementor-container elementor-column-gap-default\">\n\t\t\t\t\t<div class=\"elementor-column elementor-col-100 elementor-top-column elementor-element elementor-element-13365189\" data-id=\"13365189\" data-element_type=\"column\" data-e-type=\"column\">\n\t\t\t<div class=\"elementor-widget-wrap elementor-element-populated\">\n\t\t\t\t\t\t<div class=\"elementor-element elementor-element-7be887f0 elementor-widget elementor-widget-heading\" data-id=\"7be887f0\" data-element_type=\"widget\" data-e-type=\"widget\" data-widget_type=\"heading.default\">\n\t\t\t\t\t<h2 class=\"elementor-heading-title elementor-size-default\">Formaci\u00f3n:\n<\/h2>\t\t\t\t<\/div>\n\t\t\t\t<div class=\"elementor-element elementor-element-17824bd0 elementor-widget elementor-widget-text-editor\" data-id=\"17824bd0\" data-element_type=\"widget\" data-e-type=\"widget\" data-widget_type=\"text-editor.default\">\n\t\t\t\t\t\t\t\t\t<ul><li>Psiconeuroimmunolog\u00eda Cl\u00ednica y Evidencia Cient\u00edfica.<\/li><li>Regenera, Barcelona \/ Efhre International University (2015-2016. 280 hores).<\/li><li>Diet\u00e9tica y Nutrici\u00f3n Humana (en curso)<\/li><li>Universidad Europea Miguel de Cervantes. Valladolid.<\/li><li>Acupuntura y medicina tradicional china.<\/li><li>Centro de Investigaci\u00f3n y desarrollo de la MTX, Escuela Neijing Tian, \u200b\u200bConca (2008-2011. 429 horas).<\/li><li>Shiatsu y medicina tradicional china.<\/li><li>Escuela Ren Tao, Madrid (2004-2007. 432 horas).<\/li><li>Quiromasaje y Masaje deportivo.<\/li><li>Escuela de Quiromasaje de Madrid (2002-2004. 304 horas).<\/li><li>Posgrado en \u2018Comunicaci\u00f3n en Medicina y Salud\u2019.<\/li><li>Universidad Pompeu Fabra de Barcelona y Universidad de Granada (2007. 600 horas).<\/li><li>PNI y Fisioterapia: Monogr\u00e1ficos sobre tejido conjuntivo y Sistema Digestivo.<\/li><li>Gabinete de Osteopat\u00eda y Kinesiolog\u00eda GokSalut, Barcelona. (Octubre y noviembre 2014. 30 horas).<\/li><li>Pulsolog\u00eda Xina I, II i III. Centre Ling Tai, Madrid. (2010-2014. 92 horas).<\/li><li>Qi Gong Terap\u00e9utico. Centre Ling Tai, Madrid. (2011-12 i 2015-16. 99 horas).<\/li><li>Drenaje Linf\u00e1tico. Instituto Europeo de Quiromasaje, Madrid. (2004. 30 horas).<\/li><li>Terapia Craneo-Sacral (Nivell I). The Upledger Institute, Madrid. (2005. 40 horas).<\/li><li>Kinesiolog\u00eda Profesional Avanzada. Protocolo estructural completo. AIKA, Barcelona (2019. 15 horas)<\/li><\/ul>\t\t\t\t\t\t\t\t<\/div>\n\t\t\t\t\t<\/div>\n\t\t<\/div>\n\t\t\t\t\t<\/div>\n\t\t<\/section>\n\t\t\t\t<section class=\"elementor-section elementor-top-section elementor-element elementor-element-8b87f6f elementor-section-boxed elementor-section-height-default elementor-section-height-default\" data-id=\"8b87f6f\" data-element_type=\"section\" data-e-type=\"section\">\n\t\t\t\t\t\t<div class=\"elementor-container elementor-column-gap-default\">\n\t\t\t\t\t<div class=\"elementor-column elementor-col-100 elementor-top-column elementor-element elementor-element-27e6da56\" data-id=\"27e6da56\" data-element_type=\"column\" data-e-type=\"column\">\n\t\t\t<div class=\"elementor-widget-wrap elementor-element-populated\">\n\t\t\t\t\t\t<div class=\"elementor-element elementor-element-436d293b elementor-widget elementor-widget-heading\" data-id=\"436d293b\" data-element_type=\"widget\" data-e-type=\"widget\" data-widget_type=\"heading.default\">\n\t\t\t\t\t<h2 class=\"elementor-heading-title elementor-size-default\">Servicios:<\/h2>\t\t\t\t<\/div>\n\t\t\t\t<div class=\"elementor-element elementor-element-24351637 elementor-widget elementor-widget-text-editor\" data-id=\"24351637\" data-element_type=\"widget\" data-e-type=\"widget\" data-widget_type=\"text-editor.default\">\n\t\t\t\t\t\t\t\t\t<ul><li><a href=\"https:\/\/bodhivita.cat\/pni-%c2%b7-nutricio-i-dietetica\/\" target=\"_blank\" rel=\"noopener\"><span class=\"item-title\">PNI \u00b7 Nutrici\u00f3n y Diet\u00e9tica<\/span><\/a><\/li><\/ul>\t\t\t\t\t\t\t\t<\/div>\n\t\t\t\t\t<\/div>\n\t\t<\/div>\n\t\t\t\t\t<\/div>\n\t\t<\/section>\n\t\t\t\t<\/div>\n\t\t","protected":false},"excerpt":{"rendered":"<p>Marta Provencio Asesora en Nutrici\u00f3n y Psiconeuroinmunolog\u00eda (PNI) en Sant Andreu \u2013 Bodhivita Con casi 13 a\u00f1os de experiencia en el campo de la salud, he aprendido a leer lo que el cuerpo expresa a trav\u00e9s de los m\u00fasculos y la respiraci\u00f3n, donde las palabras no llegan. Desde hace a\u00f1os trabajo con PNI (Psiconeuroinmunolog\u00eda Cl\u00ednica) [&hellip;]<\/p>\n","protected":false},"author":14,"featured_media":0,"parent":0,"menu_order":0,"comment_status":"closed","ping_status":"closed","template":"","meta":{"_monsterinsights_skip_tracking":false,"_monsterinsights_sitenote_active":false,"_monsterinsights_sitenote_note":"","_monsterinsights_sitenote_category":0,"_joinchat":[],"footnotes":""},"class_list":["post-1929","page","type-page","status-publish","hentry"],"yoast_head":"<!-- This site is optimized with the Yoast SEO plugin v27.5 - https:\/\/yoast.com\/product\/yoast-seo-wordpress\/ -->\n<title>Marta Provencio \u2013 PNI y nutrici\u00f3n en Sant Andreu (Barcelona)<\/title>\n<meta name=\"description\" content=\"Asesoramiento en PNI y nutrici\u00f3n en Sant Andreu (Barcelona). Marta Provencio te acompa\u00f1a con un enfoque integral para su salud f\u00edsica y emocional.\" \/>\n<meta name=\"robots\" content=\"index, follow, max-snippet:-1, max-image-preview:large, max-video-preview:-1\" \/>\n<link rel=\"canonical\" href=\"https:\/\/bodhivita.cat\/es\/marta-provencio\/\" \/>\n<meta property=\"og:locale\" content=\"es_ES\" \/>\n<meta property=\"og:type\" content=\"article\" \/>\n<meta property=\"og:title\" content=\"Marta Provencio \u2013 PNI y nutrici\u00f3n en Sant Andreu (Barcelona)\" \/>\n<meta property=\"og:description\" content=\"Asesoramiento en PNI y nutrici\u00f3n en Sant Andreu (Barcelona). Marta Provencio te acompa\u00f1a con un enfoque integral para su salud f\u00edsica y emocional.\" \/>\n<meta property=\"og:url\" content=\"https:\/\/bodhivita.cat\/es\/marta-provencio\/\" \/>\n<meta property=\"og:site_name\" content=\"Fisioterapeutes i Oste\u00f2pates a Sant Andreu (Barcelona) | Bodhivita\" \/>\n<meta property=\"article:publisher\" content=\"https:\/\/www.facebook.com\/bodhivita\/\" \/>\n<meta property=\"article:modified_time\" content=\"2025-12-03T12:45:30+00:00\" \/>\n<meta property=\"og:image\" content=\"https:\/\/bodhivita.cat\/wp-content\/uploads\/2022\/06\/Marta-e1656493662502.jpeg\" \/>\n<meta name=\"twitter:card\" content=\"summary_large_image\" \/>\n<meta name=\"twitter:label1\" content=\"Tiempo de lectura\" \/>\n\t<meta name=\"twitter:data1\" content=\"2 minutos\" \/>\n<!-- \/ Yoast SEO plugin. -->","yoast_head_json":{"title":"Marta Provencio \u2013 PNI y nutrici\u00f3n en Sant Andreu (Barcelona)","description":"Asesoramiento en PNI y nutrici\u00f3n en Sant Andreu (Barcelona). Marta Provencio te acompa\u00f1a con un enfoque integral para su salud f\u00edsica y emocional.","robots":{"index":"index","follow":"follow","max-snippet":"max-snippet:-1","max-image-preview":"max-image-preview:large","max-video-preview":"max-video-preview:-1"},"canonical":"https:\/\/bodhivita.cat\/es\/marta-provencio\/","og_locale":"es_ES","og_type":"article","og_title":"Marta Provencio \u2013 PNI y nutrici\u00f3n en Sant Andreu (Barcelona)","og_description":"Asesoramiento en PNI y nutrici\u00f3n en Sant Andreu (Barcelona). Marta Provencio te acompa\u00f1a con un enfoque integral para su salud f\u00edsica y emocional.","og_url":"https:\/\/bodhivita.cat\/es\/marta-provencio\/","og_site_name":"Fisioterapeutes i Oste\u00f2pates a Sant Andreu (Barcelona) | Bodhivita","article_publisher":"https:\/\/www.facebook.com\/bodhivita\/","article_modified_time":"2025-12-03T12:45:30+00:00","og_image":[{"url":"https:\/\/bodhivita.cat\/wp-content\/uploads\/2022\/06\/Marta-e1656493662502.jpeg","type":"","width":"","height":""}],"twitter_card":"summary_large_image","twitter_misc":{"Tiempo de lectura":"2 minutos"},"schema":{"@context":"https:\/\/schema.org","@graph":[{"@type":"WebPage","@id":"https:\/\/bodhivita.cat\/es\/marta-provencio\/","url":"https:\/\/bodhivita.cat\/es\/marta-provencio\/","name":"Marta Provencio \u2013 PNI y nutrici\u00f3n en Sant Andreu (Barcelona)","isPartOf":{"@id":"https:\/\/bodhivita.cat\/#website"},"primaryImageOfPage":{"@id":"https:\/\/bodhivita.cat\/es\/marta-provencio\/#primaryimage"},"image":{"@id":"https:\/\/bodhivita.cat\/es\/marta-provencio\/#primaryimage"},"thumbnailUrl":"https:\/\/bodhivita.cat\/wp-content\/uploads\/2022\/06\/Marta-e1656493662502.jpeg","datePublished":"2022-06-29T10:43:06+00:00","dateModified":"2025-12-03T12:45:30+00:00","description":"Asesoramiento en PNI y nutrici\u00f3n en Sant Andreu (Barcelona). Marta Provencio te acompa\u00f1a con un enfoque integral para su salud f\u00edsica y emocional.","breadcrumb":{"@id":"https:\/\/bodhivita.cat\/es\/marta-provencio\/#breadcrumb"},"inLanguage":"es","potentialAction":[{"@type":"ReadAction","target":["https:\/\/bodhivita.cat\/es\/marta-provencio\/"]}]},{"@type":"ImageObject","inLanguage":"es","@id":"https:\/\/bodhivita.cat\/es\/marta-provencio\/#primaryimage","url":"https:\/\/bodhivita.cat\/wp-content\/uploads\/2022\/06\/Marta-e1656493662502.jpeg","contentUrl":"https:\/\/bodhivita.cat\/wp-content\/uploads\/2022\/06\/Marta-e1656493662502.jpeg"},{"@type":"BreadcrumbList","@id":"https:\/\/bodhivita.cat\/es\/marta-provencio\/#breadcrumb","itemListElement":[{"@type":"ListItem","position":1,"name":"Portada","item":"https:\/\/bodhivita.cat\/es\/inici\/"},{"@type":"ListItem","position":2,"name":"Marta Provencio"}]},{"@type":"WebSite","@id":"https:\/\/bodhivita.cat\/#website","url":"https:\/\/bodhivita.cat\/","name":"BODHIVITA, fisioterapeutes, oste\u00f2pates i ter\u00e0pies natuals a Sant Andreu (Barcelona)","description":"Tractaments de fisioter\u00e0pia, osteopatia, acupuntura i nutrici\u00f3 a Sant Andreu (Barcelona). Salut integrativa amb professionals especialitzats.","publisher":{"@id":"https:\/\/bodhivita.cat\/#organization"},"alternateName":"BODHIVITA, fisioterapeutes, oste\u00f2pates i ter\u00e0pies natuals a Sant Andreu (Barcelona)","potentialAction":[{"@type":"SearchAction","target":{"@type":"EntryPoint","urlTemplate":"https:\/\/bodhivita.cat\/?s={search_term_string}"},"query-input":{"@type":"PropertyValueSpecification","valueRequired":true,"valueName":"search_term_string"}}],"inLanguage":"es"},{"@type":"Organization","@id":"https:\/\/bodhivita.cat\/#organization","name":"Fisioter\u00e0pia, osteopatia i ter\u00e0pies naturals a Sant Andreu, Barcelona | BodhiVita","url":"https:\/\/bodhivita.cat\/","logo":{"@type":"ImageObject","inLanguage":"es","@id":"https:\/\/bodhivita.cat\/#\/schema\/logo\/image\/","url":"https:\/\/bodhivita.cat\/wp-content\/uploads\/2019\/06\/cropped-bodhivita-web-1.png","contentUrl":"https:\/\/bodhivita.cat\/wp-content\/uploads\/2019\/06\/cropped-bodhivita-web-1.png","width":512,"height":512,"caption":"Fisioter\u00e0pia, osteopatia i ter\u00e0pies naturals a Sant Andreu, Barcelona | BodhiVita"},"image":{"@id":"https:\/\/bodhivita.cat\/#\/schema\/logo\/image\/"},"sameAs":["https:\/\/www.facebook.com\/bodhivita\/","https:\/\/www.instagram.com\/bodhivita"]}]}},"_links":{"self":[{"href":"https:\/\/bodhivita.cat\/es\/wp-json\/wp\/v2\/pages\/1929","targetHints":{"allow":["GET"]}}],"collection":[{"href":"https:\/\/bodhivita.cat\/es\/wp-json\/wp\/v2\/pages"}],"about":[{"href":"https:\/\/bodhivita.cat\/es\/wp-json\/wp\/v2\/types\/page"}],"author":[{"embeddable":true,"href":"https:\/\/bodhivita.cat\/es\/wp-json\/wp\/v2\/users\/14"}],"replies":[{"embeddable":true,"href":"https:\/\/bodhivita.cat\/es\/wp-json\/wp\/v2\/comments?post=1929"}],"version-history":[{"count":4,"href":"https:\/\/bodhivita.cat\/es\/wp-json\/wp\/v2\/pages\/1929\/revisions"}],"predecessor-version":[{"id":3448,"href":"https:\/\/bodhivita.cat\/es\/wp-json\/wp\/v2\/pages\/1929\/revisions\/3448"}],"wp:attachment":[{"href":"https:\/\/bodhivita.cat\/es\/wp-json\/wp\/v2\/media?parent=1929"}],"curies":[{"name":"wp","href":"https:\/\/api.w.org\/{rel}","templated":true}]}}