{"id":2246,"date":"2023-10-06T11:07:52","date_gmt":"2023-10-06T09:07:52","guid":{"rendered":"https:\/\/bodhivita.cat\/colaboraciones\/"},"modified":"2025-11-26T14:42:45","modified_gmt":"2025-11-26T12:42:45","slug":"colaboraciones","status":"publish","type":"page","link":"https:\/\/bodhivita.cat\/es\/colaboraciones\/","title":{"rendered":"Colaboraciones"},"content":{"rendered":"\t\t<div data-elementor-type=\"wp-page\" data-elementor-id=\"2246\" class=\"elementor elementor-2246 elementor-2229\" data-elementor-post-type=\"page\">\n\t\t\t\t\t\t<section class=\"elementor-section elementor-top-section elementor-element elementor-element-6bf170a elementor-section-stretched elementor-section-boxed elementor-section-height-default elementor-section-height-default\" data-id=\"6bf170a\" data-element_type=\"section\" data-e-type=\"section\" data-settings=\"{&quot;stretch_section&quot;:&quot;section-stretched&quot;,&quot;background_background&quot;:&quot;classic&quot;}\">\n\t\t\t\t\t\t<div class=\"elementor-container elementor-column-gap-default\">\n\t\t\t\t\t<div class=\"elementor-column elementor-col-50 elementor-top-column elementor-element elementor-element-20013bd\" data-id=\"20013bd\" data-element_type=\"column\" data-e-type=\"column\">\n\t\t\t<div class=\"elementor-widget-wrap elementor-element-populated\">\n\t\t\t\t\t\t<div class=\"elementor-element elementor-element-db9c472 elementor-widget elementor-widget-heading\" data-id=\"db9c472\" data-element_type=\"widget\" data-e-type=\"widget\" data-widget_type=\"heading.default\">\n\t\t\t\t\t<h1 class=\"elementor-heading-title elementor-size-default\">Colaboraciones<\/h1>\t\t\t\t<\/div>\n\t\t\t\t<div class=\"elementor-element elementor-element-edda3e2 elementor-widget elementor-widget-text-editor\" data-id=\"edda3e2\" data-element_type=\"widget\" data-e-type=\"widget\" data-widget_type=\"text-editor.default\">\n\t\t\t\t\t\t\t\t\t<p>En Bodhivita, creemos en la importancia de trabajar juntos para conseguir un equilibrio \u00f3ptimo en la salud y bienestar de nuestros pacientes. En el coraz\u00f3n de nuestra filosof\u00eda se encuentra la colaboraci\u00f3n. Nos enorgullece unirnos a algunas asociaciones para ofrecer beneficios a aquellos que lo necesitan.<\/p>\t\t\t\t\t\t\t\t<\/div>\n\t\t\t\t\t<\/div>\n\t\t<\/div>\n\t\t\t\t<div class=\"elementor-column elementor-col-50 elementor-top-column elementor-element elementor-element-0944e3f\" data-id=\"0944e3f\" data-element_type=\"column\" data-e-type=\"column\" data-settings=\"{&quot;background_background&quot;:&quot;classic&quot;}\">\n\t\t\t<div class=\"elementor-widget-wrap elementor-element-populated\">\n\t\t\t\t\t<div class=\"elementor-background-overlay\"><\/div>\n\t\t\t\t\t\t<div class=\"elementor-element elementor-element-a8bddf7 elementor-widget elementor-widget-spacer\" data-id=\"a8bddf7\" data-element_type=\"widget\" data-e-type=\"widget\" data-widget_type=\"spacer.default\">\n\t\t\t\t\t\t\t<div class=\"elementor-spacer\">\n\t\t\t<div class=\"elementor-spacer-inner\"><\/div>\n\t\t<\/div>\n\t\t\t\t\t\t<\/div>\n\t\t\t\t\t<\/div>\n\t\t<\/div>\n\t\t\t\t\t<\/div>\n\t\t<\/section>\n\t\t<div class=\"elementor-element elementor-element-5ce9efd e-flex e-con-boxed e-con e-parent\" data-id=\"5ce9efd\" data-element_type=\"container\" data-e-type=\"container\">\n\t\t\t\t\t<div class=\"e-con-inner\">\n\t\t<div class=\"elementor-element elementor-element-fd89a90 e-con-full e-flex e-con e-child\" data-id=\"fd89a90\" data-element_type=\"container\" data-e-type=\"container\">\n\t\t\t\t<div class=\"elementor-element elementor-element-a8b9534 elementor-widget elementor-widget-image\" data-id=\"a8b9534\" data-element_type=\"widget\" data-e-type=\"widget\" data-widget_type=\"image.default\">\n\t\t\t\t\t\t\t\t\t\t\t\t\t\t\t<img decoding=\"async\" width=\"346\" height=\"129\" src=\"https:\/\/bodhivita.cat\/wp-content\/uploads\/2023\/10\/logo-ictus-BCN.png\" class=\"attachment-full size-full wp-image-2233\" alt=\"\" srcset=\"https:\/\/bodhivita.cat\/wp-content\/uploads\/2023\/10\/logo-ictus-BCN.png 346w, https:\/\/bodhivita.cat\/wp-content\/uploads\/2023\/10\/logo-ictus-BCN-300x112.png 300w\" sizes=\"(max-width: 346px) 100vw, 346px\" \/>\t\t\t\t\t\t\t\t\t\t\t\t\t\t\t<\/div>\n\t\t\t\t<div class=\"elementor-element elementor-element-03e8cae elementor-widget elementor-widget-text-editor\" data-id=\"03e8cae\" data-element_type=\"widget\" data-e-type=\"widget\" data-widget_type=\"text-editor.default\">\n\t\t\t\t\t\t\t\t\t<p style=\"text-align: left;\">Con este nuevo convenio, si eres miembro de ASIB, tienes:<\/p><ul><li style=\"text-align: left;\">Primera visita de fisioterapia neurol\u00f3gica \u00a1TOTALMENTE GRATIS!<\/li><li style=\"text-align: left;\">Descuentos exclusivos en fisioterapia neurol\u00f3gica.<\/li><li style=\"text-align: left;\">Precios especiales en osteopat\u00eda, medicina china, suelo p\u00e9lvico y fisioterapia traumatol\u00f3gica.<\/li><\/ul><p style=\"text-align: left;\">No olvides mostrar tu carn\u00e9 de socio.<\/p><p style=\"text-align: left;\">Entra en la web de la asociaci\u00f3n <a href=\"https:\/\/ictusbcn.cat\/nou-conveni-de-collaboracio-amb-els-centres-de-salut-bodhivita\/\">aqu\u00ed<\/a> <a href=\"https:\/\/ictusbcn.cat\/\" target=\"_blank\" rel=\"noopener\">.<\/a><\/p>\t\t\t\t\t\t\t\t<\/div>\n\t\t\t\t<\/div>\n\t\t<div class=\"elementor-element elementor-element-d1f59ac e-con-full e-flex e-con e-child\" data-id=\"d1f59ac\" data-element_type=\"container\" data-e-type=\"container\">\n\t\t\t\t<div class=\"elementor-element elementor-element-a6f11c8 elementor-widget elementor-widget-image\" data-id=\"a6f11c8\" data-element_type=\"widget\" data-e-type=\"widget\" data-widget_type=\"image.default\">\n\t\t\t\t\t\t\t\t\t\t\t\t\t\t\t<img fetchpriority=\"high\" decoding=\"async\" width=\"764\" height=\"294\" src=\"https:\/\/bodhivita.cat\/wp-content\/uploads\/2024\/11\/Treball-de-vida.webp\" class=\"attachment-full size-full wp-image-2807\" alt=\"\" srcset=\"https:\/\/bodhivita.cat\/wp-content\/uploads\/2024\/11\/Treball-de-vida.webp 764w, https:\/\/bodhivita.cat\/wp-content\/uploads\/2024\/11\/Treball-de-vida-300x115.webp 300w\" sizes=\"(max-width: 764px) 100vw, 764px\" \/>\t\t\t\t\t\t\t\t\t\t\t\t\t\t\t<\/div>\n\t\t\t\t<div class=\"elementor-element elementor-element-4c17007 elementor-widget elementor-widget-text-editor\" data-id=\"4c17007\" data-element_type=\"widget\" data-e-type=\"widget\" data-widget_type=\"text-editor.default\">\n\t\t\t\t\t\t\t\t\t<p style=\"text-align: left;\">Con este nuevo convenio, si eres miembro de Trabajo de Vida, tienes:<\/p><ul><li style=\"text-align: left;\">Primera visita de fisioterapia neurol\u00f3gica \u00a1TOTALMENTE GRATIS!<\/li><li style=\"text-align: left;\">Descuentos exclusivos en fisioterapia neurol\u00f3gica.<\/li><li style=\"text-align: left;\">Precios especiales en osteopat\u00eda, medicina china, suelo p\u00e9lvico y fisioterapia traumatol\u00f3gica.<\/li><\/ul><p style=\"text-align: left;\">No olvides mostrar tu carn\u00e9 de socio.<\/p><p style=\"text-align: left;\">Entra en la web de la asociaci\u00f3n <a href=\"https:\/\/www.emtreballdevida.org\/\">aqu\u00ed.<\/a><\/p>\t\t\t\t\t\t\t\t<\/div>\n\t\t\t\t<\/div>\n\t\t<div class=\"elementor-element elementor-element-15b893c e-con-full e-flex e-con e-child\" data-id=\"15b893c\" data-element_type=\"container\" data-e-type=\"container\">\n\t\t\t\t<div class=\"elementor-element elementor-element-5ea4927 elementor-widget elementor-widget-image\" data-id=\"5ea4927\" data-element_type=\"widget\" data-e-type=\"widget\" data-widget_type=\"image.default\">\n\t\t\t\t\t\t\t\t\t\t\t\t\t\t\t<img decoding=\"async\" width=\"1080\" height=\"1080\" src=\"https:\/\/bodhivita.cat\/wp-content\/uploads\/2024\/11\/nadons.png\" class=\"attachment-full size-full wp-image-2832\" alt=\"\" srcset=\"https:\/\/bodhivita.cat\/wp-content\/uploads\/2024\/11\/nadons.png 1080w, https:\/\/bodhivita.cat\/wp-content\/uploads\/2024\/11\/nadons-300x300.png 300w, https:\/\/bodhivita.cat\/wp-content\/uploads\/2024\/11\/nadons-1024x1024.png 1024w, https:\/\/bodhivita.cat\/wp-content\/uploads\/2024\/11\/nadons-150x150.png 150w, https:\/\/bodhivita.cat\/wp-content\/uploads\/2024\/11\/nadons-768x768.png 768w\" sizes=\"(max-width: 1080px) 100vw, 1080px\" \/>\t\t\t\t\t\t\t\t\t\t\t\t\t\t\t<\/div>\n\t\t\t\t<div class=\"elementor-element elementor-element-8ff06d8 elementor-widget elementor-widget-text-editor\" data-id=\"8ff06d8\" data-element_type=\"widget\" data-e-type=\"widget\" data-widget_type=\"text-editor.default\">\n\t\t\t\t\t\t\t\t\t<p style=\"text-align: left;\">Con este nuevo convenio, si eres miembro de Beb\u00e9s en Armon\u00eda, tienes:<\/p><ul><li style=\"text-align: left;\">10% en la Primera Visita<\/li><\/ul><p style=\"text-align: left;\">No olvides mostrar tu carn\u00e9 de socio.<\/p><p style=\"text-align: left;\">Consulta <a href=\"https:\/\/www.instagram.com\/nadonsenharmonia\/\">aqu\u00ed.<\/a><\/p>\t\t\t\t\t\t\t\t<\/div>\n\t\t\t\t<\/div>\n\t\t<div class=\"elementor-element elementor-element-9fe8545 e-con-full e-flex e-con e-child\" data-id=\"9fe8545\" data-element_type=\"container\" data-e-type=\"container\">\n\t\t\t\t<div class=\"elementor-element elementor-element-93b91d0 elementor-widget elementor-widget-image\" data-id=\"93b91d0\" data-element_type=\"widget\" data-e-type=\"widget\" data-widget_type=\"image.default\">\n\t\t\t\t\t\t\t\t\t\t\t\t\t\t\t<img loading=\"lazy\" decoding=\"async\" width=\"266\" height=\"234\" src=\"https:\/\/bodhivita.cat\/wp-content\/uploads\/2024\/11\/logo-e1696292396912.png\" class=\"attachment-full size-full wp-image-2813\" alt=\"\" \/>\t\t\t\t\t\t\t\t\t\t\t\t\t\t\t<\/div>\n\t\t\t\t<div class=\"elementor-element elementor-element-07d0001 elementor-widget elementor-widget-text-editor\" data-id=\"07d0001\" data-element_type=\"widget\" data-e-type=\"widget\" data-widget_type=\"text-editor.default\">\n\t\t\t\t\t\t\t\t\t<p style=\"text-align: left;\">Con este nuevo convenio, si eres miembro de Merc\u00e8 Lact\u00e0ncies, tienes:<\/p><ul><li style=\"text-align: left;\">10% en la Primera Visita<\/li><\/ul><p style=\"text-align: left;\">No olvides mostrar tu carn\u00e9 de socio.<\/p><p style=\"text-align: left;\">Consulta <a href=\"https:\/\/mercelactancia.com\/\">aqu\u00ed.<\/a><\/p>\t\t\t\t\t\t\t\t<\/div>\n\t\t\t\t<\/div>\n\t\t\t\t\t<\/div>\n\t\t\t\t<\/div>\n\t\t\t\t<\/div>\n\t\t","protected":false},"excerpt":{"rendered":"<p>Colaboraciones En Bodhivita, creemos en la importancia de trabajar juntos para conseguir un equilibrio \u00f3ptimo en la salud y bienestar de nuestros pacientes. En el coraz\u00f3n de nuestra filosof\u00eda se encuentra la colaboraci\u00f3n. Nos enorgullece unirnos a algunas asociaciones para ofrecer beneficios a aquellos que lo necesitan. Con este nuevo convenio, si eres miembro de [&hellip;]<\/p>\n","protected":false},"author":14,"featured_media":0,"parent":0,"menu_order":0,"comment_status":"closed","ping_status":"closed","template":"elementor_header_footer","meta":{"_monsterinsights_skip_tracking":false,"_monsterinsights_sitenote_active":false,"_monsterinsights_sitenote_note":"","_monsterinsights_sitenote_category":0,"_joinchat":[],"footnotes":""},"class_list":["post-2246","page","type-page","status-publish","hentry"],"yoast_head":"<!-- This site is optimized with the Yoast SEO plugin v27.5 - https:\/\/yoast.com\/product\/yoast-seo-wordpress\/ -->\n<title>Colaboraciones - Fisioterapeutes i Oste\u00f2pates a Sant Andreu (Barcelona) | Bodhivita<\/title>\n<meta name=\"robots\" content=\"index, follow, max-snippet:-1, max-image-preview:large, max-video-preview:-1\" \/>\n<link rel=\"canonical\" href=\"https:\/\/bodhivita.cat\/es\/colaboraciones\/\" \/>\n<meta property=\"og:locale\" content=\"es_ES\" \/>\n<meta property=\"og:type\" content=\"article\" \/>\n<meta property=\"og:title\" content=\"Colaboraciones - Fisioterapeutes i Oste\u00f2pates a Sant Andreu (Barcelona) | Bodhivita\" \/>\n<meta property=\"og:description\" content=\"Colaboraciones En Bodhivita, creemos en la importancia de trabajar juntos para conseguir un equilibrio \u00f3ptimo en la salud y bienestar de nuestros pacientes. En el coraz\u00f3n de nuestra filosof\u00eda se encuentra la colaboraci\u00f3n. Nos enorgullece unirnos a algunas asociaciones para ofrecer beneficios a aquellos que lo necesitan. Con este nuevo convenio, si eres miembro de [&hellip;]\" \/>\n<meta property=\"og:url\" content=\"https:\/\/bodhivita.cat\/es\/colaboraciones\/\" \/>\n<meta property=\"og:site_name\" content=\"Fisioterapeutes i Oste\u00f2pates a Sant Andreu (Barcelona) | Bodhivita\" \/>\n<meta property=\"article:publisher\" content=\"https:\/\/www.facebook.com\/bodhivita\/\" \/>\n<meta property=\"article:modified_time\" content=\"2025-11-26T12:42:45+00:00\" \/>\n<meta property=\"og:image\" content=\"https:\/\/bodhivita.cat\/wp-content\/uploads\/2023\/10\/logo-ictus-BCN.png\" \/>\n<meta name=\"twitter:card\" content=\"summary_large_image\" \/>\n<meta name=\"twitter:label1\" content=\"Tiempo de lectura\" \/>\n\t<meta name=\"twitter:data1\" content=\"1 minuto\" \/>\n<!-- \/ Yoast SEO plugin. -->","yoast_head_json":{"title":"Colaboraciones - Fisioterapeutes i Oste\u00f2pates a Sant Andreu (Barcelona) | Bodhivita","robots":{"index":"index","follow":"follow","max-snippet":"max-snippet:-1","max-image-preview":"max-image-preview:large","max-video-preview":"max-video-preview:-1"},"canonical":"https:\/\/bodhivita.cat\/es\/colaboraciones\/","og_locale":"es_ES","og_type":"article","og_title":"Colaboraciones - Fisioterapeutes i Oste\u00f2pates a Sant Andreu (Barcelona) | Bodhivita","og_description":"Colaboraciones En Bodhivita, creemos en la importancia de trabajar juntos para conseguir un equilibrio \u00f3ptimo en la salud y bienestar de nuestros pacientes. En el coraz\u00f3n de nuestra filosof\u00eda se encuentra la colaboraci\u00f3n. Nos enorgullece unirnos a algunas asociaciones para ofrecer beneficios a aquellos que lo necesitan. Con este nuevo convenio, si eres miembro de [&hellip;]","og_url":"https:\/\/bodhivita.cat\/es\/colaboraciones\/","og_site_name":"Fisioterapeutes i Oste\u00f2pates a Sant Andreu (Barcelona) | Bodhivita","article_publisher":"https:\/\/www.facebook.com\/bodhivita\/","article_modified_time":"2025-11-26T12:42:45+00:00","og_image":[{"url":"https:\/\/bodhivita.cat\/wp-content\/uploads\/2023\/10\/logo-ictus-BCN.png","type":"","width":"","height":""}],"twitter_card":"summary_large_image","twitter_misc":{"Tiempo de lectura":"1 minuto"},"schema":{"@context":"https:\/\/schema.org","@graph":[{"@type":"WebPage","@id":"https:\/\/bodhivita.cat\/es\/colaboraciones\/","url":"https:\/\/bodhivita.cat\/es\/colaboraciones\/","name":"Colaboraciones - Fisioterapeutes i Oste\u00f2pates a Sant Andreu (Barcelona) | Bodhivita","isPartOf":{"@id":"https:\/\/bodhivita.cat\/#website"},"primaryImageOfPage":{"@id":"https:\/\/bodhivita.cat\/es\/colaboraciones\/#primaryimage"},"image":{"@id":"https:\/\/bodhivita.cat\/es\/colaboraciones\/#primaryimage"},"thumbnailUrl":"https:\/\/bodhivita.cat\/wp-content\/uploads\/2023\/10\/logo-ictus-BCN.png","datePublished":"2023-10-06T09:07:52+00:00","dateModified":"2025-11-26T12:42:45+00:00","breadcrumb":{"@id":"https:\/\/bodhivita.cat\/es\/colaboraciones\/#breadcrumb"},"inLanguage":"es","potentialAction":[{"@type":"ReadAction","target":["https:\/\/bodhivita.cat\/es\/colaboraciones\/"]}]},{"@type":"ImageObject","inLanguage":"es","@id":"https:\/\/bodhivita.cat\/es\/colaboraciones\/#primaryimage","url":"https:\/\/bodhivita.cat\/wp-content\/uploads\/2023\/10\/logo-ictus-BCN.png","contentUrl":"https:\/\/bodhivita.cat\/wp-content\/uploads\/2023\/10\/logo-ictus-BCN.png"},{"@type":"BreadcrumbList","@id":"https:\/\/bodhivita.cat\/es\/colaboraciones\/#breadcrumb","itemListElement":[{"@type":"ListItem","position":1,"name":"Portada","item":"https:\/\/bodhivita.cat\/es\/inici\/"},{"@type":"ListItem","position":2,"name":"Colaboraciones"}]},{"@type":"WebSite","@id":"https:\/\/bodhivita.cat\/#website","url":"https:\/\/bodhivita.cat\/","name":"BODHIVITA, fisioterapeutes, oste\u00f2pates i ter\u00e0pies natuals a Sant Andreu (Barcelona)","description":"Tractaments de fisioter\u00e0pia, osteopatia, acupuntura i nutrici\u00f3 a Sant Andreu (Barcelona). Salut integrativa amb professionals especialitzats.","publisher":{"@id":"https:\/\/bodhivita.cat\/#organization"},"alternateName":"BODHIVITA, fisioterapeutes, oste\u00f2pates i ter\u00e0pies natuals a Sant Andreu (Barcelona)","potentialAction":[{"@type":"SearchAction","target":{"@type":"EntryPoint","urlTemplate":"https:\/\/bodhivita.cat\/?s={search_term_string}"},"query-input":{"@type":"PropertyValueSpecification","valueRequired":true,"valueName":"search_term_string"}}],"inLanguage":"es"},{"@type":"Organization","@id":"https:\/\/bodhivita.cat\/#organization","name":"Fisioter\u00e0pia, osteopatia i ter\u00e0pies naturals a Sant Andreu, Barcelona | BodhiVita","url":"https:\/\/bodhivita.cat\/","logo":{"@type":"ImageObject","inLanguage":"es","@id":"https:\/\/bodhivita.cat\/#\/schema\/logo\/image\/","url":"https:\/\/bodhivita.cat\/wp-content\/uploads\/2019\/06\/cropped-bodhivita-web-1.png","contentUrl":"https:\/\/bodhivita.cat\/wp-content\/uploads\/2019\/06\/cropped-bodhivita-web-1.png","width":512,"height":512,"caption":"Fisioter\u00e0pia, osteopatia i ter\u00e0pies naturals a Sant Andreu, Barcelona | BodhiVita"},"image":{"@id":"https:\/\/bodhivita.cat\/#\/schema\/logo\/image\/"},"sameAs":["https:\/\/www.facebook.com\/bodhivita\/","https:\/\/www.instagram.com\/bodhivita"]}]}},"_links":{"self":[{"href":"https:\/\/bodhivita.cat\/es\/wp-json\/wp\/v2\/pages\/2246","targetHints":{"allow":["GET"]}}],"collection":[{"href":"https:\/\/bodhivita.cat\/es\/wp-json\/wp\/v2\/pages"}],"about":[{"href":"https:\/\/bodhivita.cat\/es\/wp-json\/wp\/v2\/types\/page"}],"author":[{"embeddable":true,"href":"https:\/\/bodhivita.cat\/es\/wp-json\/wp\/v2\/users\/14"}],"replies":[{"embeddable":true,"href":"https:\/\/bodhivita.cat\/es\/wp-json\/wp\/v2\/comments?post=2246"}],"version-history":[{"count":6,"href":"https:\/\/bodhivita.cat\/es\/wp-json\/wp\/v2\/pages\/2246\/revisions"}],"predecessor-version":[{"id":3236,"href":"https:\/\/bodhivita.cat\/es\/wp-json\/wp\/v2\/pages\/2246\/revisions\/3236"}],"wp:attachment":[{"href":"https:\/\/bodhivita.cat\/es\/wp-json\/wp\/v2\/media?parent=2246"}],"curies":[{"name":"wp","href":"https:\/\/api.w.org\/{rel}","templated":true}]}}