{"id":2561,"date":"2024-07-17T12:34:32","date_gmt":"2024-07-17T10:34:32","guid":{"rendered":"https:\/\/bodhivita.cat\/clases-de-chikung\/"},"modified":"2026-03-31T10:36:42","modified_gmt":"2026-03-31T08:36:42","slug":"clases-de-chikung","status":"publish","type":"page","link":"https:\/\/bodhivita.cat\/es\/clases-de-chikung\/","title":{"rendered":"Clases de Chikung"},"content":{"rendered":"\t\t<div data-elementor-type=\"wp-page\" data-elementor-id=\"2561\" class=\"elementor elementor-2561 elementor-2461\" data-elementor-post-type=\"page\">\n\t\t\t\t\t\t<section class=\"elementor-section elementor-top-section elementor-element elementor-element-0279758 elementor-section-boxed elementor-section-height-default elementor-section-height-default\" data-id=\"0279758\" data-element_type=\"section\" data-e-type=\"section\">\n\t\t\t\t\t\t<div class=\"elementor-container elementor-column-gap-default\">\n\t\t\t\t\t<div class=\"elementor-column elementor-col-100 elementor-top-column elementor-element elementor-element-fbba6be\" data-id=\"fbba6be\" data-element_type=\"column\" data-e-type=\"column\">\n\t\t\t<div class=\"elementor-widget-wrap elementor-element-populated\">\n\t\t\t\t\t\t<div class=\"elementor-element elementor-element-0a864be elementor-widget elementor-widget-heading\" data-id=\"0a864be\" data-element_type=\"widget\" data-e-type=\"widget\" data-widget_type=\"heading.default\">\n\t\t\t\t\t<h1 class=\"elementor-heading-title elementor-size-default\">Chikung en Sant Andreu (Barcelona)<\/h1>\t\t\t\t<\/div>\n\t\t\t\t<div class=\"elementor-element elementor-element-042be3e elementor-widget elementor-widget-text-editor\" data-id=\"042be3e\" data-element_type=\"widget\" data-e-type=\"widget\" data-widget_type=\"text-editor.default\">\n\t\t\t\t\t\t\t\t\t<p data-start=\"594\" data-end=\"656\"><strong data-start=\"594\" data-end=\"656\">Equilibra cuerpo, energ\u00eda y mente con una pr\u00e1ctica milenaria<\/strong><\/p><p data-start=\"658\" data-end=\"984\"><strong data-start=\"661\" data-end=\"672\">Chikung<\/strong> es una t\u00e9cnica ancestral de la Medicina Tradicional China que combina movimiento suave, respiraci\u00f3n consciente y concentraci\u00f3n mental para mejorar la salud f\u00edsica, emocional y energ\u00e9tica. Es una pr\u00e1ctica <strong data-start=\"872\" data-end=\"902\">apta para todas las edades<\/strong> , ideal para flexibilizar el cuerpo, reducir el estr\u00e9s y potenciar el bienestar general. <\/p><p data-start=\"986\" data-end=\"1150\">En Bodhivita, en el barrio de <strong data-start=\"1011\" data-end=\"1038\">Sant Andreu (Barcelona)<\/strong> , ofrecemos clases de Chikung pensadas para reconectar con el cuerpo y favorecer un estado de calma y equilibrio interno.<\/p><h2 data-start=\"1157\" data-end=\"1194\">\u00bfQu\u00e9 beneficios tiene el Chikung?<\/h2><ul data-start=\"1195\" data-end=\"1438\"><li data-start=\"1195\" data-end=\"1237\"><p data-start=\"1197\" data-end=\"1237\">Mejora la flexibilidad y la movilidad<\/p><\/li><li data-start=\"1238\" data-end=\"1271\"><p data-start=\"1240\" data-end=\"1271\">Reduce el estr\u00e9s y la ansiedad<\/p><\/li><li data-start=\"1272\" data-end=\"1307\"><p data-start=\"1274\" data-end=\"1307\">Fortalece el sistema inmunitario<\/p><\/li><li data-start=\"1308\" data-end=\"1343\"><p data-start=\"1310\" data-end=\"1343\">Promueve la circulaci\u00f3n energ\u00e9tica<\/p><\/li><li data-start=\"1344\" data-end=\"1395\"><p data-start=\"1346\" data-end=\"1395\">Aumenta la vitalidad y la sensaci\u00f3n de bienestar<\/p><\/li><li data-start=\"1396\" data-end=\"1438\"><p data-start=\"1398\" data-end=\"1438\">Ayuda a equilibrar cuerpo, energ\u00eda y mente<\/p><\/li><\/ul><p data-start=\"1440\" data-end=\"1599\">Es una pr\u00e1ctica especialmente recomendada para personas que buscan <strong data-start=\"1507\" data-end=\"1524\">movimiento suave<\/strong>, <strong data-start=\"1526\" data-end=\"1548\">reducci\u00f3n de tensi\u00f3n<\/strong>, m\u00e1s <strong data-start=\"1554\" data-end=\"1578\">conciencia corporal<\/strong> y un espacio de calma.<\/p><h2 data-start=\"1606\" data-end=\"1665\">Clases impartidas por un fisioterapeuta y acupuntor<\/h2><p data-start=\"1666\" data-end=\"2011\">Las clases est\u00e1n dirigidas por <a href=\"https:\/\/bodhivita.cat\/es\/alberto-tura\/\" target=\"_blank\" rel=\"noopener\"><strong data-start=\"1698\" data-end=\"1714\">Alberto Tura<\/strong><\/a> , fisioterapeuta y acupuntor de Bodhivita, con a\u00f1os de experiencia en pr\u00e1ctica corporal y formaci\u00f3n en disciplinas como <strong data-start=\"1831\" data-end=\"1858\">Pilates, Yoga y Kung Fu<\/strong> .<br data-start=\"1859\" data-end=\"1862\">Su enfoque combina conocimiento terap\u00e9utico y tradici\u00f3n oriental garantizando sesiones seguras, progresivas y adaptadas al nivel de cada persona.<\/p>\t\t\t\t\t\t\t\t<\/div>\n\t\t\t\t<div class=\"elementor-element elementor-element-e71c57d elementor-widget elementor-widget-image\" data-id=\"e71c57d\" data-element_type=\"widget\" data-e-type=\"widget\" data-widget_type=\"image.default\">\n\t\t\t\t\t\t\t\t\t\t\t\t\t\t\t<img fetchpriority=\"high\" decoding=\"async\" width=\"2560\" height=\"1707\" src=\"https:\/\/bodhivita.cat\/wp-content\/uploads\/2024\/04\/young-man-practicing-taekwondo-gymnasium-scaled.jpg\" class=\"attachment-full size-full wp-image-2465\" alt=\"Chikung San Andr\u00e9s (Barcelona) | Bodhivita\" srcset=\"https:\/\/bodhivita.cat\/wp-content\/uploads\/2024\/04\/young-man-practicing-taekwondo-gymnasium-scaled.jpg 2560w, https:\/\/bodhivita.cat\/wp-content\/uploads\/2024\/04\/young-man-practicing-taekwondo-gymnasium-300x200.jpg 300w, https:\/\/bodhivita.cat\/wp-content\/uploads\/2024\/04\/young-man-practicing-taekwondo-gymnasium-1024x683.jpg 1024w, https:\/\/bodhivita.cat\/wp-content\/uploads\/2024\/04\/young-man-practicing-taekwondo-gymnasium-768x512.jpg 768w, https:\/\/bodhivita.cat\/wp-content\/uploads\/2024\/04\/young-man-practicing-taekwondo-gymnasium-1536x1024.jpg 1536w, https:\/\/bodhivita.cat\/wp-content\/uploads\/2024\/04\/young-man-practicing-taekwondo-gymnasium-2048x1365.jpg 2048w\" sizes=\"(max-width: 2560px) 100vw, 2560px\" \/>\t\t\t\t\t\t\t\t\t\t\t\t\t\t\t<\/div>\n\t\t\t\t<div class=\"elementor-element elementor-element-0eba265 elementor-widget elementor-widget-text-editor\" data-id=\"0eba265\" data-element_type=\"widget\" data-e-type=\"widget\" data-widget_type=\"text-editor.default\">\n\t\t\t\t\t\t\t\t\t<h2>Horarios e informaci\u00f3n<\/h2><p>\ud83d\uddd3 Todos los lunes a las 19:00h.<br>\ud83e\udef0Primera clase de prueba gratuita.<br>\u26a0\ufe0f Plazas limitadas. Confirmar asistencia.<\/p><h2 data-start=\"2186\" data-end=\"2230\">\u00bfQuieres m\u00e1s informaci\u00f3n o reservar plaza?<\/h2><p><a href=\"mailto:santandreu@bodhivita.cat\"><span style=\"font-weight: 400;\">santandreu@bodhivita.cat<\/span><\/a><\/p><p><a href=\"tel:\/\/661457837\"><span style=\"font-weight: 400;\">661 457 837<\/span><\/a><\/p><p><a href=\"http:\/\/instagram.com\/bodhivita\"><span style=\"font-weight: 400;\">@bodhivita<\/span><\/a><\/p>\t\t\t\t\t\t\t\t<\/div>\n\t\t\t\t<div class=\"elementor-element elementor-element-ee84acb elementor-widget elementor-widget-text-editor\" data-id=\"ee84acb\" data-element_type=\"widget\" data-e-type=\"widget\" data-widget_type=\"text-editor.default\">\n\t\t\t\t\t\t\t\t\t<p>En <span class=\"hiddenSpellError\">BodhiVita<\/span> no s\u00f3lo encontrar\u00e1s a los profesionales que te ayudar\u00e1n a cuidar de tu salud, sino que tambi\u00e9n disfrutar\u00e1s de un espacio donde sentirte como en casa.<\/p>\t\t\t\t\t\t\t\t<\/div>\n\t\t\t\t\t<\/div>\n\t\t<\/div>\n\t\t\t\t\t<\/div>\n\t\t<\/section>\n\t\t\t\t<\/div>\n\t\t","protected":false},"excerpt":{"rendered":"<p>Chikung en Sant Andreu (Barcelona) Equilibra cuerpo, energ\u00eda y mente con una pr\u00e1ctica milenaria Chikung es una t\u00e9cnica ancestral de la Medicina Tradicional China que combina movimiento suave, respiraci\u00f3n consciente y concentraci\u00f3n mental para mejorar la salud f\u00edsica, emocional y energ\u00e9tica. Es una pr\u00e1ctica apta para todas las edades , ideal para flexibilizar el cuerpo, [&hellip;]<\/p>\n","protected":false},"author":14,"featured_media":0,"parent":0,"menu_order":0,"comment_status":"closed","ping_status":"closed","template":"elementor_header_footer","meta":{"_monsterinsights_skip_tracking":false,"_monsterinsights_sitenote_active":false,"_monsterinsights_sitenote_note":"","_monsterinsights_sitenote_category":0,"_joinchat":[],"footnotes":""},"class_list":["post-2561","page","type-page","status-publish","hentry"],"yoast_head":"<!-- This site is optimized with the Yoast SEO plugin v27.3 - https:\/\/yoast.com\/product\/yoast-seo-wordpress\/ -->\n<title>Chikung en Sant Andreu | Clases de movimiento consciente<\/title>\n<meta name=\"description\" content=\"Clases de Chikung en Sant Andreu (Barcelona) para mejorar flexibilidad, energ\u00eda y bienestar. Primera clase gratuita y plazas limitadas. \u00a1Inf\u00f3rmate!\" \/>\n<meta name=\"robots\" content=\"index, follow, max-snippet:-1, max-image-preview:large, max-video-preview:-1\" \/>\n<link rel=\"canonical\" href=\"https:\/\/bodhivita.cat\/es\/clases-de-chikung\/\" \/>\n<meta property=\"og:locale\" content=\"es_ES\" \/>\n<meta property=\"og:type\" content=\"article\" \/>\n<meta property=\"og:title\" content=\"Chikung en Sant Andreu | Clases de movimiento consciente\" \/>\n<meta property=\"og:description\" content=\"Clases de Chikung en Sant Andreu (Barcelona) para mejorar flexibilidad, energ\u00eda y bienestar. Primera clase gratuita y plazas limitadas. \u00a1Inf\u00f3rmate!\" \/>\n<meta property=\"og:url\" content=\"https:\/\/bodhivita.cat\/es\/clases-de-chikung\/\" \/>\n<meta property=\"og:site_name\" content=\"Fisioterapeutes i Oste\u00f2pates a Sant Andreu (Barcelona) | Bodhivita\" \/>\n<meta property=\"article:publisher\" content=\"https:\/\/www.facebook.com\/bodhivita\/\" \/>\n<meta property=\"article:modified_time\" content=\"2026-03-31T08:36:42+00:00\" \/>\n<meta property=\"og:image\" content=\"https:\/\/bodhivita.cat\/wp-content\/uploads\/2024\/04\/young-man-practicing-taekwondo-gymnasium-scaled.jpg\" \/>\n\t<meta property=\"og:image:width\" content=\"2560\" \/>\n\t<meta property=\"og:image:height\" content=\"1707\" \/>\n\t<meta property=\"og:image:type\" content=\"image\/jpeg\" \/>\n<meta name=\"twitter:card\" content=\"summary_large_image\" \/>\n<meta name=\"twitter:label1\" content=\"Tiempo de lectura\" \/>\n\t<meta name=\"twitter:data1\" content=\"2 minutos\" \/>\n<!-- \/ Yoast SEO plugin. -->","yoast_head_json":{"title":"Chikung en Sant Andreu | Clases de movimiento consciente","description":"Clases de Chikung en Sant Andreu (Barcelona) para mejorar flexibilidad, energ\u00eda y bienestar. Primera clase gratuita y plazas limitadas. \u00a1Inf\u00f3rmate!","robots":{"index":"index","follow":"follow","max-snippet":"max-snippet:-1","max-image-preview":"max-image-preview:large","max-video-preview":"max-video-preview:-1"},"canonical":"https:\/\/bodhivita.cat\/es\/clases-de-chikung\/","og_locale":"es_ES","og_type":"article","og_title":"Chikung en Sant Andreu | Clases de movimiento consciente","og_description":"Clases de Chikung en Sant Andreu (Barcelona) para mejorar flexibilidad, energ\u00eda y bienestar. Primera clase gratuita y plazas limitadas. \u00a1Inf\u00f3rmate!","og_url":"https:\/\/bodhivita.cat\/es\/clases-de-chikung\/","og_site_name":"Fisioterapeutes i Oste\u00f2pates a Sant Andreu (Barcelona) | Bodhivita","article_publisher":"https:\/\/www.facebook.com\/bodhivita\/","article_modified_time":"2026-03-31T08:36:42+00:00","og_image":[{"width":2560,"height":1707,"url":"https:\/\/bodhivita.cat\/wp-content\/uploads\/2024\/04\/young-man-practicing-taekwondo-gymnasium-scaled.jpg","type":"image\/jpeg"}],"twitter_card":"summary_large_image","twitter_misc":{"Tiempo de lectura":"2 minutos"},"schema":{"@context":"https:\/\/schema.org","@graph":[{"@type":"WebPage","@id":"https:\/\/bodhivita.cat\/es\/clases-de-chikung\/","url":"https:\/\/bodhivita.cat\/es\/clases-de-chikung\/","name":"Chikung en Sant Andreu | Clases de movimiento consciente","isPartOf":{"@id":"https:\/\/bodhivita.cat\/#website"},"primaryImageOfPage":{"@id":"https:\/\/bodhivita.cat\/es\/clases-de-chikung\/#primaryimage"},"image":{"@id":"https:\/\/bodhivita.cat\/es\/clases-de-chikung\/#primaryimage"},"thumbnailUrl":"https:\/\/bodhivita.cat\/wp-content\/uploads\/2024\/04\/young-man-practicing-taekwondo-gymnasium-scaled.jpg","datePublished":"2024-07-17T10:34:32+00:00","dateModified":"2026-03-31T08:36:42+00:00","description":"Clases de Chikung en Sant Andreu (Barcelona) para mejorar flexibilidad, energ\u00eda y bienestar. Primera clase gratuita y plazas limitadas. \u00a1Inf\u00f3rmate!","breadcrumb":{"@id":"https:\/\/bodhivita.cat\/es\/clases-de-chikung\/#breadcrumb"},"inLanguage":"es","potentialAction":[{"@type":"ReadAction","target":["https:\/\/bodhivita.cat\/es\/clases-de-chikung\/"]}]},{"@type":"ImageObject","inLanguage":"es","@id":"https:\/\/bodhivita.cat\/es\/clases-de-chikung\/#primaryimage","url":"https:\/\/bodhivita.cat\/wp-content\/uploads\/2024\/04\/young-man-practicing-taekwondo-gymnasium-scaled.jpg","contentUrl":"https:\/\/bodhivita.cat\/wp-content\/uploads\/2024\/04\/young-man-practicing-taekwondo-gymnasium-scaled.jpg"},{"@type":"BreadcrumbList","@id":"https:\/\/bodhivita.cat\/es\/clases-de-chikung\/#breadcrumb","itemListElement":[{"@type":"ListItem","position":1,"name":"Portada","item":"https:\/\/bodhivita.cat\/es\/inici\/"},{"@type":"ListItem","position":2,"name":"Clases de Chikung"}]},{"@type":"WebSite","@id":"https:\/\/bodhivita.cat\/#website","url":"https:\/\/bodhivita.cat\/","name":"BODHIVITA","description":"Tractaments de fisioter\u00e0pia, osteopatia, acupuntura i nutrici\u00f3 a Sant Andreu (Barcelona). Salut integrativa amb professionals especialitzats.","publisher":{"@id":"https:\/\/bodhivita.cat\/#organization"},"potentialAction":[{"@type":"SearchAction","target":{"@type":"EntryPoint","urlTemplate":"https:\/\/bodhivita.cat\/?s={search_term_string}"},"query-input":{"@type":"PropertyValueSpecification","valueRequired":true,"valueName":"search_term_string"}}],"inLanguage":"es"},{"@type":"Organization","@id":"https:\/\/bodhivita.cat\/#organization","name":"Fisioter\u00e0pia, osteopatia i ter\u00e0pies naturals a Sant Andreu, Barcelona | BodhiVita","url":"https:\/\/bodhivita.cat\/","logo":{"@type":"ImageObject","inLanguage":"es","@id":"https:\/\/bodhivita.cat\/#\/schema\/logo\/image\/","url":"https:\/\/bodhivita.cat\/wp-content\/uploads\/2019\/06\/cropped-bodhivita-web-1.png","contentUrl":"https:\/\/bodhivita.cat\/wp-content\/uploads\/2019\/06\/cropped-bodhivita-web-1.png","width":512,"height":512,"caption":"Fisioter\u00e0pia, osteopatia i ter\u00e0pies naturals a Sant Andreu, Barcelona | BodhiVita"},"image":{"@id":"https:\/\/bodhivita.cat\/#\/schema\/logo\/image\/"},"sameAs":["https:\/\/www.facebook.com\/bodhivita\/","https:\/\/www.instagram.com\/bodhivita"]}]}},"_links":{"self":[{"href":"https:\/\/bodhivita.cat\/es\/wp-json\/wp\/v2\/pages\/2561","targetHints":{"allow":["GET"]}}],"collection":[{"href":"https:\/\/bodhivita.cat\/es\/wp-json\/wp\/v2\/pages"}],"about":[{"href":"https:\/\/bodhivita.cat\/es\/wp-json\/wp\/v2\/types\/page"}],"author":[{"embeddable":true,"href":"https:\/\/bodhivita.cat\/es\/wp-json\/wp\/v2\/users\/14"}],"replies":[{"embeddable":true,"href":"https:\/\/bodhivita.cat\/es\/wp-json\/wp\/v2\/comments?post=2561"}],"version-history":[{"count":11,"href":"https:\/\/bodhivita.cat\/es\/wp-json\/wp\/v2\/pages\/2561\/revisions"}],"predecessor-version":[{"id":3900,"href":"https:\/\/bodhivita.cat\/es\/wp-json\/wp\/v2\/pages\/2561\/revisions\/3900"}],"wp:attachment":[{"href":"https:\/\/bodhivita.cat\/es\/wp-json\/wp\/v2\/media?parent=2561"}],"curies":[{"name":"wp","href":"https:\/\/api.w.org\/{rel}","templated":true}]}}