{"id":3199,"date":"2025-11-26T14:42:09","date_gmt":"2025-11-26T12:42:09","guid":{"rendered":"https:\/\/bodhivita.cat\/politica-de-cookies\/"},"modified":"2026-01-09T12:16:36","modified_gmt":"2026-01-09T10:16:36","slug":"politica-de-cookies","status":"publish","type":"page","link":"https:\/\/bodhivita.cat\/es\/politica-de-cookies\/","title":{"rendered":"Pol\u00edtica de cookies"},"content":{"rendered":"\n<p>BODHIVITA FISIOTERAPEUTES, SCP (El Responsable)protege los datos personales con lo dispuesto en el Reglamento (UE) 2016\/679, de 27 de abril (GDPR), y la Ley Org\u00e1nica 3\/2018, de 5 de diciembre (LOPDGDD).<\/p>\n\n<p>De acuerdo con la normativa vigente sobre tratamiento de datos, le informamos de los datos del Responsable de los datos:<\/p>\n\n<p>Denominaci\u00f3n social: BODHIVITA FISIOTERAPEUTAS, SCP<\/p>\n\n<p>NIF:J-67449116<\/p>\n\n<p>Nombre de dominio: <a href=\"https:\/\/www.bodhivita.cat\">www.bodhivita.cat<\/a><\/p>\n\n<p>Direcci\u00f3n: C. Concepci\u00f3n Arenal, 293 local 108030 BARCELONA<\/p>\n\n<p>E-mail: <a href=\"mailto:santandreu@bodhivita.cat\">santandreu@bodhivita.cat<\/a><\/p>\n\n<p>DATOS RECOGIDOS EN FORMULARIO DE CONTACTO<\/p>\n\n<figure class=\"wp-block-table\"><table class=\"has-fixed-layout\"><tbody><tr><td>Finalidad<\/td><td>Remitir al usuario informaci\u00f3n que puedan ser de su inter\u00e9s en la direcci\u00f3n proporcionada.<\/td><\/tr><tr><td>Legitimaci\u00f3n para el tratamiento<\/td><td>Consentimiento del usuario<\/td><\/tr><tr><td>Criterios de conservaci\u00f3n<\/td><td>Sus datos ser\u00e1n cancelados en el momento en que nos retire el consentimiento, se conservar\u00e1n durante el plazo de 3 a\u00f1os para responder de posibles reclamaciones y\/o en el momento en que solicite la supresi\u00f3n, despu\u00e9s de oponerse al tratamiento, ser\u00e1n destruidos.<\/td><\/tr><tr><td>Comunicaci\u00f3n de datos<\/td><td>No se ceder\u00e1n, salvo que la ley nos obligue o sea necesario para la operatividad del servicio<\/td><\/tr><tr><td>Derechos de los usuarios<\/td><td>Derechos de acceso, rectificaci\u00f3n, supresi\u00f3n, portabilidad y la limitaci\u00f3n u oposici\u00f3n al tratamiento, as\u00ed como solicitar m\u00e1s informaci\u00f3n sobre el tratamiento de sus datos. Derecho a presentar reclamaci\u00f3n ante la Agencia espa\u00f1ola de Protecci\u00f3n de Datos.   <\/td><\/tr><tr><td>Datos de contacto para ejercitar los derechos de los usuarios<\/td><td>santandreu@bodhivita.cat  <\/td><\/tr><\/tbody><\/table><\/figure>\n\n<p>DATOS RECOGIDOS EN FORMULARIO DE CONTACTO CON ACEPTACI\u00d3N DE RECIBIR COMUNICACIONES COMERCIALES<\/p>\n\n<figure class=\"wp-block-table\"><table class=\"has-fixed-layout\"><tbody><tr><td>Finalidad<\/td><td>Remitir al usuario informaci\u00f3n que puedan ser de su inter\u00e9s en la direcci\u00f3n proporcionada, as\u00ed como para gestionar la posible relaci\u00f3n comercial.  <\/td><\/tr><tr><td>Legitimaci\u00f3n para el tratamiento<\/td><td>Consentimiento del usuario<\/td><\/tr><tr><td>Criterios de conservaci\u00f3n<\/td><td>Sus datos ser\u00e1n cancelados en el momento en que nos retire el consentimiento, se conservar\u00e1n durante el plazo de 3 a\u00f1os para responder de posibles reclamaciones y\/o en el momento en que solicite la supresi\u00f3n, despu\u00e9s de oponerse al tratamiento, ser\u00e1n destruidos.<\/td><\/tr><tr><td>Comunicaci\u00f3n de datos<\/td><td>No se ceder\u00e1n a menos que la ley nos obligue o sea necesario para la operatividad del servicio<\/td><\/tr><tr><td>Derechos de los usuarios<\/td><td>Derechos de acceso, rectificaci\u00f3n, supresi\u00f3n, portabilidad y la limitaci\u00f3n u oposici\u00f3n al tratamiento, as\u00ed como solicitar m\u00e1s informaci\u00f3n sobre el tratamiento de sus datos. Derecho a presentar reclamaci\u00f3n ante la Agencia espa\u00f1ola de Protecci\u00f3n de Datos.   <\/td><\/tr><tr><td>Datos de contacto para ejercitar los derechos de los usuarios<\/td><td>santandreu@bodhivita.cat  <\/td><\/tr><\/tbody><\/table><\/figure>\n\n<p>DATOS RECOGIDOS EN FORMULARIO DE SUSCRIPCI\u00d3N AL BLOG<\/p>\n\n<figure class=\"wp-block-table\"><table class=\"has-fixed-layout\"><tbody><tr><td>Finalidad<\/td><td>Gesti\u00f3n blog<\/td><\/tr><tr><td>Legitimaci\u00f3n para el tratamiento<\/td><td>Consentimiento del usuario<\/td><\/tr><tr><td>Criterios de conservaci\u00f3n<\/td><td>Sus datos ser\u00e1n cancelados en el momento en que nos retire el consentimiento, se conservar\u00e1n durante el plazo de 3 a\u00f1os para responder de posibles reclamaciones y\/o en el momento en que solicite la supresi\u00f3n, despu\u00e9s de oponerse al tratamiento, ser\u00e1n destruidos.<\/td><\/tr><tr><td>Comunicaci\u00f3n de datos<\/td><td>No se ceder\u00e1n a menos que la ley nos obligue o sea necesario para la operatividad del servicio<\/td><\/tr><tr><td>Derechos de los usuarios<\/td><td>Derechos de acceso, rectificaci\u00f3n, supresi\u00f3n, portabilidad y la limitaci\u00f3n u oposici\u00f3n al tratamiento, as\u00ed como solicitar m\u00e1s informaci\u00f3n sobre el tratamiento de sus datos. Derecho a presentar reclamaci\u00f3n ante la Agencia espa\u00f1ola de Protecci\u00f3n de Datos.   <\/td><\/tr><tr><td>Datos de contacto para ejercitar los derechos de los usuarios<\/td><td>santandreu@bodhivita.cat  <\/td><\/tr><\/tbody><\/table><\/figure>\n\n<p><strong>No se realizan transferencias internacionales de datos.<\/strong><\/p>\n\n<p><strong>Menores de edad.<\/strong><\/p>\n\n<p>Para el uso de los servicios, los menores de edad deben obtener siempre previamente el consentimiento de los padres, tutores o representantes legales, responsables \u00faltimos de todos los actos realizados por los menores a su cargo. Quien facilita los datos a trav\u00e9s de los formularios de esta web y acepta su tratamiento declara ser mayor de 14 a\u00f1os, quedando prohibido el acceso y uso del portal a menores de esa edad. <\/p>\n\n<p><strong>Actualizaci\u00f3n de datos<\/strong><\/p>\n\n<p><br\/>El usuario garantiza que los datos personales facilitados son veraces garantizando que toda la informaci\u00f3n facilitada corresponde a la situaci\u00f3n real, que est\u00e1 actualizada y es exacta, quedando obligado a comunicar cualquier modificaci\u00f3n.<\/p>\n\n<p><strong>Datos de Terceros<\/strong><\/p>\n\n<p>Si el usuario facilita datos de terceras personas garantiza que ha obtenido estos datos de forma l\u00edcita, que ha informado previamente a los afectados, obteniendo su consentimiento para comunicarlos y que la informaci\u00f3n facilitada es exacta y veraz.<\/p>\n\n<p><\/p>\n","protected":false},"excerpt":{"rendered":"<p>BODHIVITA FISIOTERAPEUTES, SCP (El Responsable)protege los datos personales con lo dispuesto en el Reglamento (UE) 2016\/679, de 27 de abril (GDPR), y la Ley Org\u00e1nica 3\/2018, de 5 de diciembre (LOPDGDD). De acuerdo con la normativa vigente sobre tratamiento de datos, le informamos de los datos del Responsable de los datos: Denominaci\u00f3n social: BODHIVITA FISIOTERAPEUTAS, [&hellip;]<\/p>\n","protected":false},"author":14,"featured_media":0,"parent":0,"menu_order":0,"comment_status":"closed","ping_status":"closed","template":"","meta":{"_monsterinsights_skip_tracking":false,"_monsterinsights_sitenote_active":false,"_monsterinsights_sitenote_note":"","_monsterinsights_sitenote_category":0,"_joinchat":[],"footnotes":""},"class_list":["post-3199","page","type-page","status-publish","hentry"],"yoast_head":"<!-- This site is optimized with the Yoast SEO plugin v27.3 - https:\/\/yoast.com\/product\/yoast-seo-wordpress\/ -->\n<title>Pol\u00edtica de cookies - Fisioterapeutes i Oste\u00f2pates a Sant Andreu (Barcelona) | Bodhivita<\/title>\n<meta name=\"robots\" content=\"index, follow, max-snippet:-1, max-image-preview:large, max-video-preview:-1\" \/>\n<link rel=\"canonical\" href=\"https:\/\/bodhivita.cat\/es\/politica-de-cookies\/\" \/>\n<meta property=\"og:locale\" content=\"es_ES\" \/>\n<meta property=\"og:type\" content=\"article\" \/>\n<meta property=\"og:title\" content=\"Pol\u00edtica de cookies - Fisioterapeutes i Oste\u00f2pates a Sant Andreu (Barcelona) | Bodhivita\" \/>\n<meta property=\"og:description\" content=\"BODHIVITA FISIOTERAPEUTES, SCP (El Responsable)protege los datos personales con lo dispuesto en el Reglamento (UE) 2016\/679, de 27 de abril (GDPR), y la Ley Org\u00e1nica 3\/2018, de 5 de diciembre (LOPDGDD). De acuerdo con la normativa vigente sobre tratamiento de datos, le informamos de los datos del Responsable de los datos: Denominaci\u00f3n social: BODHIVITA FISIOTERAPEUTAS, [&hellip;]\" \/>\n<meta property=\"og:url\" content=\"https:\/\/bodhivita.cat\/es\/politica-de-cookies\/\" \/>\n<meta property=\"og:site_name\" content=\"Fisioterapeutes i Oste\u00f2pates a Sant Andreu (Barcelona) | Bodhivita\" \/>\n<meta property=\"article:publisher\" content=\"https:\/\/www.facebook.com\/bodhivita\/\" \/>\n<meta property=\"article:modified_time\" content=\"2026-01-09T10:16:36+00:00\" \/>\n<meta name=\"twitter:card\" content=\"summary_large_image\" \/>\n<meta name=\"twitter:label1\" content=\"Tiempo de lectura\" \/>\n\t<meta name=\"twitter:data1\" content=\"4 minutos\" \/>\n<!-- \/ Yoast SEO plugin. -->","yoast_head_json":{"title":"Pol\u00edtica de cookies - Fisioterapeutes i Oste\u00f2pates a Sant Andreu (Barcelona) | Bodhivita","robots":{"index":"index","follow":"follow","max-snippet":"max-snippet:-1","max-image-preview":"max-image-preview:large","max-video-preview":"max-video-preview:-1"},"canonical":"https:\/\/bodhivita.cat\/es\/politica-de-cookies\/","og_locale":"es_ES","og_type":"article","og_title":"Pol\u00edtica de cookies - Fisioterapeutes i Oste\u00f2pates a Sant Andreu (Barcelona) | Bodhivita","og_description":"BODHIVITA FISIOTERAPEUTES, SCP (El Responsable)protege los datos personales con lo dispuesto en el Reglamento (UE) 2016\/679, de 27 de abril (GDPR), y la Ley Org\u00e1nica 3\/2018, de 5 de diciembre (LOPDGDD). De acuerdo con la normativa vigente sobre tratamiento de datos, le informamos de los datos del Responsable de los datos: Denominaci\u00f3n social: BODHIVITA FISIOTERAPEUTAS, [&hellip;]","og_url":"https:\/\/bodhivita.cat\/es\/politica-de-cookies\/","og_site_name":"Fisioterapeutes i Oste\u00f2pates a Sant Andreu (Barcelona) | Bodhivita","article_publisher":"https:\/\/www.facebook.com\/bodhivita\/","article_modified_time":"2026-01-09T10:16:36+00:00","twitter_card":"summary_large_image","twitter_misc":{"Tiempo de lectura":"4 minutos"},"schema":{"@context":"https:\/\/schema.org","@graph":[{"@type":"WebPage","@id":"https:\/\/bodhivita.cat\/es\/politica-de-cookies\/","url":"https:\/\/bodhivita.cat\/es\/politica-de-cookies\/","name":"Pol\u00edtica de cookies - Fisioterapeutes i Oste\u00f2pates a Sant Andreu (Barcelona) | Bodhivita","isPartOf":{"@id":"https:\/\/bodhivita.cat\/#website"},"datePublished":"2025-11-26T12:42:09+00:00","dateModified":"2026-01-09T10:16:36+00:00","breadcrumb":{"@id":"https:\/\/bodhivita.cat\/es\/politica-de-cookies\/#breadcrumb"},"inLanguage":"es","potentialAction":[{"@type":"ReadAction","target":["https:\/\/bodhivita.cat\/es\/politica-de-cookies\/"]}]},{"@type":"BreadcrumbList","@id":"https:\/\/bodhivita.cat\/es\/politica-de-cookies\/#breadcrumb","itemListElement":[{"@type":"ListItem","position":1,"name":"Portada","item":"https:\/\/bodhivita.cat\/es\/inici\/"},{"@type":"ListItem","position":2,"name":"Pol\u00edtica de cookies"}]},{"@type":"WebSite","@id":"https:\/\/bodhivita.cat\/#website","url":"https:\/\/bodhivita.cat\/","name":"BODHIVITA","description":"Tractaments de fisioter\u00e0pia, osteopatia, acupuntura i nutrici\u00f3 a Sant Andreu (Barcelona). Salut integrativa amb professionals especialitzats.","publisher":{"@id":"https:\/\/bodhivita.cat\/#organization"},"potentialAction":[{"@type":"SearchAction","target":{"@type":"EntryPoint","urlTemplate":"https:\/\/bodhivita.cat\/?s={search_term_string}"},"query-input":{"@type":"PropertyValueSpecification","valueRequired":true,"valueName":"search_term_string"}}],"inLanguage":"es"},{"@type":"Organization","@id":"https:\/\/bodhivita.cat\/#organization","name":"Fisioter\u00e0pia, osteopatia i ter\u00e0pies naturals a Sant Andreu, Barcelona | BodhiVita","url":"https:\/\/bodhivita.cat\/","logo":{"@type":"ImageObject","inLanguage":"es","@id":"https:\/\/bodhivita.cat\/#\/schema\/logo\/image\/","url":"https:\/\/bodhivita.cat\/wp-content\/uploads\/2019\/06\/cropped-bodhivita-web-1.png","contentUrl":"https:\/\/bodhivita.cat\/wp-content\/uploads\/2019\/06\/cropped-bodhivita-web-1.png","width":512,"height":512,"caption":"Fisioter\u00e0pia, osteopatia i ter\u00e0pies naturals a Sant Andreu, Barcelona | BodhiVita"},"image":{"@id":"https:\/\/bodhivita.cat\/#\/schema\/logo\/image\/"},"sameAs":["https:\/\/www.facebook.com\/bodhivita\/","https:\/\/www.instagram.com\/bodhivita"]}]}},"_links":{"self":[{"href":"https:\/\/bodhivita.cat\/es\/wp-json\/wp\/v2\/pages\/3199","targetHints":{"allow":["GET"]}}],"collection":[{"href":"https:\/\/bodhivita.cat\/es\/wp-json\/wp\/v2\/pages"}],"about":[{"href":"https:\/\/bodhivita.cat\/es\/wp-json\/wp\/v2\/types\/page"}],"author":[{"embeddable":true,"href":"https:\/\/bodhivita.cat\/es\/wp-json\/wp\/v2\/users\/14"}],"replies":[{"embeddable":true,"href":"https:\/\/bodhivita.cat\/es\/wp-json\/wp\/v2\/comments?post=3199"}],"version-history":[{"count":2,"href":"https:\/\/bodhivita.cat\/es\/wp-json\/wp\/v2\/pages\/3199\/revisions"}],"predecessor-version":[{"id":3652,"href":"https:\/\/bodhivita.cat\/es\/wp-json\/wp\/v2\/pages\/3199\/revisions\/3652"}],"wp:attachment":[{"href":"https:\/\/bodhivita.cat\/es\/wp-json\/wp\/v2\/media?parent=3199"}],"curies":[{"name":"wp","href":"https:\/\/api.w.org\/{rel}","templated":true}]}}