{"id":3213,"date":"2025-11-26T14:42:34","date_gmt":"2025-11-26T12:42:34","guid":{"rendered":"https:\/\/bodhivita.cat\/asun-martin\/"},"modified":"2025-11-26T14:42:35","modified_gmt":"2025-11-26T12:42:35","slug":"asun-martin","status":"publish","type":"page","link":"https:\/\/bodhivita.cat\/es\/asun-martin\/","title":{"rendered":"Asun Mart\u00edn"},"content":{"rendered":"\t\t<div data-elementor-type=\"wp-page\" data-elementor-id=\"3213\" class=\"elementor elementor-3213 elementor-2895\" data-elementor-post-type=\"page\">\n\t\t\t\t\t\t<section class=\"elementor-section elementor-top-section elementor-element elementor-element-63f0c89 elementor-section-boxed elementor-section-height-default elementor-section-height-default\" data-id=\"63f0c89\" data-element_type=\"section\" data-e-type=\"section\">\n\t\t\t\t\t\t<div class=\"elementor-container elementor-column-gap-default\">\n\t\t\t\t\t<div class=\"elementor-column elementor-col-33 elementor-top-column elementor-element elementor-element-ce3523e\" data-id=\"ce3523e\" data-element_type=\"column\" data-e-type=\"column\">\n\t\t\t<div class=\"elementor-widget-wrap elementor-element-populated\">\n\t\t\t\t\t\t<div class=\"elementor-element elementor-element-6ae7958 elementor-widget elementor-widget-image\" data-id=\"6ae7958\" data-element_type=\"widget\" data-e-type=\"widget\" data-widget_type=\"image.default\">\n\t\t\t\t\t\t\t\t\t\t\t\t\t\t\t<img fetchpriority=\"high\" decoding=\"async\" width=\"310\" height=\"305\" src=\"https:\/\/bodhivita.cat\/wp-content\/uploads\/2025\/04\/WhatsApp-Image-2025-04-07-at-08.52.32.jpeg\" class=\"attachment-large size-large wp-image-2914\" alt=\"\" srcset=\"https:\/\/bodhivita.cat\/wp-content\/uploads\/2025\/04\/WhatsApp-Image-2025-04-07-at-08.52.32.jpeg 310w, https:\/\/bodhivita.cat\/wp-content\/uploads\/2025\/04\/WhatsApp-Image-2025-04-07-at-08.52.32-300x295.jpeg 300w\" sizes=\"(max-width: 310px) 100vw, 310px\" \/>\t\t\t\t\t\t\t\t\t\t\t\t\t\t\t<\/div>\n\t\t\t\t\t<\/div>\n\t\t<\/div>\n\t\t\t\t<div class=\"elementor-column elementor-col-66 elementor-top-column elementor-element elementor-element-c6eac6c\" data-id=\"c6eac6c\" data-element_type=\"column\" data-e-type=\"column\">\n\t\t\t<div class=\"elementor-widget-wrap elementor-element-populated\">\n\t\t\t\t\t\t<div class=\"elementor-element elementor-element-a478881 elementor-widget elementor-widget-heading\" data-id=\"a478881\" data-element_type=\"widget\" data-e-type=\"widget\" data-widget_type=\"heading.default\">\n\t\t\t\t\t<h1 class=\"elementor-heading-title elementor-size-default\">Asun Mart\u00edn<\/h1>\t\t\t\t<\/div>\n\t\t\t\t<div class=\"elementor-element elementor-element-76ce6c2 elementor-widget elementor-widget-text-editor\" data-id=\"76ce6c2\" data-element_type=\"widget\" data-e-type=\"widget\" data-widget_type=\"text-editor.default\">\n\t\t\t\t\t\t\t\t\t<div class=\"sptp-member-profession\"><div class=\"sptp-member-profession\"><h5 class=\"sptp-jop-title\">Coach personal y coach l\u00fadico, formada en Trauma y Reparaci\u00f3n Som\u00e1tica. Terapeuta floral. <\/h5><\/div><\/div>\t\t\t\t\t\t\t\t<\/div>\n\t\t\t\t<div class=\"elementor-element elementor-element-035fc1a elementor-widget elementor-widget-text-editor\" data-id=\"035fc1a\" data-element_type=\"widget\" data-e-type=\"widget\" data-widget_type=\"text-editor.default\">\n\t\t\t\t\t\t\t\t\t<p class=\"\" data-start=\"189\" data-end=\"652\">Llevo m\u00e1s de quince a\u00f1os acompa\u00f1ando a personas y grupos en procesos de autoconocimiento y bienestar integral. Mi mirada parte de una concepci\u00f3n hol\u00edstica de la salud, entendida como la integraci\u00f3n arm\u00f3nica del cuerpo, la mente y las emociones. Como coach personal y coach l\u00fadico, terapeuta floral y canalizadora, ofrezco un acompa\u00f1amiento profundo y personalizado, ayudando a identificar y transformar las emociones que a menudo est\u00e1n en la base de malestares f\u00edsicos y emocionales.  <\/p><p class=\"\" data-start=\"654\" data-end=\"841\">Mi capacidad de conexi\u00f3n con lo sutil me permite aportar una comprensi\u00f3n m\u00e1s amplia de los desaf\u00edos vitales, facilitando claridad, significado y una mayor conciencia en cada proceso.<\/p>\t\t\t\t\t\t\t\t<\/div>\n\t\t\t\t\t<\/div>\n\t\t<\/div>\n\t\t\t\t\t<\/div>\n\t\t<\/section>\n\t\t\t\t<section class=\"elementor-section elementor-top-section elementor-element elementor-element-f9757c0 elementor-section-boxed elementor-section-height-default elementor-section-height-default\" data-id=\"f9757c0\" data-element_type=\"section\" data-e-type=\"section\">\n\t\t\t\t\t\t<div class=\"elementor-container elementor-column-gap-default\">\n\t\t\t\t\t<div class=\"elementor-column elementor-col-100 elementor-top-column elementor-element elementor-element-45061e7\" data-id=\"45061e7\" data-element_type=\"column\" data-e-type=\"column\">\n\t\t\t<div class=\"elementor-widget-wrap elementor-element-populated\">\n\t\t\t\t\t\t<div class=\"elementor-element elementor-element-860fdc7 elementor-widget elementor-widget-heading\" data-id=\"860fdc7\" data-element_type=\"widget\" data-e-type=\"widget\" data-widget_type=\"heading.default\">\n\t\t\t\t\t<h2 class=\"elementor-heading-title elementor-size-default\">Experiencia:<\/h2>\t\t\t\t<\/div>\n\t\t\t\t<div class=\"elementor-element elementor-element-3a5bb7f elementor-widget elementor-widget-text-editor\" data-id=\"3a5bb7f\" data-element_type=\"widget\" data-e-type=\"widget\" data-widget_type=\"text-editor.default\">\n\t\t\t\t\t\t\t\t\t<p>Desde hace m\u00e1s de 15 a\u00f1os acompa\u00f1o a personas y grupos en su camino de autoconocimiento y bienestar. He facilitado espacios de meditaci\u00f3n, talleres sobre sanaci\u00f3n energ\u00e9tica y cristaloterapia, as\u00ed como retiros grupales, creando entornos de aprendizaje y transformaci\u00f3n. Para m\u00ed, acompa\u00f1ar a los dem\u00e1s es un camino que va de la mano con mi propio proceso personal, porque s\u00f3lo desde la autenticidad y la experiencia vivida puedo sostener a aquellos que buscan claridad y equilibrio. Creo profundamente en el poder del soporte comunitario como pilar fundamental del bienestar.   <\/p>\t\t\t\t\t\t\t\t<\/div>\n\t\t\t\t\t<\/div>\n\t\t<\/div>\n\t\t\t\t\t<\/div>\n\t\t<\/section>\n\t\t\t\t<section class=\"elementor-section elementor-top-section elementor-element elementor-element-7c91966 elementor-section-boxed elementor-section-height-default elementor-section-height-default\" data-id=\"7c91966\" data-element_type=\"section\" data-e-type=\"section\">\n\t\t\t\t\t\t<div class=\"elementor-container elementor-column-gap-default\">\n\t\t\t\t\t<div class=\"elementor-column elementor-col-100 elementor-top-column elementor-element elementor-element-66e2d4d\" data-id=\"66e2d4d\" data-element_type=\"column\" data-e-type=\"column\">\n\t\t\t<div class=\"elementor-widget-wrap elementor-element-populated\">\n\t\t\t\t\t\t<div class=\"elementor-element elementor-element-9387331 elementor-widget elementor-widget-heading\" data-id=\"9387331\" data-element_type=\"widget\" data-e-type=\"widget\" data-widget_type=\"heading.default\">\n\t\t\t\t\t<h2 class=\"elementor-heading-title elementor-size-default\">Formaci\u00f3n:\n<\/h2>\t\t\t\t<\/div>\n\t\t\t\t<div class=\"elementor-element elementor-element-b6b0488 elementor-widget elementor-widget-text-editor\" data-id=\"b6b0488\" data-element_type=\"widget\" data-e-type=\"widget\" data-widget_type=\"text-editor.default\">\n\t\t\t\t\t\t\t\t\t<ul><li data-start=\"37\" data-end=\"88\">2021 &#8211; Formaci\u00f3n en Terapia Floral. La Sala de Ser <\/li><li data-start=\"91\" data-end=\"144\">2022 &#8211; Coach Personal. Centro de Estudios de Coaching <\/li><li data-start=\"147\" data-end=\"191\">2023 \u2013 Coach L\u00fadico. Escuela Enrique Aguilar <\/li><li data-start=\"194\" data-end=\"299\">2024 &#8211; Formaci\u00f3n en Trauma: el tratamiento desde una perspectiva integradora y pr\u00e1ctica. Instituto Gestalt <\/li><li data-start=\"302\" data-end=\"350\">2024 &#8211; Formaci\u00f3n en Reparaci\u00f3n Som\u00e1tica. Espacio TCI <\/li><\/ul>\t\t\t\t\t\t\t\t<\/div>\n\t\t\t\t\t<\/div>\n\t\t<\/div>\n\t\t\t\t\t<\/div>\n\t\t<\/section>\n\t\t\t\t<\/div>\n\t\t","protected":false},"excerpt":{"rendered":"<p>Asun Mart\u00edn Coach personal y coach l\u00fadico, formada en Trauma y Reparaci\u00f3n Som\u00e1tica. Terapeuta floral. Llevo m\u00e1s de quince a\u00f1os acompa\u00f1ando a personas y grupos en procesos de autoconocimiento y bienestar integral. Mi mirada parte de una concepci\u00f3n hol\u00edstica de la salud, entendida como la integraci\u00f3n arm\u00f3nica del cuerpo, la mente y las emociones. Como [&hellip;]<\/p>\n","protected":false},"author":14,"featured_media":0,"parent":0,"menu_order":0,"comment_status":"closed","ping_status":"closed","template":"","meta":{"_monsterinsights_skip_tracking":false,"_monsterinsights_sitenote_active":false,"_monsterinsights_sitenote_note":"","_monsterinsights_sitenote_category":0,"_joinchat":[],"footnotes":""},"class_list":["post-3213","page","type-page","status-publish","hentry"],"yoast_head":"<!-- This site is optimized with the Yoast SEO plugin v27.3 - https:\/\/yoast.com\/product\/yoast-seo-wordpress\/ -->\n<title>Asun Mart\u00edn - Fisioterapeutes i Oste\u00f2pates a Sant Andreu (Barcelona) | Bodhivita<\/title>\n<meta name=\"robots\" content=\"index, follow, max-snippet:-1, max-image-preview:large, max-video-preview:-1\" \/>\n<link rel=\"canonical\" href=\"https:\/\/bodhivita.cat\/es\/asun-martin\/\" \/>\n<meta property=\"og:locale\" content=\"es_ES\" \/>\n<meta property=\"og:type\" content=\"article\" \/>\n<meta property=\"og:title\" content=\"Asun Mart\u00edn - Fisioterapeutes i Oste\u00f2pates a Sant Andreu (Barcelona) | Bodhivita\" \/>\n<meta property=\"og:description\" content=\"Asun Mart\u00edn Coach personal y coach l\u00fadico, formada en Trauma y Reparaci\u00f3n Som\u00e1tica. Terapeuta floral. Llevo m\u00e1s de quince a\u00f1os acompa\u00f1ando a personas y grupos en procesos de autoconocimiento y bienestar integral. Mi mirada parte de una concepci\u00f3n hol\u00edstica de la salud, entendida como la integraci\u00f3n arm\u00f3nica del cuerpo, la mente y las emociones. Como [&hellip;]\" \/>\n<meta property=\"og:url\" content=\"https:\/\/bodhivita.cat\/es\/asun-martin\/\" \/>\n<meta property=\"og:site_name\" content=\"Fisioterapeutes i Oste\u00f2pates a Sant Andreu (Barcelona) | Bodhivita\" \/>\n<meta property=\"article:publisher\" content=\"https:\/\/www.facebook.com\/bodhivita\/\" \/>\n<meta property=\"article:modified_time\" content=\"2025-11-26T12:42:35+00:00\" \/>\n<meta property=\"og:image\" content=\"https:\/\/bodhivita.cat\/wp-content\/uploads\/2025\/04\/WhatsApp-Image-2025-04-07-at-08.52.32.jpeg\" \/>\n<meta name=\"twitter:card\" content=\"summary_large_image\" \/>\n<meta name=\"twitter:label1\" content=\"Tiempo de lectura\" \/>\n\t<meta name=\"twitter:data1\" content=\"1 minuto\" \/>\n<!-- \/ Yoast SEO plugin. -->","yoast_head_json":{"title":"Asun Mart\u00edn - Fisioterapeutes i Oste\u00f2pates a Sant Andreu (Barcelona) | Bodhivita","robots":{"index":"index","follow":"follow","max-snippet":"max-snippet:-1","max-image-preview":"max-image-preview:large","max-video-preview":"max-video-preview:-1"},"canonical":"https:\/\/bodhivita.cat\/es\/asun-martin\/","og_locale":"es_ES","og_type":"article","og_title":"Asun Mart\u00edn - Fisioterapeutes i Oste\u00f2pates a Sant Andreu (Barcelona) | Bodhivita","og_description":"Asun Mart\u00edn Coach personal y coach l\u00fadico, formada en Trauma y Reparaci\u00f3n Som\u00e1tica. Terapeuta floral. Llevo m\u00e1s de quince a\u00f1os acompa\u00f1ando a personas y grupos en procesos de autoconocimiento y bienestar integral. Mi mirada parte de una concepci\u00f3n hol\u00edstica de la salud, entendida como la integraci\u00f3n arm\u00f3nica del cuerpo, la mente y las emociones. Como [&hellip;]","og_url":"https:\/\/bodhivita.cat\/es\/asun-martin\/","og_site_name":"Fisioterapeutes i Oste\u00f2pates a Sant Andreu (Barcelona) | Bodhivita","article_publisher":"https:\/\/www.facebook.com\/bodhivita\/","article_modified_time":"2025-11-26T12:42:35+00:00","og_image":[{"url":"https:\/\/bodhivita.cat\/wp-content\/uploads\/2025\/04\/WhatsApp-Image-2025-04-07-at-08.52.32.jpeg","type":"","width":"","height":""}],"twitter_card":"summary_large_image","twitter_misc":{"Tiempo de lectura":"1 minuto"},"schema":{"@context":"https:\/\/schema.org","@graph":[{"@type":"WebPage","@id":"https:\/\/bodhivita.cat\/es\/asun-martin\/","url":"https:\/\/bodhivita.cat\/es\/asun-martin\/","name":"Asun Mart\u00edn - Fisioterapeutes i Oste\u00f2pates a Sant Andreu (Barcelona) | Bodhivita","isPartOf":{"@id":"https:\/\/bodhivita.cat\/#website"},"primaryImageOfPage":{"@id":"https:\/\/bodhivita.cat\/es\/asun-martin\/#primaryimage"},"image":{"@id":"https:\/\/bodhivita.cat\/es\/asun-martin\/#primaryimage"},"thumbnailUrl":"https:\/\/bodhivita.cat\/wp-content\/uploads\/2025\/04\/WhatsApp-Image-2025-04-07-at-08.52.32.jpeg","datePublished":"2025-11-26T12:42:34+00:00","dateModified":"2025-11-26T12:42:35+00:00","breadcrumb":{"@id":"https:\/\/bodhivita.cat\/es\/asun-martin\/#breadcrumb"},"inLanguage":"es","potentialAction":[{"@type":"ReadAction","target":["https:\/\/bodhivita.cat\/es\/asun-martin\/"]}]},{"@type":"ImageObject","inLanguage":"es","@id":"https:\/\/bodhivita.cat\/es\/asun-martin\/#primaryimage","url":"https:\/\/bodhivita.cat\/wp-content\/uploads\/2025\/04\/WhatsApp-Image-2025-04-07-at-08.52.32.jpeg","contentUrl":"https:\/\/bodhivita.cat\/wp-content\/uploads\/2025\/04\/WhatsApp-Image-2025-04-07-at-08.52.32.jpeg"},{"@type":"BreadcrumbList","@id":"https:\/\/bodhivita.cat\/es\/asun-martin\/#breadcrumb","itemListElement":[{"@type":"ListItem","position":1,"name":"Portada","item":"https:\/\/bodhivita.cat\/es\/inici\/"},{"@type":"ListItem","position":2,"name":"Asun Mart\u00edn"}]},{"@type":"WebSite","@id":"https:\/\/bodhivita.cat\/#website","url":"https:\/\/bodhivita.cat\/","name":"BODHIVITA","description":"Tractaments de fisioter\u00e0pia, osteopatia, acupuntura i nutrici\u00f3 a Sant Andreu (Barcelona). Salut integrativa amb professionals especialitzats.","publisher":{"@id":"https:\/\/bodhivita.cat\/#organization"},"potentialAction":[{"@type":"SearchAction","target":{"@type":"EntryPoint","urlTemplate":"https:\/\/bodhivita.cat\/?s={search_term_string}"},"query-input":{"@type":"PropertyValueSpecification","valueRequired":true,"valueName":"search_term_string"}}],"inLanguage":"es"},{"@type":"Organization","@id":"https:\/\/bodhivita.cat\/#organization","name":"Fisioter\u00e0pia, osteopatia i ter\u00e0pies naturals a Sant Andreu, Barcelona | BodhiVita","url":"https:\/\/bodhivita.cat\/","logo":{"@type":"ImageObject","inLanguage":"es","@id":"https:\/\/bodhivita.cat\/#\/schema\/logo\/image\/","url":"https:\/\/bodhivita.cat\/wp-content\/uploads\/2019\/06\/cropped-bodhivita-web-1.png","contentUrl":"https:\/\/bodhivita.cat\/wp-content\/uploads\/2019\/06\/cropped-bodhivita-web-1.png","width":512,"height":512,"caption":"Fisioter\u00e0pia, osteopatia i ter\u00e0pies naturals a Sant Andreu, Barcelona | BodhiVita"},"image":{"@id":"https:\/\/bodhivita.cat\/#\/schema\/logo\/image\/"},"sameAs":["https:\/\/www.facebook.com\/bodhivita\/","https:\/\/www.instagram.com\/bodhivita"]}]}},"_links":{"self":[{"href":"https:\/\/bodhivita.cat\/es\/wp-json\/wp\/v2\/pages\/3213","targetHints":{"allow":["GET"]}}],"collection":[{"href":"https:\/\/bodhivita.cat\/es\/wp-json\/wp\/v2\/pages"}],"about":[{"href":"https:\/\/bodhivita.cat\/es\/wp-json\/wp\/v2\/types\/page"}],"author":[{"embeddable":true,"href":"https:\/\/bodhivita.cat\/es\/wp-json\/wp\/v2\/users\/14"}],"replies":[{"embeddable":true,"href":"https:\/\/bodhivita.cat\/es\/wp-json\/wp\/v2\/comments?post=3213"}],"version-history":[{"count":2,"href":"https:\/\/bodhivita.cat\/es\/wp-json\/wp\/v2\/pages\/3213\/revisions"}],"predecessor-version":[{"id":3217,"href":"https:\/\/bodhivita.cat\/es\/wp-json\/wp\/v2\/pages\/3213\/revisions\/3217"}],"wp:attachment":[{"href":"https:\/\/bodhivita.cat\/es\/wp-json\/wp\/v2\/media?parent=3213"}],"curies":[{"name":"wp","href":"https:\/\/api.w.org\/{rel}","templated":true}]}}