{"id":3214,"date":"2025-11-26T14:42:34","date_gmt":"2025-11-26T12:42:34","guid":{"rendered":"https:\/\/bodhivita.cat\/berta-riu\/"},"modified":"2026-01-08T15:28:15","modified_gmt":"2026-01-08T13:28:15","slug":"berta-riu","status":"publish","type":"page","link":"https:\/\/bodhivita.cat\/es\/berta-riu\/","title":{"rendered":"Berta Riu"},"content":{"rendered":"\t\t<div data-elementor-type=\"wp-page\" data-elementor-id=\"3214\" class=\"elementor elementor-3214 elementor-3058\" data-elementor-post-type=\"page\">\n\t\t\t\t\t\t<section class=\"elementor-section elementor-top-section elementor-element elementor-element-28350ee elementor-section-boxed elementor-section-height-default elementor-section-height-default\" data-id=\"28350ee\" data-element_type=\"section\" data-e-type=\"section\">\n\t\t\t\t\t\t<div class=\"elementor-container elementor-column-gap-default\">\n\t\t\t\t\t<div class=\"elementor-column elementor-col-33 elementor-top-column elementor-element elementor-element-ee3406b\" data-id=\"ee3406b\" data-element_type=\"column\" data-e-type=\"column\">\n\t\t\t<div class=\"elementor-widget-wrap elementor-element-populated\">\n\t\t\t\t\t\t<div class=\"elementor-element elementor-element-626acb4 elementor-widget elementor-widget-image\" data-id=\"626acb4\" data-element_type=\"widget\" data-e-type=\"widget\" data-widget_type=\"image.default\">\n\t\t\t\t\t\t\t\t\t\t\t\t\t\t\t<img fetchpriority=\"high\" decoding=\"async\" width=\"800\" height=\"800\" src=\"https:\/\/bodhivita.cat\/wp-content\/uploads\/2025\/09\/DD6F92F7-F919-4539-8963-34506EA9BA92-1024x1024.jpg\" class=\"attachment-large size-large wp-image-3053\" alt=\"Berta Riu, fisioterapeuta San Andr\u00e9s\" srcset=\"https:\/\/bodhivita.cat\/wp-content\/uploads\/2025\/09\/DD6F92F7-F919-4539-8963-34506EA9BA92-1024x1024.jpg 1024w, https:\/\/bodhivita.cat\/wp-content\/uploads\/2025\/09\/DD6F92F7-F919-4539-8963-34506EA9BA92-300x300.jpg 300w, https:\/\/bodhivita.cat\/wp-content\/uploads\/2025\/09\/DD6F92F7-F919-4539-8963-34506EA9BA92-150x150.jpg 150w, https:\/\/bodhivita.cat\/wp-content\/uploads\/2025\/09\/DD6F92F7-F919-4539-8963-34506EA9BA92-768x768.jpg 768w, https:\/\/bodhivita.cat\/wp-content\/uploads\/2025\/09\/DD6F92F7-F919-4539-8963-34506EA9BA92-1536x1536.jpg 1536w, https:\/\/bodhivita.cat\/wp-content\/uploads\/2025\/09\/DD6F92F7-F919-4539-8963-34506EA9BA92.jpg 1708w\" sizes=\"(max-width: 800px) 100vw, 800px\" \/>\t\t\t\t\t\t\t\t\t\t\t\t\t\t\t<\/div>\n\t\t\t\t\t<\/div>\n\t\t<\/div>\n\t\t\t\t<div class=\"elementor-column elementor-col-66 elementor-top-column elementor-element elementor-element-ef70f2c\" data-id=\"ef70f2c\" data-element_type=\"column\" data-e-type=\"column\">\n\t\t\t<div class=\"elementor-widget-wrap elementor-element-populated\">\n\t\t\t\t\t\t<div class=\"elementor-element elementor-element-a62b765 elementor-widget elementor-widget-heading\" data-id=\"a62b765\" data-element_type=\"widget\" data-e-type=\"widget\" data-widget_type=\"heading.default\">\n\t\t\t\t\t<h1 class=\"elementor-heading-title elementor-size-default\">Berta Riu<\/h1>\t\t\t\t<\/div>\n\t\t\t\t<div class=\"elementor-element elementor-element-9c073ba elementor-widget elementor-widget-text-editor\" data-id=\"9c073ba\" data-element_type=\"widget\" data-e-type=\"widget\" data-widget_type=\"text-editor.default\">\n\t\t\t\t\t\t\t\t\t<div class=\"sptp-member-profession\"><div class=\"sptp-member-profession\"><h5 class=\"sptp-jop-title\">Fisioterapeuta \u00e1mbito muculoesquel\u00e9tico<\/h5><\/div><\/div>\t\t\t\t\t\t\t\t<\/div>\n\t\t\t\t<div class=\"elementor-element elementor-element-3044961 elementor-widget elementor-widget-text-editor\" data-id=\"3044961\" data-element_type=\"widget\" data-e-type=\"widget\" data-widget_type=\"text-editor.default\">\n\t\t\t\t\t\t\t\t\t<p class=\"\" data-start=\"189\" data-end=\"652\">\u201cEntiendo la fisioterapia como una herramienta para dar confianza, independencia y calidad de vida a las personas\u201d Me apasiona aprender, crecer y aportar lo mejor de m\u00ed en cada tratamiento. Considero que establecer una relaci\u00f3n cercana y de confianza con los y las pacientes facilita su recuperaci\u00f3n y mejora su bienestar global.  <\/p>\t\t\t\t\t\t\t\t<\/div>\n\t\t\t\t\t<\/div>\n\t\t<\/div>\n\t\t\t\t\t<\/div>\n\t\t<\/section>\n\t\t\t\t<section class=\"elementor-section elementor-top-section elementor-element elementor-element-cb5db0b elementor-section-boxed elementor-section-height-default elementor-section-height-default\" data-id=\"cb5db0b\" data-element_type=\"section\" data-e-type=\"section\">\n\t\t\t\t\t\t<div class=\"elementor-container elementor-column-gap-default\">\n\t\t\t\t\t<div class=\"elementor-column elementor-col-100 elementor-top-column elementor-element elementor-element-a1874cd\" data-id=\"a1874cd\" data-element_type=\"column\" data-e-type=\"column\">\n\t\t\t<div class=\"elementor-widget-wrap elementor-element-populated\">\n\t\t\t\t\t\t<div class=\"elementor-element elementor-element-be848ba elementor-widget elementor-widget-heading\" data-id=\"be848ba\" data-element_type=\"widget\" data-e-type=\"widget\" data-widget_type=\"heading.default\">\n\t\t\t\t\t<h2 class=\"elementor-heading-title elementor-size-default\">Experiencia:<\/h2>\t\t\t\t<\/div>\n\t\t\t\t<div class=\"elementor-element elementor-element-cfeb43a elementor-widget elementor-widget-text-editor\" data-id=\"cfeb43a\" data-element_type=\"widget\" data-e-type=\"widget\" data-widget_type=\"text-editor.default\">\n\t\t\t\t\t\t\t\t\t<p>He realizado las pr\u00e1cticas durante mi per\u00edodo como estudiante en centros como:<\/p><p>&#8211; Centro m\u00e9dico FisatBcn, 2022<\/p><p>&#8211; Residencia de personas mayores Domusvi Claret, 2023<\/p><p>&#8211; Centro de salud Fisioesencia, 2024<\/p><p>&#8211; Centro de salud Bodhivita, 2025<\/p><p>&#8211; Hospital Universitario Vall Hebr\u00f3n (ICS), \u00e1rea de neurorrehabilitaci\u00f3n, 2025<\/p>\t\t\t\t\t\t\t\t<\/div>\n\t\t\t\t\t<\/div>\n\t\t<\/div>\n\t\t\t\t\t<\/div>\n\t\t<\/section>\n\t\t\t\t<section class=\"elementor-section elementor-top-section elementor-element elementor-element-e08d88e elementor-section-boxed elementor-section-height-default elementor-section-height-default\" data-id=\"e08d88e\" data-element_type=\"section\" data-e-type=\"section\">\n\t\t\t\t\t\t<div class=\"elementor-container elementor-column-gap-default\">\n\t\t\t\t\t<div class=\"elementor-column elementor-col-100 elementor-top-column elementor-element elementor-element-87a95e7\" data-id=\"87a95e7\" data-element_type=\"column\" data-e-type=\"column\">\n\t\t\t<div class=\"elementor-widget-wrap elementor-element-populated\">\n\t\t\t\t\t\t<div class=\"elementor-element elementor-element-53f74c6 elementor-widget elementor-widget-heading\" data-id=\"53f74c6\" data-element_type=\"widget\" data-e-type=\"widget\" data-widget_type=\"heading.default\">\n\t\t\t\t\t<h2 class=\"elementor-heading-title elementor-size-default\">Formaci\u00f3n:\n<\/h2>\t\t\t\t<\/div>\n\t\t\t\t<div class=\"elementor-element elementor-element-7a370b5 elementor-widget elementor-widget-text-editor\" data-id=\"7a370b5\" data-element_type=\"widget\" data-e-type=\"widget\" data-widget_type=\"text-editor.default\">\n\t\t\t\t\t\t\t\t\t<ul><li data-start=\"37\" data-end=\"88\">2020-2025 Doble Grado Universitario en Fisioterapia y Ciencias de la Actividad F\u00edsica y el Deporte. Universidad TecnoCampus, centro adscrito a la Universidad Pompeu Fabra. <\/li><li data-start=\"37\" data-end=\"88\">2024 Curso BLS (Basic Life Support). European Resucitation Council. <\/li><\/ul>\t\t\t\t\t\t\t\t<\/div>\n\t\t\t\t\t<\/div>\n\t\t<\/div>\n\t\t\t\t\t<\/div>\n\t\t<\/section>\n\t\t\t\t<\/div>\n\t\t","protected":false},"excerpt":{"rendered":"<p>Berta Riu Fisioterapeuta \u00e1mbito muculoesquel\u00e9tico \u201cEntiendo la fisioterapia como una herramienta para dar confianza, independencia y calidad de vida a las personas\u201d Me apasiona aprender, crecer y aportar lo mejor de m\u00ed en cada tratamiento. Considero que establecer una relaci\u00f3n cercana y de confianza con los y las pacientes facilita su recuperaci\u00f3n y mejora su [&hellip;]<\/p>\n","protected":false},"author":14,"featured_media":3053,"parent":0,"menu_order":0,"comment_status":"closed","ping_status":"closed","template":"","meta":{"_monsterinsights_skip_tracking":false,"_monsterinsights_sitenote_active":false,"_monsterinsights_sitenote_note":"","_monsterinsights_sitenote_category":0,"_joinchat":[],"footnotes":""},"class_list":["post-3214","page","type-page","status-publish","has-post-thumbnail","hentry"],"yoast_head":"<!-- This site is optimized with the Yoast SEO plugin v27.3 - https:\/\/yoast.com\/product\/yoast-seo-wordpress\/ -->\n<title>Berta Riu : Fisioterapeuta musculoesqueleto - Fisioterapeutes i Oste\u00f2pates a Sant Andreu (Barcelona) | Bodhivita<\/title>\n<meta name=\"description\" content=\"Descubre la especialidad de Berta Riu en Bodhivita, una fisioterapeuta especializada en el \u00e1mbito del musculoesqueleto y que te atender\u00e1 si tienes una lesi\u00f3n.\" \/>\n<meta name=\"robots\" content=\"index, follow, max-snippet:-1, max-image-preview:large, max-video-preview:-1\" \/>\n<link rel=\"canonical\" href=\"https:\/\/bodhivita.cat\/es\/berta-riu\/\" \/>\n<meta property=\"og:locale\" content=\"es_ES\" \/>\n<meta property=\"og:type\" content=\"article\" \/>\n<meta property=\"og:title\" content=\"Berta Riu : Fisioterapeuta musculoesqueleto - Fisioterapeutes i Oste\u00f2pates a Sant Andreu (Barcelona) | Bodhivita\" \/>\n<meta property=\"og:description\" content=\"Descubre la especialidad de Berta Riu en Bodhivita, una fisioterapeuta especializada en el \u00e1mbito del musculoesqueleto y que te atender\u00e1 si tienes una lesi\u00f3n.\" \/>\n<meta property=\"og:url\" content=\"https:\/\/bodhivita.cat\/es\/berta-riu\/\" \/>\n<meta property=\"og:site_name\" content=\"Fisioterapeutes i Oste\u00f2pates a Sant Andreu (Barcelona) | Bodhivita\" \/>\n<meta property=\"article:publisher\" content=\"https:\/\/www.facebook.com\/bodhivita\/\" \/>\n<meta property=\"article:modified_time\" content=\"2026-01-08T13:28:15+00:00\" \/>\n<meta property=\"og:image\" content=\"https:\/\/bodhivita.cat\/wp-content\/uploads\/2025\/09\/DD6F92F7-F919-4539-8963-34506EA9BA92.jpg\" \/>\n\t<meta property=\"og:image:width\" content=\"1708\" \/>\n\t<meta property=\"og:image:height\" content=\"1708\" \/>\n\t<meta property=\"og:image:type\" content=\"image\/jpeg\" \/>\n<meta name=\"twitter:card\" content=\"summary_large_image\" \/>\n<meta name=\"twitter:label1\" content=\"Tiempo de lectura\" \/>\n\t<meta name=\"twitter:data1\" content=\"1 minuto\" \/>\n<!-- \/ Yoast SEO plugin. -->","yoast_head_json":{"title":"Berta Riu : Fisioterapeuta musculoesqueleto - Fisioterapeutes i Oste\u00f2pates a Sant Andreu (Barcelona) | Bodhivita","description":"Descubre la especialidad de Berta Riu en Bodhivita, una fisioterapeuta especializada en el \u00e1mbito del musculoesqueleto y que te atender\u00e1 si tienes una lesi\u00f3n.","robots":{"index":"index","follow":"follow","max-snippet":"max-snippet:-1","max-image-preview":"max-image-preview:large","max-video-preview":"max-video-preview:-1"},"canonical":"https:\/\/bodhivita.cat\/es\/berta-riu\/","og_locale":"es_ES","og_type":"article","og_title":"Berta Riu : Fisioterapeuta musculoesqueleto - Fisioterapeutes i Oste\u00f2pates a Sant Andreu (Barcelona) | Bodhivita","og_description":"Descubre la especialidad de Berta Riu en Bodhivita, una fisioterapeuta especializada en el \u00e1mbito del musculoesqueleto y que te atender\u00e1 si tienes una lesi\u00f3n.","og_url":"https:\/\/bodhivita.cat\/es\/berta-riu\/","og_site_name":"Fisioterapeutes i Oste\u00f2pates a Sant Andreu (Barcelona) | Bodhivita","article_publisher":"https:\/\/www.facebook.com\/bodhivita\/","article_modified_time":"2026-01-08T13:28:15+00:00","og_image":[{"width":1708,"height":1708,"url":"https:\/\/bodhivita.cat\/wp-content\/uploads\/2025\/09\/DD6F92F7-F919-4539-8963-34506EA9BA92.jpg","type":"image\/jpeg"}],"twitter_card":"summary_large_image","twitter_misc":{"Tiempo de lectura":"1 minuto"},"schema":{"@context":"https:\/\/schema.org","@graph":[{"@type":"WebPage","@id":"https:\/\/bodhivita.cat\/es\/berta-riu\/","url":"https:\/\/bodhivita.cat\/es\/berta-riu\/","name":"Berta Riu : Fisioterapeuta musculoesqueleto - Fisioterapeutes i Oste\u00f2pates a Sant Andreu (Barcelona) | Bodhivita","isPartOf":{"@id":"https:\/\/bodhivita.cat\/#website"},"primaryImageOfPage":{"@id":"https:\/\/bodhivita.cat\/es\/berta-riu\/#primaryimage"},"image":{"@id":"https:\/\/bodhivita.cat\/es\/berta-riu\/#primaryimage"},"thumbnailUrl":"https:\/\/bodhivita.cat\/wp-content\/uploads\/2025\/09\/DD6F92F7-F919-4539-8963-34506EA9BA92.jpg","datePublished":"2025-11-26T12:42:34+00:00","dateModified":"2026-01-08T13:28:15+00:00","description":"Descubre la especialidad de Berta Riu en Bodhivita, una fisioterapeuta especializada en el \u00e1mbito del musculoesqueleto y que te atender\u00e1 si tienes una lesi\u00f3n.","breadcrumb":{"@id":"https:\/\/bodhivita.cat\/es\/berta-riu\/#breadcrumb"},"inLanguage":"es","potentialAction":[{"@type":"ReadAction","target":["https:\/\/bodhivita.cat\/es\/berta-riu\/"]}]},{"@type":"ImageObject","inLanguage":"es","@id":"https:\/\/bodhivita.cat\/es\/berta-riu\/#primaryimage","url":"https:\/\/bodhivita.cat\/wp-content\/uploads\/2025\/09\/DD6F92F7-F919-4539-8963-34506EA9BA92.jpg","contentUrl":"https:\/\/bodhivita.cat\/wp-content\/uploads\/2025\/09\/DD6F92F7-F919-4539-8963-34506EA9BA92.jpg","width":1708,"height":1708,"caption":"Berta Riu, fisioterapeuta San Andr\u00e9s"},{"@type":"BreadcrumbList","@id":"https:\/\/bodhivita.cat\/es\/berta-riu\/#breadcrumb","itemListElement":[{"@type":"ListItem","position":1,"name":"Portada","item":"https:\/\/bodhivita.cat\/es\/inici\/"},{"@type":"ListItem","position":2,"name":"Berta Riu"}]},{"@type":"WebSite","@id":"https:\/\/bodhivita.cat\/#website","url":"https:\/\/bodhivita.cat\/","name":"BODHIVITA","description":"Tractaments de fisioter\u00e0pia, osteopatia, acupuntura i nutrici\u00f3 a Sant Andreu (Barcelona). Salut integrativa amb professionals especialitzats.","publisher":{"@id":"https:\/\/bodhivita.cat\/#organization"},"potentialAction":[{"@type":"SearchAction","target":{"@type":"EntryPoint","urlTemplate":"https:\/\/bodhivita.cat\/?s={search_term_string}"},"query-input":{"@type":"PropertyValueSpecification","valueRequired":true,"valueName":"search_term_string"}}],"inLanguage":"es"},{"@type":"Organization","@id":"https:\/\/bodhivita.cat\/#organization","name":"Fisioter\u00e0pia, osteopatia i ter\u00e0pies naturals a Sant Andreu, Barcelona | BodhiVita","url":"https:\/\/bodhivita.cat\/","logo":{"@type":"ImageObject","inLanguage":"es","@id":"https:\/\/bodhivita.cat\/#\/schema\/logo\/image\/","url":"https:\/\/bodhivita.cat\/wp-content\/uploads\/2019\/06\/cropped-bodhivita-web-1.png","contentUrl":"https:\/\/bodhivita.cat\/wp-content\/uploads\/2019\/06\/cropped-bodhivita-web-1.png","width":512,"height":512,"caption":"Fisioter\u00e0pia, osteopatia i ter\u00e0pies naturals a Sant Andreu, Barcelona | BodhiVita"},"image":{"@id":"https:\/\/bodhivita.cat\/#\/schema\/logo\/image\/"},"sameAs":["https:\/\/www.facebook.com\/bodhivita\/","https:\/\/www.instagram.com\/bodhivita"]}]}},"_links":{"self":[{"href":"https:\/\/bodhivita.cat\/es\/wp-json\/wp\/v2\/pages\/3214","targetHints":{"allow":["GET"]}}],"collection":[{"href":"https:\/\/bodhivita.cat\/es\/wp-json\/wp\/v2\/pages"}],"about":[{"href":"https:\/\/bodhivita.cat\/es\/wp-json\/wp\/v2\/types\/page"}],"author":[{"embeddable":true,"href":"https:\/\/bodhivita.cat\/es\/wp-json\/wp\/v2\/users\/14"}],"replies":[{"embeddable":true,"href":"https:\/\/bodhivita.cat\/es\/wp-json\/wp\/v2\/comments?post=3214"}],"version-history":[{"count":2,"href":"https:\/\/bodhivita.cat\/es\/wp-json\/wp\/v2\/pages\/3214\/revisions"}],"predecessor-version":[{"id":3639,"href":"https:\/\/bodhivita.cat\/es\/wp-json\/wp\/v2\/pages\/3214\/revisions\/3639"}],"wp:featuredmedia":[{"embeddable":true,"href":"https:\/\/bodhivita.cat\/es\/wp-json\/wp\/v2\/media\/3053"}],"wp:attachment":[{"href":"https:\/\/bodhivita.cat\/es\/wp-json\/wp\/v2\/media?parent=3214"}],"curies":[{"name":"wp","href":"https:\/\/api.w.org\/{rel}","templated":true}]}}