{"id":3218,"date":"2025-11-26T14:42:36","date_gmt":"2025-11-26T12:42:36","guid":{"rendered":"https:\/\/bodhivita.cat\/magnetoterapia\/"},"modified":"2025-11-26T14:42:37","modified_gmt":"2025-11-26T12:42:37","slug":"magnetoterapia","status":"publish","type":"page","link":"https:\/\/bodhivita.cat\/es\/magnetoterapia\/","title":{"rendered":"Magnetoter\u00e0pia"},"content":{"rendered":"\t\t<div data-elementor-type=\"wp-page\" data-elementor-id=\"3218\" class=\"elementor elementor-3218 elementor-2929\" data-elementor-post-type=\"page\">\n\t\t\t\t\t\t<section class=\"elementor-section elementor-top-section elementor-element elementor-element-5836cf2 elementor-section-height-min-height elementor-section-items-stretch elementor-section-stretched elementor-section-boxed elementor-section-height-default\" data-id=\"5836cf2\" data-element_type=\"section\" data-e-type=\"section\" data-settings=\"{&quot;background_background&quot;:&quot;classic&quot;,&quot;stretch_section&quot;:&quot;section-stretched&quot;}\">\n\t\t\t\t\t\t<div class=\"elementor-container elementor-column-gap-default\">\n\t\t\t\t\t<div class=\"elementor-column elementor-col-50 elementor-top-column elementor-element elementor-element-6957b82\" data-id=\"6957b82\" data-element_type=\"column\" data-e-type=\"column\" data-settings=\"{&quot;background_background&quot;:&quot;classic&quot;}\">\n\t\t\t<div class=\"elementor-widget-wrap elementor-element-populated\">\n\t\t\t\t\t\t<div class=\"elementor-element elementor-element-2d3aee3 elementor-widget elementor-widget-heading\" data-id=\"2d3aee3\" data-element_type=\"widget\" data-e-type=\"widget\" data-widget_type=\"heading.default\">\n\t\t\t\t\t<h1 class=\"elementor-heading-title elementor-size-default\">Magnetoter\u00e0pia<\/h1>\t\t\t\t<\/div>\n\t\t\t\t<div class=\"elementor-element elementor-element-9be45fb elementor-widget elementor-widget-text-editor\" data-id=\"9be45fb\" data-element_type=\"widget\" data-e-type=\"widget\" data-widget_type=\"text-editor.default\">\n\t\t\t\t\t\t\t\t\t<p class=\"\" data-start=\"350\" data-end=\"635\">La magnetoterapia es una t\u00e9cnica no invasiva que utiliza campos magn\u00e9ticos para estimular procesos biol\u00f3gicos fundamentales y favorecer la recuperaci\u00f3n f\u00edsica. Esta terapia puede contribuir significativamente a aliviar el dolor, reducir la inflamaci\u00f3n y acelerar la regeneraci\u00f3n de los tejidos. <\/p>\t\t\t\t\t\t\t\t<\/div>\n\t\t\t\t<div class=\"elementor-element elementor-element-ee1af8b elementor-align-left elementor-mobile-align-justify elementor-widget elementor-widget-button\" data-id=\"ee1af8b\" data-element_type=\"widget\" data-e-type=\"widget\" data-widget_type=\"button.default\">\n\t\t\t\t\t\t\t\t\t\t<a class=\"elementor-button elementor-button-link elementor-size-sm elementor-animation-grow\" href=\"https:\/\/appbodhivita.viday.es\/\" target=\"_blank\" rel=\"nofollow\">\n\t\t\t\t\t\t<span class=\"elementor-button-content-wrapper\">\n\t\t\t\t\t\t<span class=\"elementor-button-icon\">\n\t\t\t\t<svg aria-hidden=\"true\" class=\"e-font-icon-svg e-fas-hands\" viewBox=\"0 0 640 512\" xmlns=\"http:\/\/www.w3.org\/2000\/svg\"><path d=\"M204.8 230.4c-10.6-14.1-30.7-17-44.8-6.4-14.1 10.6-17 30.7-6.4 44.8l38.1 50.8c4.8 6.4 4.1 15.3-1.5 20.9l-12.8 12.8c-6.7 6.7-17.6 6.2-23.6-1.1L64 244.4V96c0-17.7-14.3-32-32-32S0 78.3 0 96v218.4c0 10.9 3.7 21.5 10.5 30l104.1 134.3c5 6.5 8.4 13.9 10.4 21.7 1.8 6.9 8.1 11.6 15.3 11.6H272c8.8 0 16-7.2 16-16V384c0-27.7-9-54.6-25.6-76.8l-57.6-76.8zM608 64c-17.7 0-32 14.3-32 32v148.4l-89.8 107.8c-6 7.2-17 7.7-23.6 1.1l-12.8-12.8c-5.6-5.6-6.3-14.5-1.5-20.9l38.1-50.8c10.6-14.1 7.7-34.2-6.4-44.8-14.1-10.6-34.2-7.7-44.8 6.4l-57.6 76.8C361 329.4 352 356.3 352 384v112c0 8.8 7.2 16 16 16h131.7c7.1 0 13.5-4.7 15.3-11.6 2-7.8 5.4-15.2 10.4-21.7l104.1-134.3c6.8-8.5 10.5-19.1 10.5-30V96c0-17.7-14.3-32-32-32z\"><\/path><\/svg>\t\t\t<\/span>\n\t\t\t\t\t\t\t\t\t<span class=\"elementor-button-text\">Reserva tu sesi\u00f3n<\/span>\n\t\t\t\t\t<\/span>\n\t\t\t\t\t<\/a>\n\t\t\t\t\t\t\t\t<\/div>\n\t\t\t\t\t<\/div>\n\t\t<\/div>\n\t\t\t\t<div class=\"elementor-column elementor-col-50 elementor-top-column elementor-element elementor-element-a0e3c9a\" data-id=\"a0e3c9a\" data-element_type=\"column\" data-e-type=\"column\" data-settings=\"{&quot;background_background&quot;:&quot;classic&quot;}\">\n\t\t\t<div class=\"elementor-widget-wrap elementor-element-populated\">\n\t\t\t\t\t\t<div class=\"elementor-element elementor-element-1c15faa elementor-widget elementor-widget-image\" data-id=\"1c15faa\" data-element_type=\"widget\" data-e-type=\"widget\" data-widget_type=\"image.default\">\n\t\t\t\t\t\t\t\t\t\t\t\t\t\t\t<img fetchpriority=\"high\" decoding=\"async\" width=\"800\" height=\"734\" src=\"https:\/\/bodhivita.cat\/wp-content\/uploads\/2025\/05\/el-radiologo-prepara-al-paciente-para-un-examen-de-rodilla-por-resonancia-magnetica-1024x939.jpg\" class=\"attachment-large size-large wp-image-2926\" alt=\"magnetoterapia\" srcset=\"https:\/\/bodhivita.cat\/wp-content\/uploads\/2025\/05\/el-radiologo-prepara-al-paciente-para-un-examen-de-rodilla-por-resonancia-magnetica-1024x939.jpg 1024w, https:\/\/bodhivita.cat\/wp-content\/uploads\/2025\/05\/el-radiologo-prepara-al-paciente-para-un-examen-de-rodilla-por-resonancia-magnetica-300x275.jpg 300w, https:\/\/bodhivita.cat\/wp-content\/uploads\/2025\/05\/el-radiologo-prepara-al-paciente-para-un-examen-de-rodilla-por-resonancia-magnetica-768x704.jpg 768w, https:\/\/bodhivita.cat\/wp-content\/uploads\/2025\/05\/el-radiologo-prepara-al-paciente-para-un-examen-de-rodilla-por-resonancia-magnetica-1536x1409.jpg 1536w, https:\/\/bodhivita.cat\/wp-content\/uploads\/2025\/05\/el-radiologo-prepara-al-paciente-para-un-examen-de-rodilla-por-resonancia-magnetica-2048x1878.jpg 2048w\" sizes=\"(max-width: 800px) 100vw, 800px\" \/>\t\t\t\t\t\t\t\t\t\t\t\t\t\t\t<\/div>\n\t\t\t\t\t<\/div>\n\t\t<\/div>\n\t\t\t\t\t<\/div>\n\t\t<\/section>\n\t\t\t\t<section class=\"elementor-section elementor-top-section elementor-element elementor-element-e29a2b5 elementor-section-boxed elementor-section-height-default elementor-section-height-default\" data-id=\"e29a2b5\" data-element_type=\"section\" data-e-type=\"section\">\n\t\t\t\t\t\t<div class=\"elementor-container elementor-column-gap-default\">\n\t\t\t\t\t<div class=\"elementor-column elementor-col-100 elementor-top-column elementor-element elementor-element-501e360\" data-id=\"501e360\" data-element_type=\"column\" data-e-type=\"column\">\n\t\t\t<div class=\"elementor-widget-wrap elementor-element-populated\">\n\t\t\t\t\t\t<div class=\"elementor-element elementor-element-3522030 elementor-widget elementor-widget-heading\" data-id=\"3522030\" data-element_type=\"widget\" data-e-type=\"widget\" data-widget_type=\"heading.default\">\n\t\t\t\t\t<h2 class=\"elementor-heading-title elementor-size-default\">\u00bfA qui\u00e9n va dirigida?<\/h2>\t\t\t\t<\/div>\n\t\t\t\t<div class=\"elementor-element elementor-element-2069448 elementor-widget elementor-widget-text-editor\" data-id=\"2069448\" data-element_type=\"widget\" data-e-type=\"widget\" data-widget_type=\"text-editor.default\">\n\t\t\t\t\t\t\t\t\t<p class=\"\" data-start=\"1517\" data-end=\"1570\"><span style=\"text-decoration: underline;\"><b data-start=\"1517\" data-end=\"1570\">Pacientes con dolor o lesiones m\u00fasculo-esquel\u00e9ticas<\/b><\/span><\/p>\n<p class=\"\" data-start=\"1574\" data-end=\"1619\">Esguinces, tendinitis, roturas fibrilares<\/p>\n<p class=\"\" data-start=\"1622\" data-end=\"1663\">Contracturas musculares o sobrecargas<\/p>\n<p class=\"\" data-start=\"1666\" data-end=\"1698\">Dolor lumbar o cervical cr\u00f3nico<\/p>\n<p class=\"\" data-start=\"1701\" data-end=\"1721\">Artrosis y artritis<\/p>\n<p class=\"\" data-start=\"1724\" data-end=\"1738\">Fibromialgia<\/p>\n<p class=\"\" data-start=\"1740\" data-end=\"1789\"><span style=\"text-decoration: underline;\"><b data-start=\"1740\" data-end=\"1789\">Personas en proceso de rehabilitaci\u00f3n funcional<\/b><\/span><\/p>\n<p class=\"\" data-start=\"1793\" data-end=\"1821\">Recuperaci\u00f3n postquir\u00fargica<\/p>\n<p class=\"\" data-start=\"1824\" data-end=\"1868\">Fracturas \u00f3seas y retrasos de consolidaci\u00f3n<\/p>\n<p class=\"\" data-start=\"1871\" data-end=\"1904\">Edemas y problemas circulatorios<\/p>\n<p class=\"\" data-start=\"1907\" data-end=\"1920\">Osteoporosis<\/p>\n<p class=\"\" data-start=\"1922\" data-end=\"1985\"><span style=\"text-decoration: underline;\"><b>Otras condiciones con respuesta positiva a la magnetoterapia<\/b><\/span><\/p>\n<p class=\"\" data-start=\"1989\" data-end=\"2001\">Neuralgias<\/p>\n<p class=\"\" data-start=\"2004\" data-end=\"2031\">S\u00edndrome del t\u00fanel carpiano<\/p>\n<p class=\"\" data-start=\"2034\" data-end=\"2054\">Dolor postraum\u00e1tico<\/p>\t\t\t\t\t\t\t\t<\/div>\n\t\t\t\t\t<\/div>\n\t\t<\/div>\n\t\t\t\t\t<\/div>\n\t\t<\/section>\n\t\t\t\t<section class=\"elementor-section elementor-top-section elementor-element elementor-element-16e580d elementor-section-boxed elementor-section-height-default elementor-section-height-default\" data-id=\"16e580d\" data-element_type=\"section\" data-e-type=\"section\">\n\t\t\t\t\t\t<div class=\"elementor-container elementor-column-gap-default\">\n\t\t\t\t\t<div class=\"elementor-column elementor-col-100 elementor-top-column elementor-element elementor-element-56a36d5\" data-id=\"56a36d5\" data-element_type=\"column\" data-e-type=\"column\">\n\t\t\t<div class=\"elementor-widget-wrap elementor-element-populated\">\n\t\t\t\t\t\t<div class=\"elementor-element elementor-element-197a96b elementor-widget elementor-widget-heading\" data-id=\"197a96b\" data-element_type=\"widget\" data-e-type=\"widget\" data-widget_type=\"heading.default\">\n\t\t\t\t\t<h2 class=\"elementor-heading-title elementor-size-default\">\u00bfC\u00f3mo funciona?<\/h2>\t\t\t\t<\/div>\n\t\t\t\t<div class=\"elementor-element elementor-element-b59a23f elementor-widget elementor-widget-text-editor\" data-id=\"b59a23f\" data-element_type=\"widget\" data-e-type=\"widget\" data-widget_type=\"text-editor.default\">\n\t\t\t\t\t\t\t\t\t<p class=\"\" data-start=\"936\" data-end=\"1239\">La magnetoterapia act\u00faa a trav\u00e9s de la aplicaci\u00f3n de campos magn\u00e9ticos (est\u00e1ticos o puls\u00e1tiles) mediante dispositivos espec\u00edficos que se colocan sobre la zona a tratar. Estos campos penetran en los tejidos y <b>activan mecanismos naturales del cuerpo<\/b> como la cicatrizaci\u00f3n, la vasodilataci\u00f3n o la relajaci\u00f3n muscular. <\/p>\n<p class=\"\" data-start=\"1241\" data-end=\"1487\">Aunque son invisibles, los campos magn\u00e9ticos tienen un efecto profundo sobre las c\u00e9lulas, modificando su potencial el\u00e9ctrico y mejorando su funcionalidad. Esta interacci\u00f3n estimula la <b>regeneraci\u00f3n celular<\/b> y favorece el equilibrio energ\u00e9tico. <\/p>\t\t\t\t\t\t\t\t<\/div>\n\t\t\t\t\t<\/div>\n\t\t<\/div>\n\t\t\t\t\t<\/div>\n\t\t<\/section>\n\t\t\t\t<section class=\"elementor-section elementor-top-section elementor-element elementor-element-ed25f92 elementor-section-boxed elementor-section-height-default elementor-section-height-default\" data-id=\"ed25f92\" data-element_type=\"section\" data-e-type=\"section\">\n\t\t\t\t\t\t<div class=\"elementor-container elementor-column-gap-default\">\n\t\t\t\t\t<div class=\"elementor-column elementor-col-100 elementor-top-column elementor-element elementor-element-f6a76b6\" data-id=\"f6a76b6\" data-element_type=\"column\" data-e-type=\"column\">\n\t\t\t<div class=\"elementor-widget-wrap elementor-element-populated\">\n\t\t\t\t\t\t<div class=\"elementor-element elementor-element-3ebf924 elementor-widget elementor-widget-heading\" data-id=\"3ebf924\" data-element_type=\"widget\" data-e-type=\"widget\" data-widget_type=\"heading.default\">\n\t\t\t\t\t<h2 class=\"elementor-heading-title elementor-size-default\">Estrategias que se aplican en Bodhivita<\/h2>\t\t\t\t<\/div>\n\t\t\t\t<div class=\"elementor-element elementor-element-03ba539 elementor-widget elementor-widget-text-editor\" data-id=\"03ba539\" data-element_type=\"widget\" data-e-type=\"widget\" data-widget_type=\"text-editor.default\">\n\t\t\t\t\t\t\t\t\t<p class=\"\" data-start=\"2104\" data-end=\"2344\">A cada paciente se le realiza una valoraci\u00f3n personalizada por parte de nuestro equipo especializado en rehabilitaci\u00f3n. Esta primera visita permite entender las necesidades espec\u00edficas y <b>planificar una pauta de tratamiento<\/b> ajustada a su caso. <\/p>\n<p class=\"\" data-start=\"2346\" data-end=\"2605\">En el caso de la magnetoterapia, se establece un programa con la duraci\u00f3n, frecuencia e intensidad de las sesiones m\u00e1s adecuadas. Tambi\u00e9n ofrecemos la opci\u00f3n de <b data-start=\"2503\" data-end=\"2557\">alquiler de equipos para realizar el tratamiento desde casa<\/b> , siempre bajo nuestra supervisi\u00f3n profesional. <\/p>\n<p class=\"\" data-start=\"2607\" data-end=\"2771\">Mediante este enfoque, potenciamos una recuperaci\u00f3n activa, segura y adaptada, apoyando otras terapias manuales o ejercicios fisioterap\u00e9uticos cuando sea necesario.<\/p>\t\t\t\t\t\t\t\t<\/div>\n\t\t\t\t\t<\/div>\n\t\t<\/div>\n\t\t\t\t\t<\/div>\n\t\t<\/section>\n\t\t\t\t<section class=\"elementor-section elementor-top-section elementor-element elementor-element-e3b5eaf elementor-section-boxed elementor-section-height-default elementor-section-height-default\" data-id=\"e3b5eaf\" data-element_type=\"section\" data-e-type=\"section\">\n\t\t\t\t\t\t<div class=\"elementor-container elementor-column-gap-default\">\n\t\t\t\t\t<div class=\"elementor-column elementor-col-100 elementor-top-column elementor-element elementor-element-bd773e5\" data-id=\"bd773e5\" data-element_type=\"column\" data-e-type=\"column\">\n\t\t\t<div class=\"elementor-widget-wrap elementor-element-populated\">\n\t\t\t\t\t\t<div class=\"elementor-element elementor-element-d4f71f1 elementor-widget elementor-widget-heading\" data-id=\"d4f71f1\" data-element_type=\"widget\" data-e-type=\"widget\" data-widget_type=\"heading.default\">\n\t\t\t\t\t<h2 class=\"elementor-heading-title elementor-size-default\">Beneficios principales de la magnetoterapia<\/h2>\t\t\t\t<\/div>\n\t\t\t\t<div class=\"elementor-element elementor-element-98d799e elementor-widget elementor-widget-text-editor\" data-id=\"98d799e\" data-element_type=\"widget\" data-e-type=\"widget\" data-widget_type=\"text-editor.default\">\n\t\t\t\t\t\t\t\t\t<p class=\"\" data-start=\"309\" data-end=\"348\">Alivia el dolor de forma natural<\/p><p class=\"\" data-start=\"351\" data-end=\"391\">Reduce la inflamaci\u00f3n y la rigidez<\/p><p class=\"\" data-start=\"394\" data-end=\"441\">Acelera la curaci\u00f3n de fracturas y lesiones<\/p><p class=\"\" data-start=\"444\" data-end=\"480\">Mejora la circulaci\u00f3n sangu\u00ednea<\/p><p class=\"\" data-start=\"483\" data-end=\"526\">Regenera m\u00fasculos, ligamentos y tendones<\/p><p class=\"\" data-start=\"529\" data-end=\"578\">Relaja la musculatura y elimina contracturas<\/p><p class=\"\" data-start=\"581\" data-end=\"625\">Favorece la recuperaci\u00f3n postoperatoria<\/p><p class=\"\" data-start=\"581\" data-end=\"625\">Estimula la formaci\u00f3n de hueso en casos de osteoporosis<\/p>\t\t\t\t\t\t\t\t<\/div>\n\t\t\t\t\t<\/div>\n\t\t<\/div>\n\t\t\t\t\t<\/div>\n\t\t<\/section>\n\t\t<div class=\"elementor-element elementor-element-a067981 e-flex e-con-boxed e-con e-parent\" data-id=\"a067981\" data-element_type=\"container\" data-e-type=\"container\">\n\t\t\t\t\t<div class=\"e-con-inner\">\n\t\t\t\t<div class=\"elementor-element elementor-element-ca9f42e elementor-widget elementor-widget-heading\" data-id=\"ca9f42e\" data-element_type=\"widget\" data-e-type=\"widget\" data-widget_type=\"heading.default\">\n\t\t\t\t\t<h2 class=\"elementor-heading-title elementor-size-default\">Art\u00edculos relacionados<\/h2>\t\t\t\t<\/div>\n\t\t\t\t\t<\/div>\n\t\t\t\t<\/div>\n\t\t<div class=\"elementor-element elementor-element-2323a3e e-flex e-con-boxed e-con e-parent\" data-id=\"2323a3e\" data-element_type=\"container\" data-e-type=\"container\">\n\t\t\t\t\t<div class=\"e-con-inner\">\n\t\t\t\t<div class=\"elementor-element elementor-element-2b50228 elementor-posts--align-center elementor-grid-3 elementor-grid-tablet-2 elementor-grid-mobile-1 elementor-posts--thumbnail-top elementor-card-shadow-yes elementor-posts__hover-gradient elementor-widget elementor-widget-posts\" data-id=\"2b50228\" data-element_type=\"widget\" data-e-type=\"widget\" data-settings=\"{&quot;cards_row_gap&quot;:{&quot;unit&quot;:&quot;px&quot;,&quot;size&quot;:30,&quot;sizes&quot;:[]},&quot;cards_columns&quot;:&quot;3&quot;,&quot;cards_columns_tablet&quot;:&quot;2&quot;,&quot;cards_columns_mobile&quot;:&quot;1&quot;,&quot;cards_row_gap_tablet&quot;:{&quot;unit&quot;:&quot;px&quot;,&quot;size&quot;:&quot;&quot;,&quot;sizes&quot;:[]},&quot;cards_row_gap_mobile&quot;:{&quot;unit&quot;:&quot;px&quot;,&quot;size&quot;:&quot;&quot;,&quot;sizes&quot;:[]}}\" data-widget_type=\"posts.cards\">\n\t\t\t\t<div class=\"elementor-widget-container\">\n\t\t\t\t\t\t\t<div class=\"elementor-posts-container elementor-posts elementor-posts--skin-cards elementor-grid\" role=\"list\">\n\t\t\t\t<article class=\"elementor-post elementor-grid-item post-3252 post type-post status-publish format-standard has-post-thumbnail hentry category-fisioterapia tag-fisioterapeutas-san-andreo tag-magnetoterapia tag-magnetoterapia-sant-andreu\" role=\"listitem\">\n\t\t\t<div class=\"elementor-post__card\">\n\t\t\t\t<a class=\"elementor-post__thumbnail__link\" href=\"https:\/\/bodhivita.cat\/es\/magnetoterapia-una-terapia-natural-para-aliviar-el-dolor-y-acelerar-la-recuperacion\/\" tabindex=\"-1\" ><div class=\"elementor-post__thumbnail\"><img decoding=\"async\" width=\"2560\" height=\"2348\" src=\"https:\/\/bodhivita.cat\/wp-content\/uploads\/2025\/05\/el-radiologo-prepara-al-paciente-para-un-examen-de-rodilla-por-resonancia-magnetica-scaled.jpg\" class=\"attachment-full size-full wp-image-2926\" alt=\"magnetoterapia\" srcset=\"https:\/\/bodhivita.cat\/wp-content\/uploads\/2025\/05\/el-radiologo-prepara-al-paciente-para-un-examen-de-rodilla-por-resonancia-magnetica-scaled.jpg 2560w, https:\/\/bodhivita.cat\/wp-content\/uploads\/2025\/05\/el-radiologo-prepara-al-paciente-para-un-examen-de-rodilla-por-resonancia-magnetica-300x275.jpg 300w, https:\/\/bodhivita.cat\/wp-content\/uploads\/2025\/05\/el-radiologo-prepara-al-paciente-para-un-examen-de-rodilla-por-resonancia-magnetica-1024x939.jpg 1024w, https:\/\/bodhivita.cat\/wp-content\/uploads\/2025\/05\/el-radiologo-prepara-al-paciente-para-un-examen-de-rodilla-por-resonancia-magnetica-768x704.jpg 768w, https:\/\/bodhivita.cat\/wp-content\/uploads\/2025\/05\/el-radiologo-prepara-al-paciente-para-un-examen-de-rodilla-por-resonancia-magnetica-1536x1409.jpg 1536w, https:\/\/bodhivita.cat\/wp-content\/uploads\/2025\/05\/el-radiologo-prepara-al-paciente-para-un-examen-de-rodilla-por-resonancia-magnetica-2048x1878.jpg 2048w\" sizes=\"(max-width: 2560px) 100vw, 2560px\" \/><\/div><\/a>\n\t\t\t\t<div class=\"elementor-post__badge\">fisioterapeutas san andreo<\/div>\n\t\t\t\t<div class=\"elementor-post__text\">\n\t\t\t\t<h3 class=\"elementor-post__title\">\n\t\t\t<a href=\"https:\/\/bodhivita.cat\/es\/magnetoterapia-una-terapia-natural-para-aliviar-el-dolor-y-acelerar-la-recuperacion\/\" >\n\t\t\t\tMagnetoterapia: una terapia natural para aliviar el dolor y acelerar la recuperaci\u00f3n\t\t\t<\/a>\n\t\t<\/h3>\n\t\t\n\t\t<a class=\"elementor-post__read-more\" href=\"https:\/\/bodhivita.cat\/es\/magnetoterapia-una-terapia-natural-para-aliviar-el-dolor-y-acelerar-la-recuperacion\/\" aria-label=\"M\u00e1s informaci\u00f3n sobre Magnetoterapia: una terapia natural para aliviar el dolor y acelerar la recuperaci\u00f3n\" tabindex=\"-1\" >\n\t\t\t Leer m\u00e1s \u00bb\t\t<\/a>\n\n\t\t\t\t<\/div>\n\t\t\t\t<div class=\"elementor-post__meta-data\">\n\t\t\t\t\t<span class=\"elementor-post-date\">\n\t\t\t26\/11\/2025\t\t<\/span>\n\t\t\t\t<\/div>\n\t\t\t\t\t<\/div>\n\t\t<\/article>\n\t\t\t\t<\/div>\n\t\t\n\t\t\t\t\t\t<\/div>\n\t\t\t\t<\/div>\n\t\t\t\t\t<\/div>\n\t\t\t\t<\/div>\n\t\t\t\t<\/div>\n\t\t","protected":false},"excerpt":{"rendered":"<p>Magnetoter\u00e0pia La magnetoterapia es una t\u00e9cnica no invasiva que utiliza campos magn\u00e9ticos para estimular procesos biol\u00f3gicos fundamentales y favorecer la recuperaci\u00f3n<\/p>\n","protected":false},"author":14,"featured_media":0,"parent":0,"menu_order":0,"comment_status":"closed","ping_status":"closed","template":"","meta":{"_monsterinsights_skip_tracking":false,"_monsterinsights_sitenote_active":false,"_monsterinsights_sitenote_note":"","_monsterinsights_sitenote_category":0,"_joinchat":[],"footnotes":""},"class_list":["post-3218","page","type-page","status-publish","hentry"],"yoast_head":"<!-- This site is optimized with the Yoast SEO plugin v27.3 - https:\/\/yoast.com\/product\/yoast-seo-wordpress\/ -->\n<title>Magnetoter\u00e0pia - Fisioterapeutes i Oste\u00f2pates a Sant Andreu (Barcelona) | Bodhivita<\/title>\n<meta name=\"robots\" content=\"index, follow, max-snippet:-1, max-image-preview:large, max-video-preview:-1\" \/>\n<link rel=\"canonical\" href=\"https:\/\/bodhivita.cat\/es\/magnetoterapia\/\" \/>\n<meta property=\"og:locale\" content=\"es_ES\" \/>\n<meta property=\"og:type\" content=\"article\" \/>\n<meta property=\"og:title\" content=\"Magnetoter\u00e0pia - Fisioterapeutes i Oste\u00f2pates a Sant Andreu (Barcelona) | Bodhivita\" \/>\n<meta property=\"og:description\" content=\"Magnetoter\u00e0pia La magnetoterapia es una t\u00e9cnica no invasiva que utiliza campos magn\u00e9ticos para estimular procesos biol\u00f3gicos fundamentales y favorecer la recuperaci\u00f3n\" \/>\n<meta property=\"og:url\" content=\"https:\/\/bodhivita.cat\/es\/magnetoterapia\/\" \/>\n<meta property=\"og:site_name\" content=\"Fisioterapeutes i Oste\u00f2pates a Sant Andreu (Barcelona) | Bodhivita\" \/>\n<meta property=\"article:publisher\" content=\"https:\/\/www.facebook.com\/bodhivita\/\" \/>\n<meta property=\"article:modified_time\" content=\"2025-11-26T12:42:37+00:00\" \/>\n<meta property=\"og:image\" content=\"https:\/\/bodhivita.cat\/wp-content\/uploads\/2025\/05\/el-radiologo-prepara-al-paciente-para-un-examen-de-rodilla-por-resonancia-magnetica-1024x939.jpg\" \/>\n<meta name=\"twitter:card\" content=\"summary_large_image\" \/>\n<meta name=\"twitter:label1\" content=\"Tiempo de lectura\" \/>\n\t<meta name=\"twitter:data1\" content=\"2 minutos\" \/>\n<!-- \/ Yoast SEO plugin. -->","yoast_head_json":{"title":"Magnetoter\u00e0pia - Fisioterapeutes i Oste\u00f2pates a Sant Andreu (Barcelona) | Bodhivita","robots":{"index":"index","follow":"follow","max-snippet":"max-snippet:-1","max-image-preview":"max-image-preview:large","max-video-preview":"max-video-preview:-1"},"canonical":"https:\/\/bodhivita.cat\/es\/magnetoterapia\/","og_locale":"es_ES","og_type":"article","og_title":"Magnetoter\u00e0pia - Fisioterapeutes i Oste\u00f2pates a Sant Andreu (Barcelona) | Bodhivita","og_description":"Magnetoter\u00e0pia La magnetoterapia es una t\u00e9cnica no invasiva que utiliza campos magn\u00e9ticos para estimular procesos biol\u00f3gicos fundamentales y favorecer la recuperaci\u00f3n","og_url":"https:\/\/bodhivita.cat\/es\/magnetoterapia\/","og_site_name":"Fisioterapeutes i Oste\u00f2pates a Sant Andreu (Barcelona) | Bodhivita","article_publisher":"https:\/\/www.facebook.com\/bodhivita\/","article_modified_time":"2025-11-26T12:42:37+00:00","og_image":[{"url":"https:\/\/bodhivita.cat\/wp-content\/uploads\/2025\/05\/el-radiologo-prepara-al-paciente-para-un-examen-de-rodilla-por-resonancia-magnetica-1024x939.jpg","type":"","width":"","height":""}],"twitter_card":"summary_large_image","twitter_misc":{"Tiempo de lectura":"2 minutos"},"schema":{"@context":"https:\/\/schema.org","@graph":[{"@type":"WebPage","@id":"https:\/\/bodhivita.cat\/es\/magnetoterapia\/","url":"https:\/\/bodhivita.cat\/es\/magnetoterapia\/","name":"Magnetoter\u00e0pia - Fisioterapeutes i Oste\u00f2pates a Sant Andreu (Barcelona) | Bodhivita","isPartOf":{"@id":"https:\/\/bodhivita.cat\/#website"},"primaryImageOfPage":{"@id":"https:\/\/bodhivita.cat\/es\/magnetoterapia\/#primaryimage"},"image":{"@id":"https:\/\/bodhivita.cat\/es\/magnetoterapia\/#primaryimage"},"thumbnailUrl":"https:\/\/bodhivita.cat\/wp-content\/uploads\/2025\/05\/el-radiologo-prepara-al-paciente-para-un-examen-de-rodilla-por-resonancia-magnetica-1024x939.jpg","datePublished":"2025-11-26T12:42:36+00:00","dateModified":"2025-11-26T12:42:37+00:00","breadcrumb":{"@id":"https:\/\/bodhivita.cat\/es\/magnetoterapia\/#breadcrumb"},"inLanguage":"es","potentialAction":[{"@type":"ReadAction","target":["https:\/\/bodhivita.cat\/es\/magnetoterapia\/"]}]},{"@type":"ImageObject","inLanguage":"es","@id":"https:\/\/bodhivita.cat\/es\/magnetoterapia\/#primaryimage","url":"https:\/\/bodhivita.cat\/wp-content\/uploads\/2025\/05\/el-radiologo-prepara-al-paciente-para-un-examen-de-rodilla-por-resonancia-magnetica-1024x939.jpg","contentUrl":"https:\/\/bodhivita.cat\/wp-content\/uploads\/2025\/05\/el-radiologo-prepara-al-paciente-para-un-examen-de-rodilla-por-resonancia-magnetica-1024x939.jpg"},{"@type":"BreadcrumbList","@id":"https:\/\/bodhivita.cat\/es\/magnetoterapia\/#breadcrumb","itemListElement":[{"@type":"ListItem","position":1,"name":"Portada","item":"https:\/\/bodhivita.cat\/es\/inici\/"},{"@type":"ListItem","position":2,"name":"Magnetoter\u00e0pia"}]},{"@type":"WebSite","@id":"https:\/\/bodhivita.cat\/#website","url":"https:\/\/bodhivita.cat\/","name":"BODHIVITA","description":"Tractaments de fisioter\u00e0pia, osteopatia, acupuntura i nutrici\u00f3 a Sant Andreu (Barcelona). Salut integrativa amb professionals especialitzats.","publisher":{"@id":"https:\/\/bodhivita.cat\/#organization"},"potentialAction":[{"@type":"SearchAction","target":{"@type":"EntryPoint","urlTemplate":"https:\/\/bodhivita.cat\/?s={search_term_string}"},"query-input":{"@type":"PropertyValueSpecification","valueRequired":true,"valueName":"search_term_string"}}],"inLanguage":"es"},{"@type":"Organization","@id":"https:\/\/bodhivita.cat\/#organization","name":"Fisioter\u00e0pia, osteopatia i ter\u00e0pies naturals a Sant Andreu, Barcelona | BodhiVita","url":"https:\/\/bodhivita.cat\/","logo":{"@type":"ImageObject","inLanguage":"es","@id":"https:\/\/bodhivita.cat\/#\/schema\/logo\/image\/","url":"https:\/\/bodhivita.cat\/wp-content\/uploads\/2019\/06\/cropped-bodhivita-web-1.png","contentUrl":"https:\/\/bodhivita.cat\/wp-content\/uploads\/2019\/06\/cropped-bodhivita-web-1.png","width":512,"height":512,"caption":"Fisioter\u00e0pia, osteopatia i ter\u00e0pies naturals a Sant Andreu, Barcelona | BodhiVita"},"image":{"@id":"https:\/\/bodhivita.cat\/#\/schema\/logo\/image\/"},"sameAs":["https:\/\/www.facebook.com\/bodhivita\/","https:\/\/www.instagram.com\/bodhivita"]}]}},"_links":{"self":[{"href":"https:\/\/bodhivita.cat\/es\/wp-json\/wp\/v2\/pages\/3218","targetHints":{"allow":["GET"]}}],"collection":[{"href":"https:\/\/bodhivita.cat\/es\/wp-json\/wp\/v2\/pages"}],"about":[{"href":"https:\/\/bodhivita.cat\/es\/wp-json\/wp\/v2\/types\/page"}],"author":[{"embeddable":true,"href":"https:\/\/bodhivita.cat\/es\/wp-json\/wp\/v2\/users\/14"}],"replies":[{"embeddable":true,"href":"https:\/\/bodhivita.cat\/es\/wp-json\/wp\/v2\/comments?post=3218"}],"version-history":[{"count":2,"href":"https:\/\/bodhivita.cat\/es\/wp-json\/wp\/v2\/pages\/3218\/revisions"}],"predecessor-version":[{"id":3223,"href":"https:\/\/bodhivita.cat\/es\/wp-json\/wp\/v2\/pages\/3218\/revisions\/3223"}],"wp:attachment":[{"href":"https:\/\/bodhivita.cat\/es\/wp-json\/wp\/v2\/media?parent=3218"}],"curies":[{"name":"wp","href":"https:\/\/api.w.org\/{rel}","templated":true}]}}