{"id":3222,"date":"2025-11-26T14:42:37","date_gmt":"2025-11-26T12:42:37","guid":{"rendered":"https:\/\/bodhivita.cat\/luz-colmena\/"},"modified":"2025-12-03T13:31:39","modified_gmt":"2025-12-03T11:31:39","slug":"luz-colmena","status":"publish","type":"page","link":"https:\/\/bodhivita.cat\/es\/luz-colmena\/","title":{"rendered":"Luz Colmena"},"content":{"rendered":"\t\t<div data-elementor-type=\"wp-page\" data-elementor-id=\"3222\" class=\"elementor elementor-3222 elementor-2639\" data-elementor-post-type=\"page\">\n\t\t\t\t\t\t<section class=\"elementor-section elementor-top-section elementor-element elementor-element-c433c6e elementor-section-boxed elementor-section-height-default elementor-section-height-default\" data-id=\"c433c6e\" data-element_type=\"section\" data-e-type=\"section\">\n\t\t\t\t\t\t<div class=\"elementor-container elementor-column-gap-default\">\n\t\t\t\t\t<div class=\"elementor-column elementor-col-33 elementor-top-column elementor-element elementor-element-305333b\" data-id=\"305333b\" data-element_type=\"column\" data-e-type=\"column\">\n\t\t\t<div class=\"elementor-widget-wrap elementor-element-populated\">\n\t\t\t\t\t\t<div class=\"elementor-element elementor-element-5671834 elementor-widget elementor-widget-image\" data-id=\"5671834\" data-element_type=\"widget\" data-e-type=\"widget\" data-widget_type=\"image.default\">\n\t\t\t\t\t\t\t\t\t\t\t\t\t\t\t<img fetchpriority=\"high\" decoding=\"async\" width=\"800\" height=\"800\" src=\"https:\/\/bodhivita.cat\/wp-content\/uploads\/2024\/07\/luz-colmena-bodhivita-1024x1024.png\" class=\"attachment-large size-large wp-image-2632\" alt=\"Luz Colmena, fisioterapeuta neurol\u00f3gica y pedi\u00e1trica en Sant Andreu (Barcelona) \u2013 Bodhivita | Luz Colmena, fisioterapeuta neurol\u00f3gica y pedi\u00e1trica en Sant Andreu (Barcelona) \u2013 Bodhivita\" srcset=\"https:\/\/bodhivita.cat\/wp-content\/uploads\/2024\/07\/luz-colmena-bodhivita-1024x1024.png 1024w, https:\/\/bodhivita.cat\/wp-content\/uploads\/2024\/07\/luz-colmena-bodhivita-300x300.png 300w, https:\/\/bodhivita.cat\/wp-content\/uploads\/2024\/07\/luz-colmena-bodhivita-150x150.png 150w, https:\/\/bodhivita.cat\/wp-content\/uploads\/2024\/07\/luz-colmena-bodhivita-768x768.png 768w, https:\/\/bodhivita.cat\/wp-content\/uploads\/2024\/07\/luz-colmena-bodhivita.png 1080w\" sizes=\"(max-width: 800px) 100vw, 800px\" \/>\t\t\t\t\t\t\t\t\t\t\t\t\t\t\t<\/div>\n\t\t\t\t\t<\/div>\n\t\t<\/div>\n\t\t\t\t<div class=\"elementor-column elementor-col-66 elementor-top-column elementor-element elementor-element-ee9c0d1\" data-id=\"ee9c0d1\" data-element_type=\"column\" data-e-type=\"column\">\n\t\t\t<div class=\"elementor-widget-wrap elementor-element-populated\">\n\t\t\t\t\t\t<div class=\"elementor-element elementor-element-0575d77 elementor-widget elementor-widget-heading\" data-id=\"0575d77\" data-element_type=\"widget\" data-e-type=\"widget\" data-widget_type=\"heading.default\">\n\t\t\t\t\t<h1 class=\"elementor-heading-title elementor-size-default\">Luz Colmena<\/h1>\t\t\t\t<\/div>\n\t\t\t\t<div class=\"elementor-element elementor-element-6b62f90 elementor-widget elementor-widget-text-editor\" data-id=\"6b62f90\" data-element_type=\"widget\" data-e-type=\"widget\" data-widget_type=\"text-editor.default\">\n\t\t\t\t\t\t\t\t\t<div class=\"sptp-member-profession\"><h5 class=\"sptp-member-profession\">Fisioterapeuta especialitzada en neurologia pedi\u00e0trica i d&#8217;adults<\/h5><\/div>\t\t\t\t\t\t\t\t<\/div>\n\t\t\t\t<div class=\"elementor-element elementor-element-db128f6 elementor-widget elementor-widget-text-editor\" data-id=\"db128f6\" data-element_type=\"widget\" data-e-type=\"widget\" data-widget_type=\"text-editor.default\">\n\t\t\t\t\t\t\t\t\t<p><em>\u00abUn buen trabajo se inicia con una buena comunicaci\u00f3n y comprensi\u00f3n\u00bb<\/em><\/p><p>Me considero una persona emp\u00e1tica y proactiva. Soy exigente y muy curiosa, por eso siempre busco aprender y hacer todo lo mejor que puedo, dando siempre lo mejor de m\u00ed. <\/p><p>Creo firmemente en la importancia de las buenas relaciones humanas y la comunicaci\u00f3n y esto es lo que me permite trabajar siempre con una visi\u00f3n conjunta.<\/p><p>Actualmente, formo parte del equipo de <strong data-start=\"1074\" data-end=\"1087\">Bodhivita<\/strong> , centro de salud ubicado en <strong data-start=\"1114\" data-end=\"1141\">Sant Andreu (Barcelona)<\/strong> , donde acompa\u00f1o a ni\u00f1os y adultos en sus procesos de recuperaci\u00f3n mediante la <strong data-start=\"1223\" data-end=\"1278\">fisioterapia neurol\u00f3gica, pedi\u00e1trica y respiratoria<\/strong> .<\/p>\t\t\t\t\t\t\t\t<\/div>\n\t\t\t\t\t<\/div>\n\t\t<\/div>\n\t\t\t\t\t<\/div>\n\t\t<\/section>\n\t\t\t\t<section class=\"elementor-section elementor-top-section elementor-element elementor-element-14f18a9 elementor-section-boxed elementor-section-height-default elementor-section-height-default\" data-id=\"14f18a9\" data-element_type=\"section\" data-e-type=\"section\">\n\t\t\t\t\t\t<div class=\"elementor-container elementor-column-gap-default\">\n\t\t\t\t\t<div class=\"elementor-column elementor-col-100 elementor-top-column elementor-element elementor-element-21ed356\" data-id=\"21ed356\" data-element_type=\"column\" data-e-type=\"column\">\n\t\t\t<div class=\"elementor-widget-wrap elementor-element-populated\">\n\t\t\t\t\t\t<div class=\"elementor-element elementor-element-48e3c2f elementor-widget elementor-widget-heading\" data-id=\"48e3c2f\" data-element_type=\"widget\" data-e-type=\"widget\" data-widget_type=\"heading.default\">\n\t\t\t\t\t<h2 class=\"elementor-heading-title elementor-size-default\">Experiencia:<\/h2>\t\t\t\t<\/div>\n\t\t\t\t<div class=\"elementor-element elementor-element-67410e1 elementor-widget elementor-widget-text-editor\" data-id=\"67410e1\" data-element_type=\"widget\" data-e-type=\"widget\" data-widget_type=\"text-editor.default\">\n\t\t\t\t\t\t\t\t\t<p>He realizado pr\u00e1cticas durante mi per\u00edodo como estudiante en centros como:<\/p><ul><li>Centro M\u00e9dico Torregrosa, <strong>2022<\/strong><\/li><li>Hospital Quironsalud Barcelona, <strong>\u200b\u200b2023<\/strong><\/li><li>Parque Sanitario Pere Virgili, <strong>2023<\/strong><\/li><li>Hospital Universitario Germans Trias i Pujol (ICS), \u00e1rea de neurorrehabilitaci\u00f3n ambulatoria, <strong>2023<\/strong><\/li><li>Hospital Universitario Vall Hebr\u00f3n (ICS), paciente cardiorrespiratorio y paciente cr\u00edtico, <strong>2024<\/strong><\/li><li class=\"li1\">Ponente en la jornada interuniversitaria de SCBF, <b>2024<\/b><b><\/b><\/li><li class=\"li1\">Tutora de pr\u00e1cticas externas con el Centro Universitario Tecnocampus, <b>2025<\/b><b><\/b><\/li><\/ul><p>Al mismo tiempo tambi\u00e9n he colaborado en entidades como Nexe Fundaci\u00f3 (escola bressol para ni\u00f1os y ni\u00f1as con pluridiscapacidad), como voluntaria en algunas de sus actividades.<\/p>\t\t\t\t\t\t\t\t<\/div>\n\t\t\t\t\t<\/div>\n\t\t<\/div>\n\t\t\t\t\t<\/div>\n\t\t<\/section>\n\t\t\t\t<section class=\"elementor-section elementor-top-section elementor-element elementor-element-71163d7 elementor-section-boxed elementor-section-height-default elementor-section-height-default\" data-id=\"71163d7\" data-element_type=\"section\" data-e-type=\"section\">\n\t\t\t\t\t\t<div class=\"elementor-container elementor-column-gap-default\">\n\t\t\t\t\t<div class=\"elementor-column elementor-col-100 elementor-top-column elementor-element elementor-element-528d538\" data-id=\"528d538\" data-element_type=\"column\" data-e-type=\"column\">\n\t\t\t<div class=\"elementor-widget-wrap elementor-element-populated\">\n\t\t\t\t\t\t<div class=\"elementor-element elementor-element-f4e4d5a elementor-widget elementor-widget-heading\" data-id=\"f4e4d5a\" data-element_type=\"widget\" data-e-type=\"widget\" data-widget_type=\"heading.default\">\n\t\t\t\t\t<h2 class=\"elementor-heading-title elementor-size-default\">Formaci\u00f3n:\n<\/h2>\t\t\t\t<\/div>\n\t\t\t\t<div class=\"elementor-element elementor-element-21029b0 elementor-widget elementor-widget-text-editor\" data-id=\"21029b0\" data-element_type=\"widget\" data-e-type=\"widget\" data-widget_type=\"text-editor.default\">\n\t\t\t\t\t\t\t\t\t<ul><li><strong>2020-2014<\/strong> Grado Universitario en Fisioterapia. Universidad TecnocCampus, centro adscrito a la Universidad Pompeu Fabra. <\/li><li><strong>2024<\/strong> Curso BLS (Basic Life Support). European Resucitation Council. <\/li><li class=\"li1\"><b>2024<\/b> Curso de fisioterapia respiratoria en pediatr\u00eda, Fisiofocus<\/li><li class=\"li1\"><b>2024<\/b> Webinar de abordaje de ka espasticidad a trav\u00e9s de la rehabilitaci\u00f3n neurocognitiva, Centre Perfetti<\/li><li class=\"li1\"><b>2024<\/b> Webinar de ejercicio neurocogitivo: an\u00e1lisis y significado, Centre Perfetti<\/li><li class=\"li1\"><b>2025<\/b> Curso de evaluaci\u00f3n y reeducaci\u00f3n de la marcha en paciente neurol\u00f3gico adulto, UEN<\/li><li class=\"li1\"><b>Actualidad<\/b> T\u00edtulo de experto universitario en Fisioterapia Cardiorrespiratoria, Blanquerna Universidad Ramon Llull<\/li><\/ul>\t\t\t\t\t\t\t\t<\/div>\n\t\t\t\t\t<\/div>\n\t\t<\/div>\n\t\t\t\t\t<\/div>\n\t\t<\/section>\n\t\t\t\t<section class=\"elementor-section elementor-top-section elementor-element elementor-element-c2231a9 elementor-section-boxed elementor-section-height-default elementor-section-height-default\" data-id=\"c2231a9\" data-element_type=\"section\" data-e-type=\"section\">\n\t\t\t\t\t\t<div class=\"elementor-container elementor-column-gap-default\">\n\t\t\t\t\t<div class=\"elementor-column elementor-col-100 elementor-top-column elementor-element elementor-element-1021767\" data-id=\"1021767\" data-element_type=\"column\" data-e-type=\"column\">\n\t\t\t<div class=\"elementor-widget-wrap elementor-element-populated\">\n\t\t\t\t\t\t<div class=\"elementor-element elementor-element-5040fb0 elementor-widget elementor-widget-heading\" data-id=\"5040fb0\" data-element_type=\"widget\" data-e-type=\"widget\" data-widget_type=\"heading.default\">\n\t\t\t\t\t<h2 class=\"elementor-heading-title elementor-size-default\">Servicios:<\/h2>\t\t\t\t<\/div>\n\t\t\t\t<div class=\"elementor-element elementor-element-851bbb8 elementor-widget elementor-widget-text-editor\" data-id=\"851bbb8\" data-element_type=\"widget\" data-e-type=\"widget\" data-widget_type=\"text-editor.default\">\n\t\t\t\t\t\t\t\t\t<ul><li><a href=\"https:\/\/bodhivita.cat\/es\/fisioterapia-neurologica\/\">Fisioterapia neurol\u00f3gica  <\/a><\/li><li><a href=\"https:\/\/bodhivita.cat\/es\/fisioterapia-pediatrica\/\">Fisioterapia pedi\u00e1trica<\/a><\/li><li class=\"li1\"><a href=\"https:\/\/bodhivita.cat\/entrada\/fisioterapia-respiratoria-infantil-la-bronquiolitis\/\"><span class=\"s2\">Fisioterapia respiratoria<\/span><\/a><\/li><\/ul>\t\t\t\t\t\t\t\t<\/div>\n\t\t\t\t\t<\/div>\n\t\t<\/div>\n\t\t\t\t\t<\/div>\n\t\t<\/section>\n\t\t\t\t<\/div>\n\t\t","protected":false},"excerpt":{"rendered":"<p>Luz Colmena Fisioterapeuta especialitzada en neurologia pedi\u00e0trica i d&#8217;adults \u00abUn buen trabajo se inicia con una buena comunicaci\u00f3n y comprensi\u00f3n\u00bb Me considero una persona emp\u00e1tica y proactiva. Soy exigente y muy curiosa, por eso siempre busco aprender y hacer todo lo mejor que puedo, dando siempre lo mejor de m\u00ed. Creo firmemente en la importancia [&hellip;]<\/p>\n","protected":false},"author":14,"featured_media":0,"parent":0,"menu_order":0,"comment_status":"closed","ping_status":"closed","template":"","meta":{"_monsterinsights_skip_tracking":false,"_monsterinsights_sitenote_active":false,"_monsterinsights_sitenote_note":"","_monsterinsights_sitenote_category":0,"_joinchat":[],"footnotes":""},"class_list":["post-3222","page","type-page","status-publish","hentry"],"yoast_head":"<!-- This site is optimized with the Yoast SEO plugin v27.3 - https:\/\/yoast.com\/product\/yoast-seo-wordpress\/ -->\n<title>Luz Colmena \u2013 Fisioterapeuta neurol\u00f3gica y pedi\u00e1trica en Sant Andreu (Barcelona) | Bodhivita<\/title>\n<meta name=\"description\" content=\"Conoce a Luz Colmena, fisioterapeuta neurol\u00f3gica y pedi\u00e1trica en Bodhivita Sant Andreu (Barcelona). Tratamientos adaptados a cada ni\u00f1o y adulto.\" \/>\n<meta name=\"robots\" content=\"index, follow, max-snippet:-1, max-image-preview:large, max-video-preview:-1\" \/>\n<link rel=\"canonical\" href=\"https:\/\/bodhivita.cat\/es\/luz-colmena\/\" \/>\n<meta property=\"og:locale\" content=\"es_ES\" \/>\n<meta property=\"og:type\" content=\"article\" \/>\n<meta property=\"og:title\" content=\"Luz Colmena \u2013 Fisioterapeuta neurol\u00f3gica y pedi\u00e1trica en Sant Andreu (Barcelona) | Bodhivita\" \/>\n<meta property=\"og:description\" content=\"Conoce a Luz Colmena, fisioterapeuta neurol\u00f3gica y pedi\u00e1trica en Bodhivita Sant Andreu (Barcelona). Tratamientos adaptados a cada ni\u00f1o y adulto.\" \/>\n<meta property=\"og:url\" content=\"https:\/\/bodhivita.cat\/es\/luz-colmena\/\" \/>\n<meta property=\"og:site_name\" content=\"Fisioterapeutes i Oste\u00f2pates a Sant Andreu (Barcelona) | Bodhivita\" \/>\n<meta property=\"article:publisher\" content=\"https:\/\/www.facebook.com\/bodhivita\/\" \/>\n<meta property=\"article:modified_time\" content=\"2025-12-03T11:31:39+00:00\" \/>\n<meta property=\"og:image\" content=\"https:\/\/bodhivita.cat\/wp-content\/uploads\/2024\/07\/luz-colmena-bodhivita-1024x1024.png\" \/>\n<meta name=\"twitter:card\" content=\"summary_large_image\" \/>\n<meta name=\"twitter:label1\" content=\"Tiempo de lectura\" \/>\n\t<meta name=\"twitter:data1\" content=\"2 minutos\" \/>\n<!-- \/ Yoast SEO plugin. -->","yoast_head_json":{"title":"Luz Colmena \u2013 Fisioterapeuta neurol\u00f3gica y pedi\u00e1trica en Sant Andreu (Barcelona) | Bodhivita","description":"Conoce a Luz Colmena, fisioterapeuta neurol\u00f3gica y pedi\u00e1trica en Bodhivita Sant Andreu (Barcelona). Tratamientos adaptados a cada ni\u00f1o y adulto.","robots":{"index":"index","follow":"follow","max-snippet":"max-snippet:-1","max-image-preview":"max-image-preview:large","max-video-preview":"max-video-preview:-1"},"canonical":"https:\/\/bodhivita.cat\/es\/luz-colmena\/","og_locale":"es_ES","og_type":"article","og_title":"Luz Colmena \u2013 Fisioterapeuta neurol\u00f3gica y pedi\u00e1trica en Sant Andreu (Barcelona) | Bodhivita","og_description":"Conoce a Luz Colmena, fisioterapeuta neurol\u00f3gica y pedi\u00e1trica en Bodhivita Sant Andreu (Barcelona). Tratamientos adaptados a cada ni\u00f1o y adulto.","og_url":"https:\/\/bodhivita.cat\/es\/luz-colmena\/","og_site_name":"Fisioterapeutes i Oste\u00f2pates a Sant Andreu (Barcelona) | Bodhivita","article_publisher":"https:\/\/www.facebook.com\/bodhivita\/","article_modified_time":"2025-12-03T11:31:39+00:00","og_image":[{"url":"https:\/\/bodhivita.cat\/wp-content\/uploads\/2024\/07\/luz-colmena-bodhivita-1024x1024.png","type":"","width":"","height":""}],"twitter_card":"summary_large_image","twitter_misc":{"Tiempo de lectura":"2 minutos"},"schema":{"@context":"https:\/\/schema.org","@graph":[{"@type":"WebPage","@id":"https:\/\/bodhivita.cat\/es\/luz-colmena\/","url":"https:\/\/bodhivita.cat\/es\/luz-colmena\/","name":"Luz Colmena \u2013 Fisioterapeuta neurol\u00f3gica y pedi\u00e1trica en Sant Andreu (Barcelona) | Bodhivita","isPartOf":{"@id":"https:\/\/bodhivita.cat\/#website"},"primaryImageOfPage":{"@id":"https:\/\/bodhivita.cat\/es\/luz-colmena\/#primaryimage"},"image":{"@id":"https:\/\/bodhivita.cat\/es\/luz-colmena\/#primaryimage"},"thumbnailUrl":"https:\/\/bodhivita.cat\/wp-content\/uploads\/2024\/07\/luz-colmena-bodhivita-1024x1024.png","datePublished":"2025-11-26T12:42:37+00:00","dateModified":"2025-12-03T11:31:39+00:00","description":"Conoce a Luz Colmena, fisioterapeuta neurol\u00f3gica y pedi\u00e1trica en Bodhivita Sant Andreu (Barcelona). Tratamientos adaptados a cada ni\u00f1o y adulto.","breadcrumb":{"@id":"https:\/\/bodhivita.cat\/es\/luz-colmena\/#breadcrumb"},"inLanguage":"es","potentialAction":[{"@type":"ReadAction","target":["https:\/\/bodhivita.cat\/es\/luz-colmena\/"]}]},{"@type":"ImageObject","inLanguage":"es","@id":"https:\/\/bodhivita.cat\/es\/luz-colmena\/#primaryimage","url":"https:\/\/bodhivita.cat\/wp-content\/uploads\/2024\/07\/luz-colmena-bodhivita-1024x1024.png","contentUrl":"https:\/\/bodhivita.cat\/wp-content\/uploads\/2024\/07\/luz-colmena-bodhivita-1024x1024.png"},{"@type":"BreadcrumbList","@id":"https:\/\/bodhivita.cat\/es\/luz-colmena\/#breadcrumb","itemListElement":[{"@type":"ListItem","position":1,"name":"Portada","item":"https:\/\/bodhivita.cat\/es\/inici\/"},{"@type":"ListItem","position":2,"name":"Luz Colmena"}]},{"@type":"WebSite","@id":"https:\/\/bodhivita.cat\/#website","url":"https:\/\/bodhivita.cat\/","name":"BODHIVITA","description":"Tractaments de fisioter\u00e0pia, osteopatia, acupuntura i nutrici\u00f3 a Sant Andreu (Barcelona). Salut integrativa amb professionals especialitzats.","publisher":{"@id":"https:\/\/bodhivita.cat\/#organization"},"potentialAction":[{"@type":"SearchAction","target":{"@type":"EntryPoint","urlTemplate":"https:\/\/bodhivita.cat\/?s={search_term_string}"},"query-input":{"@type":"PropertyValueSpecification","valueRequired":true,"valueName":"search_term_string"}}],"inLanguage":"es"},{"@type":"Organization","@id":"https:\/\/bodhivita.cat\/#organization","name":"Fisioter\u00e0pia, osteopatia i ter\u00e0pies naturals a Sant Andreu, Barcelona | BodhiVita","url":"https:\/\/bodhivita.cat\/","logo":{"@type":"ImageObject","inLanguage":"es","@id":"https:\/\/bodhivita.cat\/#\/schema\/logo\/image\/","url":"https:\/\/bodhivita.cat\/wp-content\/uploads\/2019\/06\/cropped-bodhivita-web-1.png","contentUrl":"https:\/\/bodhivita.cat\/wp-content\/uploads\/2019\/06\/cropped-bodhivita-web-1.png","width":512,"height":512,"caption":"Fisioter\u00e0pia, osteopatia i ter\u00e0pies naturals a Sant Andreu, Barcelona | BodhiVita"},"image":{"@id":"https:\/\/bodhivita.cat\/#\/schema\/logo\/image\/"},"sameAs":["https:\/\/www.facebook.com\/bodhivita\/","https:\/\/www.instagram.com\/bodhivita"]}]}},"_links":{"self":[{"href":"https:\/\/bodhivita.cat\/es\/wp-json\/wp\/v2\/pages\/3222","targetHints":{"allow":["GET"]}}],"collection":[{"href":"https:\/\/bodhivita.cat\/es\/wp-json\/wp\/v2\/pages"}],"about":[{"href":"https:\/\/bodhivita.cat\/es\/wp-json\/wp\/v2\/types\/page"}],"author":[{"embeddable":true,"href":"https:\/\/bodhivita.cat\/es\/wp-json\/wp\/v2\/users\/14"}],"replies":[{"embeddable":true,"href":"https:\/\/bodhivita.cat\/es\/wp-json\/wp\/v2\/comments?post=3222"}],"version-history":[{"count":4,"href":"https:\/\/bodhivita.cat\/es\/wp-json\/wp\/v2\/pages\/3222\/revisions"}],"predecessor-version":[{"id":3431,"href":"https:\/\/bodhivita.cat\/es\/wp-json\/wp\/v2\/pages\/3222\/revisions\/3431"}],"wp:attachment":[{"href":"https:\/\/bodhivita.cat\/es\/wp-json\/wp\/v2\/media?parent=3222"}],"curies":[{"name":"wp","href":"https:\/\/api.w.org\/{rel}","templated":true}]}}