{"id":3471,"date":"2025-12-04T12:56:56","date_gmt":"2025-12-04T10:56:56","guid":{"rendered":"https:\/\/bodhivita.cat\/sonia-oliva\/"},"modified":"2025-12-04T13:41:03","modified_gmt":"2025-12-04T11:41:03","slug":"sonia-oliva","status":"publish","type":"page","link":"https:\/\/bodhivita.cat\/es\/sonia-oliva\/","title":{"rendered":"Sonia Oliva"},"content":{"rendered":"\t\t<div data-elementor-type=\"wp-page\" data-elementor-id=\"3471\" class=\"elementor elementor-3471 elementor-2190\" data-elementor-post-type=\"page\">\n\t\t\t\t\t\t<section class=\"elementor-section elementor-top-section elementor-element elementor-element-02cd6d8 elementor-section-boxed elementor-section-height-default elementor-section-height-default\" data-id=\"02cd6d8\" data-element_type=\"section\" data-e-type=\"section\">\n\t\t\t\t\t\t<div class=\"elementor-container elementor-column-gap-default\">\n\t\t\t\t\t<div class=\"elementor-column elementor-col-33 elementor-top-column elementor-element elementor-element-87b4579\" data-id=\"87b4579\" data-element_type=\"column\" data-e-type=\"column\">\n\t\t\t<div class=\"elementor-widget-wrap elementor-element-populated\">\n\t\t\t\t\t\t<div class=\"elementor-element elementor-element-2f71955 elementor-widget elementor-widget-image\" data-id=\"2f71955\" data-element_type=\"widget\" data-e-type=\"widget\" data-widget_type=\"image.default\">\n\t\t\t\t\t\t\t\t\t\t\t\t\t\t\t<img fetchpriority=\"high\" decoding=\"async\" width=\"800\" height=\"800\" src=\"https:\/\/bodhivita.cat\/wp-content\/uploads\/2023\/01\/Sonia-1024x1024.png\" class=\"attachment-large size-large wp-image-1706\" alt=\"\" srcset=\"https:\/\/bodhivita.cat\/wp-content\/uploads\/2023\/01\/Sonia-1024x1024.png 1024w, https:\/\/bodhivita.cat\/wp-content\/uploads\/2023\/01\/Sonia-300x300.png 300w, https:\/\/bodhivita.cat\/wp-content\/uploads\/2023\/01\/Sonia-150x150.png 150w, https:\/\/bodhivita.cat\/wp-content\/uploads\/2023\/01\/Sonia-768x768.png 768w, https:\/\/bodhivita.cat\/wp-content\/uploads\/2023\/01\/Sonia.png 1080w\" sizes=\"(max-width: 800px) 100vw, 800px\" \/>\t\t\t\t\t\t\t\t\t\t\t\t\t\t\t<\/div>\n\t\t\t\t\t<\/div>\n\t\t<\/div>\n\t\t\t\t<div class=\"elementor-column elementor-col-66 elementor-top-column elementor-element elementor-element-23b4351\" data-id=\"23b4351\" data-element_type=\"column\" data-e-type=\"column\">\n\t\t\t<div class=\"elementor-widget-wrap elementor-element-populated\">\n\t\t\t\t\t\t<div class=\"elementor-element elementor-element-6505e4d elementor-widget elementor-widget-heading\" data-id=\"6505e4d\" data-element_type=\"widget\" data-e-type=\"widget\" data-widget_type=\"heading.default\">\n\t\t\t\t\t<h1 class=\"elementor-heading-title elementor-size-default\">Sonia Oliva Barruso<\/h1>\t\t\t\t<\/div>\n\t\t\t\t<div class=\"elementor-element elementor-element-732c0e6 elementor-widget elementor-widget-text-editor\" data-id=\"732c0e6\" data-element_type=\"widget\" data-e-type=\"widget\" data-widget_type=\"text-editor.default\">\n\t\t\t\t\t\t\t\t\t<div class=\"sptp-member-profession\"><h5 class=\"sptp-member-profession\">Psic\u00f3loga especializada en terapia Gestalt y neuroprogramaci\u00f3n en Sant Andreu (Barcelona)<\/h5><\/div>\t\t\t\t\t\t\t\t<\/div>\n\t\t\t\t<div class=\"elementor-element elementor-element-3298f24 elementor-widget elementor-widget-text-editor\" data-id=\"3298f24\" data-element_type=\"widget\" data-e-type=\"widget\" data-widget_type=\"text-editor.default\">\n\t\t\t\t\t\t\t\t\t<p>Cuando hablamos de Hipnosis es necesario aclarar mitos antiguos y falsos asociados a la hipnosis de espect\u00e1culo o escenario. Esto nada tiene que ver con la Hipnosis terap\u00e9utica.<\/p><p>La Hipnosis terap\u00e9utica es estado temporal de concentraci\u00f3n m\u00e1s aguda, que se da a la vez en un estado de profunda relajaci\u00f3n.<\/p>\t\t\t\t\t\t\t\t<\/div>\n\t\t\t\t\t<\/div>\n\t\t<\/div>\n\t\t\t\t\t<\/div>\n\t\t<\/section>\n\t\t\t\t<section class=\"elementor-section elementor-top-section elementor-element elementor-element-40ff84e elementor-section-boxed elementor-section-height-default elementor-section-height-default\" data-id=\"40ff84e\" data-element_type=\"section\" data-e-type=\"section\">\n\t\t\t\t\t\t<div class=\"elementor-container elementor-column-gap-default\">\n\t\t\t\t\t<div class=\"elementor-column elementor-col-100 elementor-top-column elementor-element elementor-element-0c503e9\" data-id=\"0c503e9\" data-element_type=\"column\" data-e-type=\"column\">\n\t\t\t<div class=\"elementor-widget-wrap elementor-element-populated\">\n\t\t\t\t\t\t<div class=\"elementor-element elementor-element-676b645 elementor-widget elementor-widget-heading\" data-id=\"676b645\" data-element_type=\"widget\" data-e-type=\"widget\" data-widget_type=\"heading.default\">\n\t\t\t\t\t<h2 class=\"elementor-heading-title elementor-size-default\">Experiencia:<\/h2>\t\t\t\t<\/div>\n\t\t\t\t<div class=\"elementor-element elementor-element-ab82238 elementor-widget elementor-widget-text-editor\" data-id=\"ab82238\" data-element_type=\"widget\" data-e-type=\"widget\" data-widget_type=\"text-editor.default\">\n\t\t\t\t\t\t\t\t\t<ul><li>M\u00e1s de 20 a\u00f1os de experiencia en Hipnoterapia Hol\u00edstica y Regresi\u00f3n a consulta individual.<\/li><\/ul>\t\t\t\t\t\t\t\t<\/div>\n\t\t\t\t\t<\/div>\n\t\t<\/div>\n\t\t\t\t\t<\/div>\n\t\t<\/section>\n\t\t\t\t<section class=\"elementor-section elementor-top-section elementor-element elementor-element-9f78949 elementor-section-boxed elementor-section-height-default elementor-section-height-default\" data-id=\"9f78949\" data-element_type=\"section\" data-e-type=\"section\">\n\t\t\t\t\t\t<div class=\"elementor-container elementor-column-gap-default\">\n\t\t\t\t\t<div class=\"elementor-column elementor-col-100 elementor-top-column elementor-element elementor-element-62e3430\" data-id=\"62e3430\" data-element_type=\"column\" data-e-type=\"column\">\n\t\t\t<div class=\"elementor-widget-wrap elementor-element-populated\">\n\t\t\t\t\t\t<div class=\"elementor-element elementor-element-f94b2a0 elementor-widget elementor-widget-heading\" data-id=\"f94b2a0\" data-element_type=\"widget\" data-e-type=\"widget\" data-widget_type=\"heading.default\">\n\t\t\t\t\t<h2 class=\"elementor-heading-title elementor-size-default\">Formaci\u00f3n:\n<\/h2>\t\t\t\t<\/div>\n\t\t\t\t<div class=\"elementor-element elementor-element-42deafb elementor-widget elementor-widget-text-editor\" data-id=\"42deafb\" data-element_type=\"widget\" data-e-type=\"widget\" data-widget_type=\"text-editor.default\">\n\t\t\t\t\t\t\t\t\t<ul><li>1990 &#8211; 2001. Instructora de Yoga Integral y Meditaci\u00f3n. Sistema Sivananda<\/li><li>2003 \u2013 2005. Maestro de Reiki \u2013 Arolo Tifar.  Sanaci\u00f3n Espiritual Activa. R.A.I (Reiki Association International) Instructora de los m\u00e9todos.<\/li><li>2001- 2003. Formada en Hipnoan\u00e1lisi. Sistema F. E. Eckard Strohm<\/li><li>2003 &#8211; 2005. Hipnosis Hol\u00edstica. Regresiones. M\u00e9todo Pleoma<\/li><li>Instituto Pleoma. Instituto de An\u00e1lisis Hol\u00edstico e Hipnosis orientada a soluciones. K\u00f6ln (Col\u00f2nia) Alemania. Los terapeutas del Instituto Pleoma contin\u00faan en formaci\u00f3n y actualizaci\u00f3n continua seg\u00fan los \u00faltimos paradigmas dentro de la Hipnosis moderna.<\/li><\/ul>\t\t\t\t\t\t\t\t<\/div>\n\t\t\t\t\t<\/div>\n\t\t<\/div>\n\t\t\t\t\t<\/div>\n\t\t<\/section>\n\t\t\t\t<section class=\"elementor-section elementor-top-section elementor-element elementor-element-17ffa21 elementor-section-boxed elementor-section-height-default elementor-section-height-default\" data-id=\"17ffa21\" data-element_type=\"section\" data-e-type=\"section\">\n\t\t\t\t\t\t<div class=\"elementor-container elementor-column-gap-default\">\n\t\t\t\t\t<div class=\"elementor-column elementor-col-100 elementor-top-column elementor-element elementor-element-5ae2062\" data-id=\"5ae2062\" data-element_type=\"column\" data-e-type=\"column\">\n\t\t\t<div class=\"elementor-widget-wrap elementor-element-populated\">\n\t\t\t\t\t\t<div class=\"elementor-element elementor-element-f3a06b7 elementor-widget elementor-widget-heading\" data-id=\"f3a06b7\" data-element_type=\"widget\" data-e-type=\"widget\" data-widget_type=\"heading.default\">\n\t\t\t\t\t<h2 class=\"elementor-heading-title elementor-size-default\">Servicios:<\/h2>\t\t\t\t<\/div>\n\t\t\t\t<div class=\"elementor-element elementor-element-414031d elementor-widget elementor-widget-text-editor\" data-id=\"414031d\" data-element_type=\"widget\" data-e-type=\"widget\" data-widget_type=\"text-editor.default\">\n\t\t\t\t\t\t\t\t\t<ul><li><a href=\"https:\/\/bodhivita.cat\/es\/hipnoterapia\/\">Hipnosis Regresiva y t<span style=\"font-weight: 400;\">erapias Energ\u00e9ticas.<\/span><\/a><a href=\"https:\/\/bodhivita.cat\/es\/hipnoterapia\/\"><br><\/a><\/li><\/ul>\t\t\t\t\t\t\t\t<\/div>\n\t\t\t\t\t<\/div>\n\t\t<\/div>\n\t\t\t\t\t<\/div>\n\t\t<\/section>\n\t\t\t\t<\/div>\n\t\t","protected":false},"excerpt":{"rendered":"<p>Sonia Oliva Barruso Psic\u00f3loga especializada en terapia Gestalt y neuroprogramaci\u00f3n en Sant Andreu (Barcelona) Cuando hablamos de Hipnosis es necesario aclarar mitos antiguos y falsos asociados a la hipnosis de espect\u00e1culo o escenario. Esto nada tiene que ver con la Hipnosis terap\u00e9utica. La Hipnosis terap\u00e9utica es estado temporal de concentraci\u00f3n m\u00e1s aguda, que se da [&hellip;]<\/p>\n","protected":false},"author":14,"featured_media":0,"parent":0,"menu_order":0,"comment_status":"closed","ping_status":"closed","template":"elementor_header_footer","meta":{"_monsterinsights_skip_tracking":false,"_monsterinsights_sitenote_active":false,"_monsterinsights_sitenote_note":"","_monsterinsights_sitenote_category":0,"_joinchat":[],"footnotes":""},"class_list":["post-3471","page","type-page","status-publish","hentry"],"yoast_head":"<!-- This site is optimized with the Yoast SEO plugin v27.5 - https:\/\/yoast.com\/product\/yoast-seo-wordpress\/ -->\n<title>Terapeuta emocional y experta en neuroprogramaci\u00f3n en Sant Andreu \u2013 Sonia Oliva<\/title>\n<meta name=\"description\" content=\"Sonia Oliva ofrece acompa\u00f1amiento emocional con enfoque en la terapia Gestalt y t\u00e9cnicas de neuroprogramaci\u00f3n, desde el centro Bodhivita en Sant Andreu (Barcelona).\" \/>\n<meta name=\"robots\" content=\"index, follow, max-snippet:-1, max-image-preview:large, max-video-preview:-1\" \/>\n<link rel=\"canonical\" href=\"https:\/\/bodhivita.cat\/es\/sonia-oliva\/\" \/>\n<meta property=\"og:locale\" content=\"es_ES\" \/>\n<meta property=\"og:type\" content=\"article\" \/>\n<meta property=\"og:title\" content=\"Terapeuta emocional y experta en neuroprogramaci\u00f3n en Sant Andreu \u2013 Sonia Oliva\" \/>\n<meta property=\"og:description\" content=\"Sonia Oliva ofrece acompa\u00f1amiento emocional con enfoque en la terapia Gestalt y t\u00e9cnicas de neuroprogramaci\u00f3n, desde el centro Bodhivita en Sant Andreu (Barcelona).\" \/>\n<meta property=\"og:url\" content=\"https:\/\/bodhivita.cat\/es\/sonia-oliva\/\" \/>\n<meta property=\"og:site_name\" content=\"Fisioterapeutes i Oste\u00f2pates a Sant Andreu (Barcelona) | Bodhivita\" \/>\n<meta property=\"article:publisher\" content=\"https:\/\/www.facebook.com\/bodhivita\/\" \/>\n<meta property=\"article:modified_time\" content=\"2025-12-04T11:41:03+00:00\" \/>\n<meta property=\"og:image\" content=\"https:\/\/bodhivita.cat\/wp-content\/uploads\/2023\/01\/Sonia-1024x1024.png\" \/>\n<meta name=\"twitter:card\" content=\"summary_large_image\" \/>\n<meta name=\"twitter:label1\" content=\"Tiempo de lectura\" \/>\n\t<meta name=\"twitter:data1\" content=\"1 minuto\" \/>\n<!-- \/ Yoast SEO plugin. -->","yoast_head_json":{"title":"Terapeuta emocional y experta en neuroprogramaci\u00f3n en Sant Andreu \u2013 Sonia Oliva","description":"Sonia Oliva ofrece acompa\u00f1amiento emocional con enfoque en la terapia Gestalt y t\u00e9cnicas de neuroprogramaci\u00f3n, desde el centro Bodhivita en Sant Andreu (Barcelona).","robots":{"index":"index","follow":"follow","max-snippet":"max-snippet:-1","max-image-preview":"max-image-preview:large","max-video-preview":"max-video-preview:-1"},"canonical":"https:\/\/bodhivita.cat\/es\/sonia-oliva\/","og_locale":"es_ES","og_type":"article","og_title":"Terapeuta emocional y experta en neuroprogramaci\u00f3n en Sant Andreu \u2013 Sonia Oliva","og_description":"Sonia Oliva ofrece acompa\u00f1amiento emocional con enfoque en la terapia Gestalt y t\u00e9cnicas de neuroprogramaci\u00f3n, desde el centro Bodhivita en Sant Andreu (Barcelona).","og_url":"https:\/\/bodhivita.cat\/es\/sonia-oliva\/","og_site_name":"Fisioterapeutes i Oste\u00f2pates a Sant Andreu (Barcelona) | Bodhivita","article_publisher":"https:\/\/www.facebook.com\/bodhivita\/","article_modified_time":"2025-12-04T11:41:03+00:00","og_image":[{"url":"https:\/\/bodhivita.cat\/wp-content\/uploads\/2023\/01\/Sonia-1024x1024.png","type":"","width":"","height":""}],"twitter_card":"summary_large_image","twitter_misc":{"Tiempo de lectura":"1 minuto"},"schema":{"@context":"https:\/\/schema.org","@graph":[{"@type":"WebPage","@id":"https:\/\/bodhivita.cat\/es\/sonia-oliva\/","url":"https:\/\/bodhivita.cat\/es\/sonia-oliva\/","name":"Terapeuta emocional y experta en neuroprogramaci\u00f3n en Sant Andreu \u2013 Sonia Oliva","isPartOf":{"@id":"https:\/\/bodhivita.cat\/#website"},"primaryImageOfPage":{"@id":"https:\/\/bodhivita.cat\/es\/sonia-oliva\/#primaryimage"},"image":{"@id":"https:\/\/bodhivita.cat\/es\/sonia-oliva\/#primaryimage"},"thumbnailUrl":"https:\/\/bodhivita.cat\/wp-content\/uploads\/2023\/01\/Sonia-1024x1024.png","datePublished":"2025-12-04T10:56:56+00:00","dateModified":"2025-12-04T11:41:03+00:00","description":"Sonia Oliva ofrece acompa\u00f1amiento emocional con enfoque en la terapia Gestalt y t\u00e9cnicas de neuroprogramaci\u00f3n, desde el centro Bodhivita en Sant Andreu (Barcelona).","breadcrumb":{"@id":"https:\/\/bodhivita.cat\/es\/sonia-oliva\/#breadcrumb"},"inLanguage":"es","potentialAction":[{"@type":"ReadAction","target":["https:\/\/bodhivita.cat\/es\/sonia-oliva\/"]}]},{"@type":"ImageObject","inLanguage":"es","@id":"https:\/\/bodhivita.cat\/es\/sonia-oliva\/#primaryimage","url":"https:\/\/bodhivita.cat\/wp-content\/uploads\/2023\/01\/Sonia-1024x1024.png","contentUrl":"https:\/\/bodhivita.cat\/wp-content\/uploads\/2023\/01\/Sonia-1024x1024.png"},{"@type":"BreadcrumbList","@id":"https:\/\/bodhivita.cat\/es\/sonia-oliva\/#breadcrumb","itemListElement":[{"@type":"ListItem","position":1,"name":"Portada","item":"https:\/\/bodhivita.cat\/es\/inici\/"},{"@type":"ListItem","position":2,"name":"Sonia Oliva"}]},{"@type":"WebSite","@id":"https:\/\/bodhivita.cat\/#website","url":"https:\/\/bodhivita.cat\/","name":"BODHIVITA, fisioterapeutes, oste\u00f2pates i ter\u00e0pies natuals a Sant Andreu (Barcelona)","description":"Tractaments de fisioter\u00e0pia, osteopatia, acupuntura i nutrici\u00f3 a Sant Andreu (Barcelona). Salut integrativa amb professionals especialitzats.","publisher":{"@id":"https:\/\/bodhivita.cat\/#organization"},"alternateName":"BODHIVITA, fisioterapeutes, oste\u00f2pates i ter\u00e0pies natuals a Sant Andreu (Barcelona)","potentialAction":[{"@type":"SearchAction","target":{"@type":"EntryPoint","urlTemplate":"https:\/\/bodhivita.cat\/?s={search_term_string}"},"query-input":{"@type":"PropertyValueSpecification","valueRequired":true,"valueName":"search_term_string"}}],"inLanguage":"es"},{"@type":"Organization","@id":"https:\/\/bodhivita.cat\/#organization","name":"Fisioter\u00e0pia, osteopatia i ter\u00e0pies naturals a Sant Andreu, Barcelona | BodhiVita","url":"https:\/\/bodhivita.cat\/","logo":{"@type":"ImageObject","inLanguage":"es","@id":"https:\/\/bodhivita.cat\/#\/schema\/logo\/image\/","url":"https:\/\/bodhivita.cat\/wp-content\/uploads\/2019\/06\/cropped-bodhivita-web-1.png","contentUrl":"https:\/\/bodhivita.cat\/wp-content\/uploads\/2019\/06\/cropped-bodhivita-web-1.png","width":512,"height":512,"caption":"Fisioter\u00e0pia, osteopatia i ter\u00e0pies naturals a Sant Andreu, Barcelona | BodhiVita"},"image":{"@id":"https:\/\/bodhivita.cat\/#\/schema\/logo\/image\/"},"sameAs":["https:\/\/www.facebook.com\/bodhivita\/","https:\/\/www.instagram.com\/bodhivita"]}]}},"_links":{"self":[{"href":"https:\/\/bodhivita.cat\/es\/wp-json\/wp\/v2\/pages\/3471","targetHints":{"allow":["GET"]}}],"collection":[{"href":"https:\/\/bodhivita.cat\/es\/wp-json\/wp\/v2\/pages"}],"about":[{"href":"https:\/\/bodhivita.cat\/es\/wp-json\/wp\/v2\/types\/page"}],"author":[{"embeddable":true,"href":"https:\/\/bodhivita.cat\/es\/wp-json\/wp\/v2\/users\/14"}],"replies":[{"embeddable":true,"href":"https:\/\/bodhivita.cat\/es\/wp-json\/wp\/v2\/comments?post=3471"}],"version-history":[{"count":4,"href":"https:\/\/bodhivita.cat\/es\/wp-json\/wp\/v2\/pages\/3471\/revisions"}],"predecessor-version":[{"id":3482,"href":"https:\/\/bodhivita.cat\/es\/wp-json\/wp\/v2\/pages\/3471\/revisions\/3482"}],"wp:attachment":[{"href":"https:\/\/bodhivita.cat\/es\/wp-json\/wp\/v2\/media?parent=3471"}],"curies":[{"name":"wp","href":"https:\/\/api.w.org\/{rel}","templated":true}]}}