{"id":3691,"date":"2026-01-09T13:43:04","date_gmt":"2026-01-09T11:43:04","guid":{"rendered":"https:\/\/bodhivita.cat\/politica-de-redes-sociales\/"},"modified":"2026-01-09T16:06:45","modified_gmt":"2026-01-09T14:06:45","slug":"politica-de-redes-sociales","status":"publish","type":"page","link":"https:\/\/bodhivita.cat\/es\/politica-de-redes-sociales\/","title":{"rendered":"Pol\u00edtica de Redes Sociales"},"content":{"rendered":"\t\t<div data-elementor-type=\"wp-page\" data-elementor-id=\"3691\" class=\"elementor elementor-3691 elementor-3679\" data-elementor-post-type=\"page\">\n\t\t\t\t<div class=\"elementor-element elementor-element-e0c444e e-flex e-con-boxed e-con e-parent\" data-id=\"e0c444e\" data-element_type=\"container\" data-e-type=\"container\">\n\t\t\t\t\t<div class=\"e-con-inner\">\n\t\t\t\t<div class=\"elementor-element elementor-element-f1f43e9 elementor-widget elementor-widget-heading\" data-id=\"f1f43e9\" data-element_type=\"widget\" data-e-type=\"widget\" data-widget_type=\"heading.default\">\n\t\t\t\t\t<h2 class=\"elementor-heading-title elementor-size-default\">Pol\u00edtica de Redes Sociales<\/h2>\t\t\t\t<\/div>\n\t\t\t\t\t<\/div>\n\t\t\t\t<\/div>\n\t\t<div class=\"elementor-element elementor-element-6742a2d e-flex e-con-boxed e-con e-parent\" data-id=\"6742a2d\" data-element_type=\"container\" data-e-type=\"container\">\n\t\t\t\t\t<div class=\"e-con-inner\">\n\t\t\t\t<div class=\"elementor-element elementor-element-b44a8c5 elementor-widget elementor-widget-text-editor\" data-id=\"b44a8c5\" data-element_type=\"widget\" data-e-type=\"widget\" data-widget_type=\"text-editor.default\">\n\t\t\t\t\t\t\t\t\t<p><strong>  INFORMACI\u00d3N AL USUARIO<\/strong><\/p>\n<p>\u00bfQui\u00e9n es el responsable del tratamiento de tus datos personales?<\/p>\n<p>BODHIVITA FISIOTERAPEUTAS, SCP en adelante, RESPONSABLE, informa al USUARIO que ha procedido a crear un perfil en las Redes SocialesFacebook, Instagram, Twitter, LinkedIn, Youtube, Vimeo y Google+ que es el responsable del tratamiento de los datos personales del usuario que trata con estos datos que se lleve a cabo en estas redes sociales y le informa de 2016\/679, de 27 de abril (GDPR), y la Ley Org\u00e1nica 3\/2018, de 5 de diciembre (LOPDGDD), por lo que se le facilita la siguiente informaci\u00f3n del tratamiento:<\/p>\n<p>\u00bfPor qu\u00e9 tratamos tus datos personales?<\/p>\n<p>Fin del tratamiento: mantener una relaci\u00f3n entre el USUARIO y el RESPONSABLE que puede incluir las siguientes operaciones:<\/p>\n<ul>\n<li>Tramitar solicitudes y consultas planteadas al responsable<\/li>\n<li>Informar sobre actividades y eventos organizados por el responsable<\/li>\n<li>Informar sobre productos o servicios ofrecidos por el responsable<\/li>\n<li>Interactuar a trav\u00e9s de los perfiles oficiales\n<\/li>\n<\/ul>\n<p>\u00bfPor qu\u00e9 podemos tratar los datos personales?<\/p>\n<p>Base jur\u00eddica del tratamiento: art\u00edculo 6.1.a GDPR, el interesado ha dado su consentimiento para el tratamiento de sus datos personales para uno o varios fines espec\u00edficos. El USUARIO dispone de un perfil en la misma red social y ha decidido unirse a la red social del RESPONSABLE mostrando as\u00ed inter\u00e9s en la informaci\u00f3n que se publique, por tanto, en el momento de solicitar seguir nuestros perfiles oficiales, nos facilita su consentimiento para el tratamiento de aquellos datos personales publicados en su perfil. <\/p>\n<p>El USUARIO puede acceder en todo momento a las pol\u00edticas de privacidad de la propia red social, as\u00ed como configurar su perfil para garantizar su privacidad.<\/p>\n<p>El RESPONSABLE tiene acceso y trata aquella informaci\u00f3n p\u00fablica del USUARIO, en especial, el nombre de contacto. Estos datos s\u00f3lo son utilizados dentro de la propia red social y \u00fanicamente se incorporar\u00e1n a un fichero del RESPONSABLE cuando sea necesario para tramitar la petici\u00f3n del USUARIO. <\/p>\n<p>\u00bfDurante cu\u00e1nto tiempo guardaremos tus datos personales?<\/p>\n<p>Criterios de conservaci\u00f3n de los datos: se conservar\u00e1n mientras el USUARIO no revoque el consentimiento prestado tal y como se indica en esta pol\u00edtica de privacidad.<\/p>\n<p>\u00bfA qui\u00e9n facilitamos tus datos personales?<\/p>\n<p>Comunicaci\u00f3n de los datos: la informaci\u00f3n facilitada por el USUARIO a trav\u00e9s de las redes sociales del RESPONSABLE, incluidos los datos personales, puede ser publicada, siempre en funci\u00f3n de los servicios que el USUARIO utilice, por lo que podr\u00e1 quedar a disposici\u00f3n p\u00fablica de otros terceros usuarios de las redes sociales. Desde el perfil de cada red social, el USUARIO puede configurar qu\u00e9 informaci\u00f3n quiere hacer p\u00fablica en cada caso, ver los permisos concedidos, eliminarlos o desactivarlos, como cualquier aplicaci\u00f3n de un tercero que ya no se quiere utilizar. <\/p>\n<p>No est\u00e1 prevista ninguna comunicaci\u00f3n de datos personales a terceros fuera de la red social salvo, si fuera imprescindible para el desarrollo y ejecuci\u00f3n de los fines del tratamiento, a nuestros proveedores de servicios relacionados con comunicaciones, con los que el RESPONSABLE tiene suscritos los contratos de confidencialidad y encargado de tratamiento exigidos por la normativa vigente de privacidad.<\/p>\n<p>\u00bfCu\u00e1les son tus derechos?<\/p>\n<p>Derechos que asisten al USUARIO: s\u00f3lo podr\u00e1n satisfacerse en relaci\u00f3n a aquella informaci\u00f3n que se encuentra bajo el control del RESPONSABLE.<\/p>\n<ul>\n<li>Derecho a retirar el consentimiento en cualquier momento<\/li>\n<li>Derecho de acceso, rectificaci\u00f3n, portabilidad y supresi\u00f3n de sus datos, y de limitaci\u00f3n u oposici\u00f3n al tratamiento<\/li>\n<li>Derecho a presentar una reclamaci\u00f3n ante la autoridad de control (www.aepd.es) si considera que el tratamiento no se ajusta a la normativa vigente\n<\/li>\n<\/ul>\n<p>Datos de contacto para ejercer sus derechos:<\/p>\n<p>Denominaci\u00f3n social: BODHIVITA FISIOTERAPEUTAS, SCP<\/p>\n<p>NIF:J-67449116<\/p>\n<p>Direcci\u00f3n: C. Concepci\u00f3n Arenal, 293 local 108030 BARCELONA<\/p>\n<p>E-mail: santandreu@bodhivita.cat<\/p>\n<p><strong>  UTILIZACI\u00d3N DEL PERFIL<\/strong><\/p>\n<p>El RESPONSABLE realizar\u00e1 las siguientes actuaciones:<\/p>\n<ul>\n<li>Acceso a la informaci\u00f3n p\u00fablica del perfil<\/li>\n<li>Publicaci\u00f3n en el perfil del USUARIO de toda aquella informaci\u00f3n ya publicada en la red social del RESPONSABLE<\/li>\n<li>Enviar mensajes personales e individuales a trav\u00e9s de los canales de la red social<\/li>\n<li>Actualizaciones del estado de la p\u00e1gina que se publicar\u00e1n en el perfil del USUARIO<\/li>\n<\/ul>\n<p>El USUARIO siempre puede controlar las conexiones, eliminar los contenidos que dejen de interesarle y restringir con quien comparte las conexiones; por eso deber\u00e1 acceder a su configuraci\u00f3n de privacidad.<\/p>\n<p><strong>  PUBLICACIONES<\/strong><\/p>\n<p>El USUARIO, una vez sea seguidor o se haya unido a la red social del RESPONSABLE, podr\u00e1 publicar en estos comentarios, enlaces, im\u00e1genes, fotograf\u00edas o cualquier otro tipo de contenido multimedia soportado por \u00e9sta. El USUARIO, en todos los casos, debe ser el titular del contenido publicado, gozar de los derechos de autor y de propiedad intelectual o contar con el consentimiento de los terceros afectados. <\/p>\n<p>Se proh\u00edbe expresamente cualquier publicaci\u00f3n en la red social, ya sean textos, gr\u00e1ficos, fotograf\u00edas, v\u00eddeos, etc. que atenten o sean susceptibles de atentar contra la moral, la \u00e9tica, el buen gusto o el decoro, y\/o que infrinjan, violen o rompan los derechos de propiedad intelectual o industrial, el derecho a la imagen o la ley.<\/p>\n<p>En estos casos, el RESPONSABLE se reserva el derecho de retirar de inmediato el contenido, sin comunicaci\u00f3n previa, pudiendo solicitar el bloqueo permanente del USUARIO.<\/p>\n<p>El RESPONSABLE no se har\u00e1 responsable de los contenidos que libremente ha publicado un USUARIO.<\/p>\n<p>El USUARIO debe tener presente que sus publicaciones ser\u00e1n conocidas por otros usuarios, por lo que \u00e9l mismo es el principal responsable de su privacidad.<\/p>\n<p>Las im\u00e1genes que puedan publicarse en la red social no ser\u00e1n almacenadas en ning\u00fan fichero por parte del RESPONSABLE, pero s\u00ed permanecer\u00e1n en la red social.<\/p>\n<p><strong>  DATOS DE MENORES DE EDAD O PERSONAS CON CAPACIDADES ESPECIALES<\/strong><\/p>\n<p>El acceso y registro a trav\u00e9s de las redes sociales del RESPONSABLE est\u00e1 prohibido a menores de 14 a\u00f1os. Por su parte, si el USUARIO tiene capacidades especiales, ser\u00e1 necesaria la intervenci\u00f3n del titular de su patria potestad o tutela, o de su representante legal mediante documento v\u00e1lido que acredite la representaci\u00f3n. <\/p>\n<p>El RESPONSABLE quedar\u00e1 exonerado expresamente de cualquier responsabilidad que pudiera derivarse del uso de las redes sociales por parte de menores o personas con capacidades especiales. Las redes sociales del RESPONSABLE no recogen conscientemente ninguna informaci\u00f3n personal de menores de edad, por eso, si el USUARIO es menor de edad, no se debe registrar ni utilizar las redes sociales del RESPONSABLE ni proporcionar informaci\u00f3n personal alguna. <\/p>\t\t\t\t\t\t\t\t<\/div>\n\t\t\t\t\t<\/div>\n\t\t\t\t<\/div>\n\t\t\t\t<\/div>\n\t\t","protected":false},"excerpt":{"rendered":"<p>Pol\u00edtica de Redes Sociales INFORMACI\u00d3N AL USUARIO \u00bfQui\u00e9n es el responsable del tratamiento de tus datos personales? BODHIVITA FISIOTERAPEUTAS, SCP en adelante, RESPONSABLE, informa al USUARIO que ha procedido a crear un perfil en las Redes SocialesFacebook, Instagram, Twitter, LinkedIn, Youtube, Vimeo y Google+ que es el responsable del tratamiento de los datos personales del [&hellip;]<\/p>\n","protected":false},"author":14,"featured_media":0,"parent":0,"menu_order":0,"comment_status":"closed","ping_status":"closed","template":"","meta":{"_monsterinsights_skip_tracking":false,"_monsterinsights_sitenote_active":false,"_monsterinsights_sitenote_note":"","_monsterinsights_sitenote_category":0,"_joinchat":[],"footnotes":""},"class_list":["post-3691","page","type-page","status-publish","hentry"],"yoast_head":"<!-- This site is optimized with the Yoast SEO plugin v27.3 - https:\/\/yoast.com\/product\/yoast-seo-wordpress\/ -->\n<title>Pol\u00edtica de Redes Sociales - Fisioterapeutes i Oste\u00f2pates a Sant Andreu (Barcelona) | Bodhivita<\/title>\n<meta name=\"robots\" content=\"noindex, nofollow\" \/>\n<meta property=\"og:locale\" content=\"es_ES\" \/>\n<meta property=\"og:type\" content=\"article\" \/>\n<meta property=\"og:title\" content=\"Pol\u00edtica de Redes Sociales - Fisioterapeutes i Oste\u00f2pates a Sant Andreu (Barcelona) | Bodhivita\" \/>\n<meta property=\"og:description\" content=\"Pol\u00edtica de Redes Sociales INFORMACI\u00d3N AL USUARIO \u00bfQui\u00e9n es el responsable del tratamiento de tus datos personales? BODHIVITA FISIOTERAPEUTAS, SCP en adelante, RESPONSABLE, informa al USUARIO que ha procedido a crear un perfil en las Redes SocialesFacebook, Instagram, Twitter, LinkedIn, Youtube, Vimeo y Google+ que es el responsable del tratamiento de los datos personales del [&hellip;]\" \/>\n<meta property=\"og:url\" content=\"https:\/\/bodhivita.cat\/es\/politica-de-redes-sociales\/\" \/>\n<meta property=\"og:site_name\" content=\"Fisioterapeutes i Oste\u00f2pates a Sant Andreu (Barcelona) | Bodhivita\" \/>\n<meta property=\"article:publisher\" content=\"https:\/\/www.facebook.com\/bodhivita\/\" \/>\n<meta property=\"article:modified_time\" content=\"2026-01-09T14:06:45+00:00\" \/>\n<meta name=\"twitter:card\" content=\"summary_large_image\" \/>\n<meta name=\"twitter:label1\" content=\"Tiempo de lectura\" \/>\n\t<meta name=\"twitter:data1\" content=\"6 minutos\" \/>\n<!-- \/ Yoast SEO plugin. -->","yoast_head_json":{"title":"Pol\u00edtica de Redes Sociales - Fisioterapeutes i Oste\u00f2pates a Sant Andreu (Barcelona) | Bodhivita","robots":{"index":"noindex","follow":"nofollow"},"og_locale":"es_ES","og_type":"article","og_title":"Pol\u00edtica de Redes Sociales - Fisioterapeutes i Oste\u00f2pates a Sant Andreu (Barcelona) | Bodhivita","og_description":"Pol\u00edtica de Redes Sociales INFORMACI\u00d3N AL USUARIO \u00bfQui\u00e9n es el responsable del tratamiento de tus datos personales? BODHIVITA FISIOTERAPEUTAS, SCP en adelante, RESPONSABLE, informa al USUARIO que ha procedido a crear un perfil en las Redes SocialesFacebook, Instagram, Twitter, LinkedIn, Youtube, Vimeo y Google+ que es el responsable del tratamiento de los datos personales del [&hellip;]","og_url":"https:\/\/bodhivita.cat\/es\/politica-de-redes-sociales\/","og_site_name":"Fisioterapeutes i Oste\u00f2pates a Sant Andreu (Barcelona) | Bodhivita","article_publisher":"https:\/\/www.facebook.com\/bodhivita\/","article_modified_time":"2026-01-09T14:06:45+00:00","twitter_card":"summary_large_image","twitter_misc":{"Tiempo de lectura":"6 minutos"},"schema":{"@context":"https:\/\/schema.org","@graph":[{"@type":"WebPage","@id":"https:\/\/bodhivita.cat\/es\/politica-de-redes-sociales\/","url":"https:\/\/bodhivita.cat\/es\/politica-de-redes-sociales\/","name":"Pol\u00edtica de Redes Sociales - Fisioterapeutes i Oste\u00f2pates a Sant Andreu (Barcelona) | Bodhivita","isPartOf":{"@id":"https:\/\/bodhivita.cat\/#website"},"datePublished":"2026-01-09T11:43:04+00:00","dateModified":"2026-01-09T14:06:45+00:00","breadcrumb":{"@id":"https:\/\/bodhivita.cat\/es\/politica-de-redes-sociales\/#breadcrumb"},"inLanguage":"es","potentialAction":[{"@type":"ReadAction","target":["https:\/\/bodhivita.cat\/es\/politica-de-redes-sociales\/"]}]},{"@type":"BreadcrumbList","@id":"https:\/\/bodhivita.cat\/es\/politica-de-redes-sociales\/#breadcrumb","itemListElement":[{"@type":"ListItem","position":1,"name":"Portada","item":"https:\/\/bodhivita.cat\/es\/inici\/"},{"@type":"ListItem","position":2,"name":"Pol\u00edtica de Redes Sociales"}]},{"@type":"WebSite","@id":"https:\/\/bodhivita.cat\/#website","url":"https:\/\/bodhivita.cat\/","name":"BODHIVITA","description":"Tractaments de fisioter\u00e0pia, osteopatia, acupuntura i nutrici\u00f3 a Sant Andreu (Barcelona). Salut integrativa amb professionals especialitzats.","publisher":{"@id":"https:\/\/bodhivita.cat\/#organization"},"potentialAction":[{"@type":"SearchAction","target":{"@type":"EntryPoint","urlTemplate":"https:\/\/bodhivita.cat\/?s={search_term_string}"},"query-input":{"@type":"PropertyValueSpecification","valueRequired":true,"valueName":"search_term_string"}}],"inLanguage":"es"},{"@type":"Organization","@id":"https:\/\/bodhivita.cat\/#organization","name":"Fisioter\u00e0pia, osteopatia i ter\u00e0pies naturals a Sant Andreu, Barcelona | BodhiVita","url":"https:\/\/bodhivita.cat\/","logo":{"@type":"ImageObject","inLanguage":"es","@id":"https:\/\/bodhivita.cat\/#\/schema\/logo\/image\/","url":"https:\/\/bodhivita.cat\/wp-content\/uploads\/2019\/06\/cropped-bodhivita-web-1.png","contentUrl":"https:\/\/bodhivita.cat\/wp-content\/uploads\/2019\/06\/cropped-bodhivita-web-1.png","width":512,"height":512,"caption":"Fisioter\u00e0pia, osteopatia i ter\u00e0pies naturals a Sant Andreu, Barcelona | BodhiVita"},"image":{"@id":"https:\/\/bodhivita.cat\/#\/schema\/logo\/image\/"},"sameAs":["https:\/\/www.facebook.com\/bodhivita\/","https:\/\/www.instagram.com\/bodhivita"]}]}},"_links":{"self":[{"href":"https:\/\/bodhivita.cat\/es\/wp-json\/wp\/v2\/pages\/3691","targetHints":{"allow":["GET"]}}],"collection":[{"href":"https:\/\/bodhivita.cat\/es\/wp-json\/wp\/v2\/pages"}],"about":[{"href":"https:\/\/bodhivita.cat\/es\/wp-json\/wp\/v2\/types\/page"}],"author":[{"embeddable":true,"href":"https:\/\/bodhivita.cat\/es\/wp-json\/wp\/v2\/users\/14"}],"replies":[{"embeddable":true,"href":"https:\/\/bodhivita.cat\/es\/wp-json\/wp\/v2\/comments?post=3691"}],"version-history":[{"count":4,"href":"https:\/\/bodhivita.cat\/es\/wp-json\/wp\/v2\/pages\/3691\/revisions"}],"predecessor-version":[{"id":3716,"href":"https:\/\/bodhivita.cat\/es\/wp-json\/wp\/v2\/pages\/3691\/revisions\/3716"}],"wp:attachment":[{"href":"https:\/\/bodhivita.cat\/es\/wp-json\/wp\/v2\/media?parent=3691"}],"curies":[{"name":"wp","href":"https:\/\/api.w.org\/{rel}","templated":true}]}}