{"id":3794,"date":"2026-02-02T14:21:35","date_gmt":"2026-02-02T12:21:35","guid":{"rendered":"https:\/\/bodhivita.cat\/ariadna-espasa\/"},"modified":"2026-02-02T14:21:37","modified_gmt":"2026-02-02T12:21:37","slug":"ariadna-espasa","status":"publish","type":"page","link":"https:\/\/bodhivita.cat\/es\/ariadna-espasa\/","title":{"rendered":"Ariadna Espasa"},"content":{"rendered":"\t\t<div data-elementor-type=\"wp-page\" data-elementor-id=\"3794\" class=\"elementor elementor-3794 elementor-2885\" data-elementor-post-type=\"page\">\n\t\t\t\t\t\t<section class=\"elementor-section elementor-top-section elementor-element elementor-element-d69f852 elementor-section-boxed elementor-section-height-default elementor-section-height-default\" data-id=\"d69f852\" data-element_type=\"section\" data-e-type=\"section\">\n\t\t\t\t\t\t<div class=\"elementor-container elementor-column-gap-default\">\n\t\t\t\t\t<div class=\"elementor-column elementor-col-33 elementor-top-column elementor-element elementor-element-0beaa4b\" data-id=\"0beaa4b\" data-element_type=\"column\" data-e-type=\"column\">\n\t\t\t<div class=\"elementor-widget-wrap elementor-element-populated\">\n\t\t\t\t\t\t<div class=\"elementor-element elementor-element-08efd7a elementor-widget elementor-widget-image\" data-id=\"08efd7a\" data-element_type=\"widget\" data-e-type=\"widget\" data-widget_type=\"image.default\">\n\t\t\t\t\t\t\t\t\t\t\t\t\t\t\t<img fetchpriority=\"high\" decoding=\"async\" width=\"800\" height=\"800\" src=\"https:\/\/bodhivita.cat\/wp-content\/uploads\/2025\/04\/WhatsApp-Image-2025-04-07-at-08.52.26.jpeg\" class=\"attachment-large size-large wp-image-2880\" alt=\"\" srcset=\"https:\/\/bodhivita.cat\/wp-content\/uploads\/2025\/04\/WhatsApp-Image-2025-04-07-at-08.52.26.jpeg 862w, https:\/\/bodhivita.cat\/wp-content\/uploads\/2025\/04\/WhatsApp-Image-2025-04-07-at-08.52.26-300x300.jpeg 300w, https:\/\/bodhivita.cat\/wp-content\/uploads\/2025\/04\/WhatsApp-Image-2025-04-07-at-08.52.26-150x150.jpeg 150w, https:\/\/bodhivita.cat\/wp-content\/uploads\/2025\/04\/WhatsApp-Image-2025-04-07-at-08.52.26-768x768.jpeg 768w\" sizes=\"(max-width: 800px) 100vw, 800px\" \/>\t\t\t\t\t\t\t\t\t\t\t\t\t\t\t<\/div>\n\t\t\t\t\t<\/div>\n\t\t<\/div>\n\t\t\t\t<div class=\"elementor-column elementor-col-66 elementor-top-column elementor-element elementor-element-dbf13bb\" data-id=\"dbf13bb\" data-element_type=\"column\" data-e-type=\"column\">\n\t\t\t<div class=\"elementor-widget-wrap elementor-element-populated\">\n\t\t\t\t\t\t<div class=\"elementor-element elementor-element-01151ba elementor-widget elementor-widget-heading\" data-id=\"01151ba\" data-element_type=\"widget\" data-e-type=\"widget\" data-widget_type=\"heading.default\">\n\t\t\t\t\t<h1 class=\"elementor-heading-title elementor-size-default\">Ariadna Espasa<\/h1>\t\t\t\t<\/div>\n\t\t\t\t<div class=\"elementor-element elementor-element-b4caa0d elementor-widget elementor-widget-text-editor\" data-id=\"b4caa0d\" data-element_type=\"widget\" data-e-type=\"widget\" data-widget_type=\"text-editor.default\">\n\t\t\t\t\t\t\t\t\t<p>Fisioterapeuta<\/p>\t\t\t\t\t\t\t\t<\/div>\n\t\t\t\t<div class=\"elementor-element elementor-element-ea16e8b elementor-widget elementor-widget-text-editor\" data-id=\"ea16e8b\" data-element_type=\"widget\" data-e-type=\"widget\" data-widget_type=\"text-editor.default\">\n\t\t\t\t\t\t\t\t\t<p><span style=\"font-weight: 400;\">\u201cEl meu treball est\u00e0 dirigit principalment en la recuperaci\u00f3 de les disfuncions osteo-musculars. Una visi\u00f3 de la persona global, on l&#8217;objetiu \u00e9s aconseguir una harmonitzaci\u00f3 estructural, flu\u00eddica i energ\u00e8tica, i poder oferir eines al pacient per millorar la seva qualitat de vida. Crec en la import\u00e0ncia de fomentar h\u00e0bits saludables, on l&#8217;activitat f\u00edsica, l&#8217;alimentaci\u00f3 i la gesti\u00f3 emocional s\u00f3n els pilars b\u00e0sics.\u00bb  <\/span><\/p>\t\t\t\t\t\t\t\t<\/div>\n\t\t\t\t\t<\/div>\n\t\t<\/div>\n\t\t\t\t\t<\/div>\n\t\t<\/section>\n\t\t\t\t<section class=\"elementor-section elementor-top-section elementor-element elementor-element-b04d854 elementor-section-boxed elementor-section-height-default elementor-section-height-default\" data-id=\"b04d854\" data-element_type=\"section\" data-e-type=\"section\">\n\t\t\t\t\t\t<div class=\"elementor-container elementor-column-gap-default\">\n\t\t\t\t\t<div class=\"elementor-column elementor-col-100 elementor-top-column elementor-element elementor-element-09cc988\" data-id=\"09cc988\" data-element_type=\"column\" data-e-type=\"column\">\n\t\t\t<div class=\"elementor-widget-wrap elementor-element-populated\">\n\t\t\t\t\t\t<div class=\"elementor-element elementor-element-98b98e4 elementor-widget elementor-widget-heading\" data-id=\"98b98e4\" data-element_type=\"widget\" data-e-type=\"widget\" data-widget_type=\"heading.default\">\n\t\t\t\t\t<h2 class=\"elementor-heading-title elementor-size-default\">Experiencia:<\/h2>\t\t\t\t<\/div>\n\t\t\t\t<div class=\"elementor-element elementor-element-06135d2 elementor-widget elementor-widget-text-editor\" data-id=\"06135d2\" data-element_type=\"widget\" data-e-type=\"widget\" data-widget_type=\"text-editor.default\">\n\t\t\t\t\t\t\t\t\t<p class=\"\" data-start=\"85\" data-end=\"705\">He desenvolupat la meva traject\u00f2ria com a fisioterapeuta des de l\u2019any 2008, exercint en diferents centres sanitaris i esportius de refer\u00e8ncia a Barcelona, com ara l\u2019Hospital de Sant Pau, diversos centres de rehabilitaci\u00f3 i clubs esportius com el Club Nataci\u00f3 Sant Andreu o el Club Nataci\u00f3 Atl\u00e8tic Barceloneta. Durant m\u00e9s de deu anys, he combinat la fisioter\u00e0pia cl\u00ednica amb la doc\u00e8ncia del Pilates terap\u00e8utic i l\u2019aquater\u00e0pia, adaptant-me a les necessitats espec\u00edfiques de cada pacient i entorn. Des de l\u2019any 2019, exerceixo la meva professi\u00f3 al centre Dot Salut, a Sant Feliu de Llobregat.  <\/p><p class=\"\" data-start=\"707\" data-end=\"1083\"><strong data-start=\"707\" data-end=\"757\">Experiencia en formaci\u00f3n y promoci\u00f3n de la salud<\/strong><br data-start=\"757\" data-end=\"760\"> Tambi\u00e9n he colaborado en formaciones dirigidas a profesionales en el \u00e1mbito de la salud laboral y la prevenci\u00f3n de riesgos, participando como docente con ITAE Empresas desde 2022. A trav\u00e9s de estas acciones, he contribuido a la mejora de las condiciones ergon\u00f3micas y el bienestar de los trabajadores en entornos laborales diversos. <\/p>\t\t\t\t\t\t\t\t<\/div>\n\t\t\t\t\t<\/div>\n\t\t<\/div>\n\t\t\t\t\t<\/div>\n\t\t<\/section>\n\t\t\t\t<section class=\"elementor-section elementor-top-section elementor-element elementor-element-5a805c3 elementor-section-boxed elementor-section-height-default elementor-section-height-default\" data-id=\"5a805c3\" data-element_type=\"section\" data-e-type=\"section\">\n\t\t\t\t\t\t<div class=\"elementor-container elementor-column-gap-default\">\n\t\t\t\t\t<div class=\"elementor-column elementor-col-100 elementor-top-column elementor-element elementor-element-5f4cac8\" data-id=\"5f4cac8\" data-element_type=\"column\" data-e-type=\"column\">\n\t\t\t<div class=\"elementor-widget-wrap elementor-element-populated\">\n\t\t\t\t\t\t<div class=\"elementor-element elementor-element-7932a8f elementor-widget elementor-widget-heading\" data-id=\"7932a8f\" data-element_type=\"widget\" data-e-type=\"widget\" data-widget_type=\"heading.default\">\n\t\t\t\t\t<h2 class=\"elementor-heading-title elementor-size-default\">Formaci\u00f3n:\n<\/h2>\t\t\t\t<\/div>\n\t\t\t\t<div class=\"elementor-element elementor-element-15fc846 elementor-widget elementor-widget-text-editor\" data-id=\"15fc846\" data-element_type=\"widget\" data-e-type=\"widget\" data-widget_type=\"text-editor.default\">\n\t\t\t\t\t\t\t\t\t<ul><li>2003 \u2013 2005: Bachillerato Ciencias de la Salud Escuela Jes\u00fas Maria de Sant Andreu<\/li><li>2005 \u2013 2008: Diplomatura de Fisioterapia en EUINF Blanquerna (URL)<\/li><li>2013 &#8211; 2015: Postgrado de Acupuntura por Fisioterapeutas en Universidad Internacional de Catalu\u00f1a (UIC)<\/li><li>2016 &#8211; 2018: Postgrado de Osteopat\u00eda Informacional Energ\u00e9tica en Universidad Internacional de Catalu\u00f1a (UIC)<\/li><li>2019 \u2013 2020: Postgrado en Terapias Fasciales: normalizaci\u00f3n esquel\u00e9tica y visceral. Escuela Universitaria Gimberat (EUG) <\/li><\/ul><div> <\/div><div><strong>OTROS CURSOS<\/strong><\/div><ul><li>2009: Curso de Crochetage Mio-Aponeurotique (Blanquerna &#8211; 30h)<\/li><li>2010: Curso de T\u00e9cnicas de Energ\u00eda Muscular (UIC-40h)<\/li><li>2011: Curso de Vendaj Neuromuscular (UIC &#8211; 15h)<\/li><li>2012: Curso de Pilates por Fisioterapeutas (UIC &#8211; 30h)<\/li><li>2013: Curso introductorio de Neurodinamia (Colegio de Fisioterapeutas-24h)<\/li><li>2018: Curso de Valoraci\u00f3n y tratamiento de la ATM: disfunci\u00f3n craneomandibular (Fisiofocus \u2013 20h)<\/li><li>2019: Curso de Terapia manual visceral (Fisiofocus \u2013 20h)<\/li><li>2021: M\u00f3dulo 1 y 2 del Curso de T\u00e9cnicas Manipulativas y Miotensivas de Miquel \u00c0ngel Cos (CursosFisios -100h)<\/li><li>2022: Curso de Punci\u00f3n Seca (Fisiofocus &#8211; 60h)<\/li><\/ul>\t\t\t\t\t\t\t\t<\/div>\n\t\t\t\t\t<\/div>\n\t\t<\/div>\n\t\t\t\t\t<\/div>\n\t\t<\/section>\n\t\t\t\t<\/div>\n\t\t","protected":false},"excerpt":{"rendered":"<p>Ariadna Espasa Fisioterapeuta \u201cEl meu treball est\u00e0 dirigit principalment en la recuperaci\u00f3 de les disfuncions osteo-musculars. Una visi\u00f3 de la persona global, on l&#8217;objetiu \u00e9s aconseguir una harmonitzaci\u00f3 estructural, flu\u00eddica i energ\u00e8tica, i poder oferir eines al pacient per millorar la seva qualitat de vida. Crec en la import\u00e0ncia de fomentar h\u00e0bits saludables, on l&#8217;activitat [&hellip;]<\/p>\n","protected":false},"author":14,"featured_media":0,"parent":0,"menu_order":0,"comment_status":"closed","ping_status":"closed","template":"","meta":{"_monsterinsights_skip_tracking":false,"_monsterinsights_sitenote_active":false,"_monsterinsights_sitenote_note":"","_monsterinsights_sitenote_category":0,"_joinchat":[],"footnotes":""},"class_list":["post-3794","page","type-page","status-publish","hentry"],"yoast_head":"<!-- This site is optimized with the Yoast SEO plugin v27.3 - https:\/\/yoast.com\/product\/yoast-seo-wordpress\/ -->\n<title>Ariadna Espasa - Fisioterapeutes i Oste\u00f2pates a Sant Andreu (Barcelona) | Bodhivita<\/title>\n<meta name=\"robots\" content=\"index, follow, max-snippet:-1, max-image-preview:large, max-video-preview:-1\" \/>\n<link rel=\"canonical\" href=\"https:\/\/bodhivita.cat\/es\/ariadna-espasa\/\" \/>\n<meta property=\"og:locale\" content=\"es_ES\" \/>\n<meta property=\"og:type\" content=\"article\" \/>\n<meta property=\"og:title\" content=\"Ariadna Espasa - Fisioterapeutes i Oste\u00f2pates a Sant Andreu (Barcelona) | Bodhivita\" \/>\n<meta property=\"og:description\" content=\"Ariadna Espasa Fisioterapeuta \u201cEl meu treball est\u00e0 dirigit principalment en la recuperaci\u00f3 de les disfuncions osteo-musculars. Una visi\u00f3 de la persona global, on l&#8217;objetiu \u00e9s aconseguir una harmonitzaci\u00f3 estructural, flu\u00eddica i energ\u00e8tica, i poder oferir eines al pacient per millorar la seva qualitat de vida. Crec en la import\u00e0ncia de fomentar h\u00e0bits saludables, on l&#8217;activitat [&hellip;]\" \/>\n<meta property=\"og:url\" content=\"https:\/\/bodhivita.cat\/es\/ariadna-espasa\/\" \/>\n<meta property=\"og:site_name\" content=\"Fisioterapeutes i Oste\u00f2pates a Sant Andreu (Barcelona) | Bodhivita\" \/>\n<meta property=\"article:publisher\" content=\"https:\/\/www.facebook.com\/bodhivita\/\" \/>\n<meta property=\"article:modified_time\" content=\"2026-02-02T12:21:37+00:00\" \/>\n<meta property=\"og:image\" content=\"https:\/\/bodhivita.cat\/wp-content\/uploads\/2025\/04\/WhatsApp-Image-2025-04-07-at-08.52.26.jpeg\" \/>\n\t<meta property=\"og:image:width\" content=\"862\" \/>\n\t<meta property=\"og:image:height\" content=\"862\" \/>\n\t<meta property=\"og:image:type\" content=\"image\/jpeg\" \/>\n<meta name=\"twitter:card\" content=\"summary_large_image\" \/>\n<meta name=\"twitter:label1\" content=\"Tiempo de lectura\" \/>\n\t<meta name=\"twitter:data1\" content=\"2 minutos\" \/>\n<!-- \/ Yoast SEO plugin. -->","yoast_head_json":{"title":"Ariadna Espasa - Fisioterapeutes i Oste\u00f2pates a Sant Andreu (Barcelona) | Bodhivita","robots":{"index":"index","follow":"follow","max-snippet":"max-snippet:-1","max-image-preview":"max-image-preview:large","max-video-preview":"max-video-preview:-1"},"canonical":"https:\/\/bodhivita.cat\/es\/ariadna-espasa\/","og_locale":"es_ES","og_type":"article","og_title":"Ariadna Espasa - Fisioterapeutes i Oste\u00f2pates a Sant Andreu (Barcelona) | Bodhivita","og_description":"Ariadna Espasa Fisioterapeuta \u201cEl meu treball est\u00e0 dirigit principalment en la recuperaci\u00f3 de les disfuncions osteo-musculars. Una visi\u00f3 de la persona global, on l&#8217;objetiu \u00e9s aconseguir una harmonitzaci\u00f3 estructural, flu\u00eddica i energ\u00e8tica, i poder oferir eines al pacient per millorar la seva qualitat de vida. Crec en la import\u00e0ncia de fomentar h\u00e0bits saludables, on l&#8217;activitat [&hellip;]","og_url":"https:\/\/bodhivita.cat\/es\/ariadna-espasa\/","og_site_name":"Fisioterapeutes i Oste\u00f2pates a Sant Andreu (Barcelona) | Bodhivita","article_publisher":"https:\/\/www.facebook.com\/bodhivita\/","article_modified_time":"2026-02-02T12:21:37+00:00","og_image":[{"width":862,"height":862,"url":"https:\/\/bodhivita.cat\/wp-content\/uploads\/2025\/04\/WhatsApp-Image-2025-04-07-at-08.52.26.jpeg","type":"image\/jpeg"}],"twitter_card":"summary_large_image","twitter_misc":{"Tiempo de lectura":"2 minutos"},"schema":{"@context":"https:\/\/schema.org","@graph":[{"@type":"WebPage","@id":"https:\/\/bodhivita.cat\/es\/ariadna-espasa\/","url":"https:\/\/bodhivita.cat\/es\/ariadna-espasa\/","name":"Ariadna Espasa - Fisioterapeutes i Oste\u00f2pates a Sant Andreu (Barcelona) | Bodhivita","isPartOf":{"@id":"https:\/\/bodhivita.cat\/#website"},"primaryImageOfPage":{"@id":"https:\/\/bodhivita.cat\/es\/ariadna-espasa\/#primaryimage"},"image":{"@id":"https:\/\/bodhivita.cat\/es\/ariadna-espasa\/#primaryimage"},"thumbnailUrl":"https:\/\/bodhivita.cat\/wp-content\/uploads\/2025\/04\/WhatsApp-Image-2025-04-07-at-08.52.26.jpeg","datePublished":"2026-02-02T12:21:35+00:00","dateModified":"2026-02-02T12:21:37+00:00","breadcrumb":{"@id":"https:\/\/bodhivita.cat\/es\/ariadna-espasa\/#breadcrumb"},"inLanguage":"es","potentialAction":[{"@type":"ReadAction","target":["https:\/\/bodhivita.cat\/es\/ariadna-espasa\/"]}]},{"@type":"ImageObject","inLanguage":"es","@id":"https:\/\/bodhivita.cat\/es\/ariadna-espasa\/#primaryimage","url":"https:\/\/bodhivita.cat\/wp-content\/uploads\/2025\/04\/WhatsApp-Image-2025-04-07-at-08.52.26.jpeg","contentUrl":"https:\/\/bodhivita.cat\/wp-content\/uploads\/2025\/04\/WhatsApp-Image-2025-04-07-at-08.52.26.jpeg"},{"@type":"BreadcrumbList","@id":"https:\/\/bodhivita.cat\/es\/ariadna-espasa\/#breadcrumb","itemListElement":[{"@type":"ListItem","position":1,"name":"Portada","item":"https:\/\/bodhivita.cat\/es\/inici\/"},{"@type":"ListItem","position":2,"name":"Ariadna Espasa"}]},{"@type":"WebSite","@id":"https:\/\/bodhivita.cat\/#website","url":"https:\/\/bodhivita.cat\/","name":"BODHIVITA","description":"Tractaments de fisioter\u00e0pia, osteopatia, acupuntura i nutrici\u00f3 a Sant Andreu (Barcelona). Salut integrativa amb professionals especialitzats.","publisher":{"@id":"https:\/\/bodhivita.cat\/#organization"},"potentialAction":[{"@type":"SearchAction","target":{"@type":"EntryPoint","urlTemplate":"https:\/\/bodhivita.cat\/?s={search_term_string}"},"query-input":{"@type":"PropertyValueSpecification","valueRequired":true,"valueName":"search_term_string"}}],"inLanguage":"es"},{"@type":"Organization","@id":"https:\/\/bodhivita.cat\/#organization","name":"Fisioter\u00e0pia, osteopatia i ter\u00e0pies naturals a Sant Andreu, Barcelona | BodhiVita","url":"https:\/\/bodhivita.cat\/","logo":{"@type":"ImageObject","inLanguage":"es","@id":"https:\/\/bodhivita.cat\/#\/schema\/logo\/image\/","url":"https:\/\/bodhivita.cat\/wp-content\/uploads\/2019\/06\/cropped-bodhivita-web-1.png","contentUrl":"https:\/\/bodhivita.cat\/wp-content\/uploads\/2019\/06\/cropped-bodhivita-web-1.png","width":512,"height":512,"caption":"Fisioter\u00e0pia, osteopatia i ter\u00e0pies naturals a Sant Andreu, Barcelona | BodhiVita"},"image":{"@id":"https:\/\/bodhivita.cat\/#\/schema\/logo\/image\/"},"sameAs":["https:\/\/www.facebook.com\/bodhivita\/","https:\/\/www.instagram.com\/bodhivita"]}]}},"_links":{"self":[{"href":"https:\/\/bodhivita.cat\/es\/wp-json\/wp\/v2\/pages\/3794","targetHints":{"allow":["GET"]}}],"collection":[{"href":"https:\/\/bodhivita.cat\/es\/wp-json\/wp\/v2\/pages"}],"about":[{"href":"https:\/\/bodhivita.cat\/es\/wp-json\/wp\/v2\/types\/page"}],"author":[{"embeddable":true,"href":"https:\/\/bodhivita.cat\/es\/wp-json\/wp\/v2\/users\/14"}],"replies":[{"embeddable":true,"href":"https:\/\/bodhivita.cat\/es\/wp-json\/wp\/v2\/comments?post=3794"}],"version-history":[{"count":2,"href":"https:\/\/bodhivita.cat\/es\/wp-json\/wp\/v2\/pages\/3794\/revisions"}],"predecessor-version":[{"id":3796,"href":"https:\/\/bodhivita.cat\/es\/wp-json\/wp\/v2\/pages\/3794\/revisions\/3796"}],"wp:attachment":[{"href":"https:\/\/bodhivita.cat\/es\/wp-json\/wp\/v2\/media?parent=3794"}],"curies":[{"name":"wp","href":"https:\/\/api.w.org\/{rel}","templated":true}]}}